{"id":32906,"date":"2022-07-18T16:27:42","date_gmt":"2022-07-18T13:27:42","guid":{"rendered":"https:\/\/hookahshop.lt\/?post_type=product&#038;p=32906"},"modified":"2026-04-17T16:33:34","modified_gmt":"2026-04-17T13:33:34","slug":"anglys-kaljanui-kumar-26mm-1kg","status":"publish","type":"product","link":"https:\/\/hookahshop.lt\/lv\/produkt\/ogles-udenspipei-kumar-26mm-1kg\/","title":{"rendered":"Ogles \u016bdensp\u012bpei KUMAR 26mm 1kg"},"content":{"rendered":"<h2>Ogles \u016bdensp\u012bpei KUMAR 26mm 1kg<\/h2>\n<p>Premium klases, dab\u012bgas kokosriekstu ogles \u016bdensp\u012bpei. Ogles nodro\u0161ina daudz siltuma, kas \u013caus izbaud\u012bt lielisko gar\u0161u v\u0113l ilg\u0101k. Ogles nesadr\u016bp un atst\u0101j \u013coti maz pelnu. Izgatavots p\u0113c Lietuvas \u016bdensp\u012bpes entuziastu kvalit\u0101tes vajadz\u012bb\u0101m.<\/p>\n<ul>\n<li>Oglek\u013ca izm\u0113rs: 26x26x26mm<\/li>\n<li>Iepakojum\u0101: 64 gab<\/li>\n<li>Iepakojuma svars: 1kg<\/li>\n<li>Import\u0113t\u0101js: Lietuva<\/li>\n<li>Izcelsmes valsts: Indon\u0113zija<\/li>\n<\/ul>\n<p>Lai dedzin\u0101tu ogles, ir nepiecie\u0161ama elektrisk\u0101 pl\u012bts \u016bdensp\u012bpe, t\u016bristu g\u0101zes pl\u012bts vai taml\u012bdz\u012bgi.<\/p>\n<p>Vai jums ir k\u0101di jaut\u0101jumi? Sazinies ar mums <a href=\"https:\/\/hookahshop.lt\/lv\/kontaktiem\/\">kontaktu lapa<\/a> vai rakstiet mums pa e-pastu <a href=\"https:\/\/facebook.com\/HookahShop.lt\/\" target=\"_blank\" rel=\"noopener noreferrer\">Facebook konts<\/a> un m\u0113s atbild\u0113sim uz j\u016bsu piepras\u012bjumu taj\u0101 pa\u0161\u0101 dien\u0101.<\/p>","protected":false},"excerpt":{"rendered":"<p>Kokogles \u016bdensp\u012bpei KUMAR 26mm 1kg Premium klase, dab\u012bga kokosa ogle \u016bdensp\u012bpei. Ogles nodro\u0161ina daudz siltuma, kas \u013caus izbaud\u012bt lielisko gar\u0161u v\u0113l ilg\u0101k. Ogles nesadr\u016bp un atst\u0101j \u013coti maz pelnu. Izgatavots p\u0113c Lietuvas \u016bdensp\u012bpes entuziastu kvalit\u0101tes vajadz\u012bb\u0101m. Og\u013cu izm\u0113rs: 26x26x26mm Iepakojum\u0101: 64 vien\u012bbas Iepakojuma svars: 1kg Import\u0113t\u0101js: Lietuva Izcelsmes valsts: Indon\u0113zija Og\u013cu aizdedzin\u0101\u0161anai nepiecie\u0161ama elektrisk\u0101 pl\u012bts \u016bdensp\u012bpei, [\u2026]<\/p>","protected":false},"featured_media":32907,"comment_status":"open","ping_status":"closed","template":"","meta":[],"_links":{"self":[{"href":"https:\/\/hookahshop.lt\/lv\/wp-json\/wp\/v2\/product\/32906"}],"collection":[{"href":"https:\/\/hookahshop.lt\/lv\/wp-json\/wp\/v2\/product"}],"about":[{"href":"https:\/\/hookahshop.lt\/lv\/wp-json\/wp\/v2\/types\/product"}],"replies":[{"embeddable":true,"href":"https:\/\/hookahshop.lt\/lv\/wp-json\/wp\/v2\/comments?post=32906"}],"version-history":[{"count":8,"href":"https:\/\/hookahshop.lt\/lv\/wp-json\/wp\/v2\/product\/32906\/revisions"}],"predecessor-version":[{"id":44548,"href":"https:\/\/hookahshop.lt\/lv\/wp-json\/wp\/v2\/product\/32906\/revisions\/44548"}],"wp:featuredmedia":[{"embeddable":true,"href":"https:\/\/hookahshop.lt\/lv\/wp-json\/wp\/v2\/media\/32907"}],"wp:attachment":[{"href":"https:\/\/hookahshop.lt\/lv\/wp-json\/wp\/v2\/media?parent=32906"}],"curies":[{"name":"wp","href":"https:\/\/api.w.org\/{rel}","templated":true}]}}