{"id":33154,"date":"2022-08-18T18:13:22","date_gmt":"2022-08-18T15:13:22","guid":{"rendered":"https:\/\/hookahshop.lt\/?post_type=product&#038;p=33154"},"modified":"2026-04-06T23:29:25","modified_gmt":"2026-04-06T20:29:25","slug":"taurele-kaljanui-hekkpipe-black","status":"publish","type":"product","link":"https:\/\/hookahshop.lt\/lv\/produkt\/kauss-udenspipe-hekkpipe-melns\/","title":{"rendered":"\u016adensp\u012bpes kr\u016bze HEKKPIPE Melna"},"content":{"rendered":"<h2>\u016adensp\u012bpes kr\u016bze HEKKPIPE Melna<\/h2>\n<p>HEKKPIPE \u016bdensp\u012bp\u0113m. Ar rok\u0101m darin\u0101ta m\u0101la kr\u016bze ar caurumiem, kas atrodas prom no apak\u0161as, lai melase (\u016bdensp\u012bpes mais\u012bjuma s\u012brups) neiepl\u016bstu \u016bdensp\u012bpes \u0161aht\u0101, kolb\u0101.<\/p>\n<p><strong>Raksturojums:<\/strong><br \/>\nKr\u0101sa melna<br \/>\nAugstums: 6 cm<\/p>\n<p>Vai jums ir k\u0101di jaut\u0101jumi? Sazinies ar mums\u00a0<a href=\"https:\/\/hookahshop.lt\/lv\/kontaktiem\/\">kontaktu lapa<\/a>\u00a0vai rakstiet mums pa e-pastu\u00a0<a href=\"https:\/\/facebook.com\/HookahShop.lt\/\" target=\"_blank\" rel=\"noopener\">Facebook konts<\/a>\u00a0un m\u0113s atbild\u0113sim uz j\u016bsu piepras\u012bjumu taj\u0101 pa\u0161\u0101 dien\u0101.<\/p>","protected":false},"excerpt":{"rendered":"<p>\u016adensp\u012bpes kr\u016bz\u012bte HEKKPIPE, melna. Paredz\u0113ta \u016bdensp\u012bp\u0113m HEKKPIPE. Roku darbs m\u0101la kr\u016bz\u012bte, kuras caurumi atrodas t\u0101l\u0101k no apak\u0161as, lai melase (\u016bdensp\u012bpes s\u012brupa mais\u012bjums) nenotektu \u016bdensp\u012bpes k\u0101t\u0101, kolba. Raksturojums: Kr\u0101sa: melna Augstums: 6 cm Vai jums ir k\u0101di jaut\u0101jumi? Sazinieties ar mums kontaktu lap\u0101 vai rakstiet mums Facebook, un m\u0113s atbild\u0113sim uz j\u016bsu piepras\u012bjumu taj\u0101 pa\u0161\u0101 dien\u0101.<\/p>","protected":false},"featured_media":33155,"comment_status":"open","ping_status":"closed","template":"","meta":[],"_links":{"self":[{"href":"https:\/\/hookahshop.lt\/lv\/wp-json\/wp\/v2\/product\/33154"}],"collection":[{"href":"https:\/\/hookahshop.lt\/lv\/wp-json\/wp\/v2\/product"}],"about":[{"href":"https:\/\/hookahshop.lt\/lv\/wp-json\/wp\/v2\/types\/product"}],"replies":[{"embeddable":true,"href":"https:\/\/hookahshop.lt\/lv\/wp-json\/wp\/v2\/comments?post=33154"}],"version-history":[{"count":3,"href":"https:\/\/hookahshop.lt\/lv\/wp-json\/wp\/v2\/product\/33154\/revisions"}],"predecessor-version":[{"id":33168,"href":"https:\/\/hookahshop.lt\/lv\/wp-json\/wp\/v2\/product\/33154\/revisions\/33168"}],"wp:featuredmedia":[{"embeddable":true,"href":"https:\/\/hookahshop.lt\/lv\/wp-json\/wp\/v2\/media\/33155"}],"wp:attachment":[{"href":"https:\/\/hookahshop.lt\/lv\/wp-json\/wp\/v2\/media?parent=33154"}],"curies":[{"name":"wp","href":"https:\/\/api.w.org\/{rel}","templated":true}]}}