{"id":33158,"date":"2022-08-18T20:16:15","date_gmt":"2022-08-18T17:16:15","guid":{"rendered":"https:\/\/hookahshop.lt\/?post_type=product&#038;p=33158"},"modified":"2026-04-15T12:29:30","modified_gmt":"2026-04-15T09:29:30","slug":"kaljanas-ykap-ego-black-e3","status":"publish","type":"product","link":"https:\/\/hookahshop.lt\/lv\/produkt\/udenspipe-ykap-ego-black-e3\/","title":{"rendered":"\u016adensp\u012bpe YKAP Ego Black E3"},"content":{"rendered":"<h2>\u016adensp\u012bpe YKAP Ego Black E3<\/h2>\n<p>Paz\u012bstama ra\u017eot\u0101ja no Krievijas \u2013 YKAP jaun\u0101 \u016bdensp\u012bpe &quot;YKAP Ego Black E3&quot;. \u0160\u012b ir kvalitat\u012bva \u016bdensp\u012bpe, kas garant\u0113s pat\u012bkamu seansu. \u016adensp\u012bpe ir izgatavota, izmantojot augst\u0101k\u0101s kvalit\u0101tes materi\u0101lus, kas nodro\u0161in\u0101s \u016bdensp\u012bpes ilgu kalpo\u0161anas laiku. \u016adensp\u012bpes iegrime ir regul\u0113jama, pateicoties eso\u0161ajam difuzoram.<\/p>\n<p><strong>Apr\u012bkojums:<\/strong><br \/>\n\u016adensp\u012bpe (mana)<br \/>\nNer\u016bs\u0113jo\u0161ais t\u0113rauds ar policit\u0101lu deta\u013cu.<br \/>\n\u0160\u013c\u016btenes savienojums (O veida gredzens)<br \/>\nMutes uzgalis: ner\u016bs\u0113jo\u0161ais t\u0113rauds (regul\u0113jams izm\u0113rs)<br \/>\nDifuzors: regul\u0113jams<\/p>\n<p><img decoding=\"async\" loading=\"lazy\" class=\"alignnone size-medium wp-image-38521\" src=\"https:\/\/hookahshop.lt\/wp-content\/uploads\/2020\/09\/stiebas-zarna-kandiklis-1-300x273.jpg\" alt=\"- hookahshop.lt\" width=\"300\" height=\"273\" srcset=\"https:\/\/hookahshop.lt\/wp-content\/uploads\/2020\/09\/stiebas-zarna-kandiklis-1-300x273.jpg 300w, https:\/\/hookahshop.lt\/wp-content\/uploads\/2020\/09\/stiebas-zarna-kandiklis-1-13x12.jpg 13w, https:\/\/hookahshop.lt\/wp-content\/uploads\/2020\/09\/stiebas-zarna-kandiklis-1-64x58.jpg 64w, https:\/\/hookahshop.lt\/wp-content\/uploads\/2020\/09\/stiebas-zarna-kandiklis-1.jpg 420w\" sizes=\"(max-width: 300px) 100vw, 300px\" title=\"\"><\/p>\n<p><strong>Specifik\u0101cija:<\/strong><br \/>\nAugstums: 54 cm<br \/>\nIzcelsmes valsts: Krievija<\/p>\n<p>Vai jums ir k\u0101di jaut\u0101jumi? Sazinies ar mums <a href=\"https:\/\/hookahshop.lt\/lv\/kontaktiem\/\">kontaktu lapa<\/a>\u00a0vai rakstiet mums pa e-pastu\u00a0<a href=\"https:\/\/facebook.com\/HookahShop.lt\/\" target=\"_blank\" rel=\"noopener noreferrer\">Facebook konts<\/a>\u00a0un m\u0113s atbild\u0113sim uz j\u016bsu piepras\u012bjumu taj\u0101 pa\u0161\u0101 dien\u0101.<\/p>","protected":false},"excerpt":{"rendered":"<p>\u016adensp\u012bpe YKAP Ego Black E3 Jaun\u0101 \u016bdensp\u012bpe &quot;YKAP Ego Black E3&quot; no paz\u012bstam\u0101 Krievijas ra\u017eot\u0101ja - YKAP. \u0160\u012b ir augstas kvalit\u0101tes \u016bdensp\u012bpe, kas garant\u0113s pat\u012bkamu p\u012bp\u0113\u0161anas sesiju. \u016adensp\u012bpe ir izgatavota, izmantojot augst\u0101k\u0101s kvalit\u0101tes materi\u0101lus, kas nodro\u0161in\u0101s ilgu kalpo\u0161anas laiku. \u016adensp\u012bpes velkme ir regul\u0113jama, pateicoties eso\u0161ajam difuzoram. Pilns komplekts: \u016adensp\u012bpe (v\u0101rpsta) Ner\u016bs\u0113jo\u0161ais t\u0113rauds ar polisitola deta\u013c\u0101m. \u0160\u013c\u016btenes savienot\u0101js (O veida gredzens) Iemutnis: [\u2026]<\/p>","protected":false},"featured_media":33159,"comment_status":"open","ping_status":"closed","template":"","meta":[],"_links":{"self":[{"href":"https:\/\/hookahshop.lt\/lv\/wp-json\/wp\/v2\/product\/33158"}],"collection":[{"href":"https:\/\/hookahshop.lt\/lv\/wp-json\/wp\/v2\/product"}],"about":[{"href":"https:\/\/hookahshop.lt\/lv\/wp-json\/wp\/v2\/types\/product"}],"replies":[{"embeddable":true,"href":"https:\/\/hookahshop.lt\/lv\/wp-json\/wp\/v2\/comments?post=33158"}],"version-history":[{"count":5,"href":"https:\/\/hookahshop.lt\/lv\/wp-json\/wp\/v2\/product\/33158\/revisions"}],"predecessor-version":[{"id":33162,"href":"https:\/\/hookahshop.lt\/lv\/wp-json\/wp\/v2\/product\/33158\/revisions\/33162"}],"wp:featuredmedia":[{"embeddable":true,"href":"https:\/\/hookahshop.lt\/lv\/wp-json\/wp\/v2\/media\/33159"}],"wp:attachment":[{"href":"https:\/\/hookahshop.lt\/lv\/wp-json\/wp\/v2\/media?parent=33158"}],"curies":[{"name":"wp","href":"https:\/\/api.w.org\/{rel}","templated":true}]}}