{"id":33176,"date":"2022-08-19T11:01:25","date_gmt":"2022-08-19T08:01:25","guid":{"rendered":"https:\/\/hookahshop.lt\/?post_type=product&#038;p=33176"},"modified":"2025-11-06T21:01:15","modified_gmt":"2025-11-06T19:01:15","slug":"yla-kaljano-tabakui-maklaud-baby-blady","status":"publish","type":"product","link":"https:\/\/hookahshop.lt\/lv\/produkt\/yla-hookah-tobacco-maklaud-baby-blady\/","title":{"rendered":"Yla \u016bdensp\u012bpes tabakai MAKLAUD Baby Blady"},"content":{"rendered":"<h2>Yla \u016bdensp\u012bpes tabakai MAKLAUD Baby Blady<\/h2>\n<p>Yla ir nepiecie\u0161ams aksesu\u0101rs \u0113rtam darbam ar stikla un \u016bdensp\u012bpes mais\u012bjumu. Tas \u0113rti iegu\u013c rok\u0101. Elegants aksesu\u0101rs MAKLAUD faniem. Izgatavots no misi\u0146a un dekor\u0113ts ar fian\u012bta akmeni.<\/p>\n<p><strong>Specifik\u0101cijas:<\/strong><br \/>\nGarums: 82mm<br \/>\nRoktura garums: 20mm<br \/>\nSvars: apm\u0113ram 5 g.<\/p>\n<p>Vai jums ir k\u0101di jaut\u0101jumi? Sazinies ar mums\u00a0<a href=\"https:\/\/hookahshop.lt\/lv\/kontaktiem\/\">kontaktu lapa<\/a>\u00a0vai rakstiet mums pa e-pastu\u00a0<a href=\"https:\/\/facebook.com\/HookahShop.lt\/\" target=\"_blank\" rel=\"noopener noreferrer\">Facebook konts<\/a>\u00a0un m\u0113s atbild\u0113sim uz j\u016bsu piepras\u012bjumu taj\u0101 pa\u0161\u0101 dien\u0101.<\/p>\n<p>&nbsp;<\/p>","protected":false},"excerpt":{"rendered":"<p>Yla \u016bdensp\u012bpes tabakai MAKLAUD Baby Blady Yla ir nepiecie\u0161ams aksesu\u0101rs \u0113rtam darbam ar kr\u016bzi un \u016bdensp\u012bpes mais\u012bjumu. Tas \u0113rti iegu\u013c rok\u0101. Elegants aksesu\u0101rs MAKLAUD faniem. Izgatavots no misi\u0146a un dekor\u0113ts ar fian\u012bta akmeni. Specifik\u0101cijas: Garums: 82mm Roktura garums: 20mm Svars: apm\u0113ram 5g. Vai jums ir k\u0101di jaut\u0101jumi? Sazinieties ar mums kontaktu lap\u0101 vai rakstiet mums uz m\u016bsu Facebook kontu un m\u0113s atbild\u0113sim uz j\u016bsu [\u2026]<\/p>","protected":false},"featured_media":33177,"comment_status":"open","ping_status":"closed","template":"","meta":[],"_links":{"self":[{"href":"https:\/\/hookahshop.lt\/lv\/wp-json\/wp\/v2\/product\/33176"}],"collection":[{"href":"https:\/\/hookahshop.lt\/lv\/wp-json\/wp\/v2\/product"}],"about":[{"href":"https:\/\/hookahshop.lt\/lv\/wp-json\/wp\/v2\/types\/product"}],"replies":[{"embeddable":true,"href":"https:\/\/hookahshop.lt\/lv\/wp-json\/wp\/v2\/comments?post=33176"}],"version-history":[{"count":2,"href":"https:\/\/hookahshop.lt\/lv\/wp-json\/wp\/v2\/product\/33176\/revisions"}],"predecessor-version":[{"id":37891,"href":"https:\/\/hookahshop.lt\/lv\/wp-json\/wp\/v2\/product\/33176\/revisions\/37891"}],"wp:featuredmedia":[{"embeddable":true,"href":"https:\/\/hookahshop.lt\/lv\/wp-json\/wp\/v2\/media\/33177"}],"wp:attachment":[{"href":"https:\/\/hookahshop.lt\/lv\/wp-json\/wp\/v2\/media?parent=33176"}],"curies":[{"name":"wp","href":"https:\/\/api.w.org\/{rel}","templated":true}]}}