{"id":33195,"date":"2022-08-20T13:53:20","date_gmt":"2022-08-20T10:53:20","guid":{"rendered":"https:\/\/hookahshop.lt\/?post_type=product&#038;p=33195"},"modified":"2026-04-20T23:29:28","modified_gmt":"2026-04-20T20:29:28","slug":"apsauginis-sietelis-kaljanui-yellow","status":"publish","type":"product","link":"https:\/\/hookahshop.lt\/lv\/produkt\/aizsargsiets-for-udenspipe-dzeltens\/","title":{"rendered":"Aizsarg\u0101jo\u0161s sieti\u0146\u0161 \u016bdensp\u012bpei Dzeltens"},"content":{"rendered":"<h2>Aizsarg\u0101jo\u0161s sieti\u0146\u0161 \u016bdensp\u012bpei Dzeltens<\/h2>\n<p>Aizsarg\u0101 gr\u012bdas, pakl\u0101jus, m\u0113beles utt. no karst\u0101m ogl\u0113m nededzinot savu \u012bpa\u0161umu sm\u0113\u0137\u0113jot m\u0101j\u0101s, uz terases.<\/p>\n<p><strong>Raksturojums:<\/strong><\/p>\n<p>Materi\u0101ls: met\u0101ls<br \/>\nAugstums: 200 mm.<br \/>\nDiametrs: 95 mm.<br \/>\nSvars: apm\u0113ram 100 gr.<\/p>\n<p>Vai jums ir k\u0101di jaut\u0101jumi? Sazinies ar mums\u00a0<a href=\"https:\/\/hookahshop.lt\/lv\/kontaktiem\/\">kontaktu lapa<\/a>\u00a0vai rakstiet mums pa e-pastu\u00a0<a href=\"https:\/\/facebook.com\/HookahShop.lt\/\" target=\"_blank\" rel=\"noopener noreferrer\">Facebook konts<\/a>\u00a0un m\u0113s atbild\u0113sim uz j\u016bsu piepras\u012bjumu taj\u0101 pa\u0161\u0101 dien\u0101.<\/p>","protected":false},"excerpt":{"rendered":"<p>Aizsarg\u0101jo\u0161s sieti\u0146\u0161 \u016bdensp\u012bpei Dzeltens Aizsarg\u0101 gr\u012bdas, pakl\u0101jus, m\u0113beles utt. no karst\u0101m ogl\u0113m, sm\u0113\u0137\u0113jot m\u0101j\u0101s, teras\u0113, nededzina savu \u012bpa\u0161umu. Raksturojums: Materi\u0101ls: met\u0101ls Augstums: 200 mm. Diametrs: 95 mm. Svars: apm\u0113ram 100 gr. Vai jums ir k\u0101di jaut\u0101jumi? Sazinieties ar mums kontaktu lap\u0101 vai rakstiet mums uz m\u016bsu Facebook kontu un m\u0113s atbild\u0113sim uz j\u016bsu piepras\u012bjumu taj\u0101 pa\u0161\u0101 dien\u0101.<\/p>","protected":false},"featured_media":33187,"comment_status":"open","ping_status":"closed","template":"","meta":[],"_links":{"self":[{"href":"https:\/\/hookahshop.lt\/lv\/wp-json\/wp\/v2\/product\/33195"}],"collection":[{"href":"https:\/\/hookahshop.lt\/lv\/wp-json\/wp\/v2\/product"}],"about":[{"href":"https:\/\/hookahshop.lt\/lv\/wp-json\/wp\/v2\/types\/product"}],"replies":[{"embeddable":true,"href":"https:\/\/hookahshop.lt\/lv\/wp-json\/wp\/v2\/comments?post=33195"}],"version-history":[{"count":5,"href":"https:\/\/hookahshop.lt\/lv\/wp-json\/wp\/v2\/product\/33195\/revisions"}],"predecessor-version":[{"id":45161,"href":"https:\/\/hookahshop.lt\/lv\/wp-json\/wp\/v2\/product\/33195\/revisions\/45161"}],"wp:featuredmedia":[{"embeddable":true,"href":"https:\/\/hookahshop.lt\/lv\/wp-json\/wp\/v2\/media\/33187"}],"wp:attachment":[{"href":"https:\/\/hookahshop.lt\/lv\/wp-json\/wp\/v2\/media?parent=33195"}],"curies":[{"name":"wp","href":"https:\/\/api.w.org\/{rel}","templated":true}]}}