{"id":33416,"date":"2022-09-15T13:20:58","date_gmt":"2022-09-15T10:20:58","guid":{"rendered":"https:\/\/hookahshop.lt\/?post_type=product&#038;p=33416"},"modified":"2026-05-14T23:29:44","modified_gmt":"2026-05-14T20:29:44","slug":"taurele-kaljanui-oblako-mono-killer-black","status":"publish","type":"product","link":"https:\/\/hookahshop.lt\/lv\/produkt\/kauss-udenspipe-makonis-mono-killer-melns\/","title":{"rendered":"Kr\u016bz\u012bte \u016bdensp\u012bpei OBLAKO Mono Killer Black"},"content":{"rendered":"<h2>Kr\u016bz\u012bte \u016bdensp\u012bpei OBLAKO Mono Killer Black<\/h2>\n<p>\u0160is ir atjaunin\u0101ts produkts no Oblako. Monol\u012bta glaz\u0113ta kauss ar lietus efektu.<br \/>\nPateicoties kr\u016bzes mazajam dzi\u013cumam un platumam, \u016bdensp\u012bpes mais\u012bjums vienm\u0113r\u012bgi uzsilst pa visu laukumu, kas nodro\u0161ina maksim\u0101lu nikot\u012bna p\u0101rnesi un nodro\u0161ina maksim\u0101lu sp\u0113ku sm\u0113\u0137\u0113jot. Kr\u016bze ir izgatavota no zemas temperat\u016bras kr\u0101saina porcel\u0101na, darba zona p\u0101rkl\u0101ta ar baltu glaz\u016bru.<br \/>\nTabakas tase satur 18-21 g.<\/p>\n<p>Specifik\u0101cijas:<br \/>\nAugstums: 111 mm<br \/>\nDiametrs (\u0101r\u0113jais): 74 mm<br \/>\nDiametrs (iek\u0161\u0113jais): 61mm<br \/>\nDzi\u013cums: 13mm<br \/>\nCauruma diametrs: 7 mm<br \/>\nUrbumu skaits: 5 gab<br \/>\nSvars: apm\u0113ram 197 g.<\/p>\n<p>Vai jums ir k\u0101di jaut\u0101jumi? Sazinies ar mums\u00a0<a href=\"https:\/\/hookahshop.lt\/lv\/kontaktiem\/\">kontaktu lapa<\/a>\u00a0vai rakstiet mums pa e-pastu\u00a0<a href=\"https:\/\/facebook.com\/HookahShop.lt\/\" target=\"_blank\" rel=\"noopener noreferrer\">Facebook konts<\/a>\u00a0un m\u0113s atbild\u0113sim uz j\u016bsu piepras\u012bjumu taj\u0101 pa\u0161\u0101 dien\u0101.<\/p>","protected":false},"excerpt":{"rendered":"<p>\u016adensp\u012bpes kr\u016bze OBLAKO Mono Killer Black \u0160is ir atjaunin\u0101ts uz\u0146\u0113muma Oblako produkts. Monol\u012bta kr\u0101saina glaz\u0113ta kr\u016bze ar lietus efektu. Pateicoties mazajam kr\u016bzes dzi\u013cumam un platumam, \u016bdensp\u012bpes mais\u012bjums vienm\u0113r\u012bgi uzsilst pa visu laukumu, kas nodro\u0161ina maksim\u0101lu nikot\u012bna pieg\u0101di un pie\u0161\u0137ir maksim\u0101lu sp\u0113ku sm\u0113\u0137\u0113jot. Kr\u016bze ir izgatavota no zemas temperat\u016bras kr\u0101saina porcel\u0101na, darba zona p\u0101rkl\u0101ta ar baltu glaz\u016bru. Kauss [\u2026]<\/p>","protected":false},"featured_media":33420,"comment_status":"open","ping_status":"closed","template":"","meta":[],"_links":{"self":[{"href":"https:\/\/hookahshop.lt\/lv\/wp-json\/wp\/v2\/product\/33416"}],"collection":[{"href":"https:\/\/hookahshop.lt\/lv\/wp-json\/wp\/v2\/product"}],"about":[{"href":"https:\/\/hookahshop.lt\/lv\/wp-json\/wp\/v2\/types\/product"}],"replies":[{"embeddable":true,"href":"https:\/\/hookahshop.lt\/lv\/wp-json\/wp\/v2\/comments?post=33416"}],"version-history":[{"count":4,"href":"https:\/\/hookahshop.lt\/lv\/wp-json\/wp\/v2\/product\/33416\/revisions"}],"predecessor-version":[{"id":33437,"href":"https:\/\/hookahshop.lt\/lv\/wp-json\/wp\/v2\/product\/33416\/revisions\/33437"}],"wp:featuredmedia":[{"embeddable":true,"href":"https:\/\/hookahshop.lt\/lv\/wp-json\/wp\/v2\/media\/33420"}],"wp:attachment":[{"href":"https:\/\/hookahshop.lt\/lv\/wp-json\/wp\/v2\/media?parent=33416"}],"curies":[{"name":"wp","href":"https:\/\/api.w.org\/{rel}","templated":true}]}}