{"id":33428,"date":"2022-09-15T15:05:28","date_gmt":"2022-09-15T12:05:28","guid":{"rendered":"https:\/\/hookahshop.lt\/?post_type=product&#038;p=33428"},"modified":"2026-04-15T12:29:30","modified_gmt":"2026-04-15T09:29:30","slug":"kaljanas-alpha-hookah-beat-splash-doc","status":"publish","type":"product","link":"https:\/\/hookahshop.lt\/lv\/produkt\/udenspipe-alfa-udenspipe-beat-splash-doc\/","title":{"rendered":"\u016adensp\u012bpe ALPHA HOOKAH Beat Splash Doc"},"content":{"rendered":"<h2>\u016adensp\u012bpe ALPHA HOOKAH Beat Splash Doc<\/h2>\n<p>\u012apa\u0161a s\u0113rija BEAT modelim. Ar \u0161o modeli ra\u017eot\u0101js ienes pasaul\u0113 kr\u0101sas un emocijas. Esiet gai\u0161s ar BEAT SPLASH!<\/p>\n<p><strong>Apr\u012bkojums:<\/strong><br \/>\nV\u0101rpsta<br \/>\nMutes iemutnis<br \/>\nPl\u0101ksne (grav\u0113ta)<br \/>\nSilikona \u0161\u013c\u016btene (m\u012bksts piesk\u0101riens)<br \/>\nIzklied\u0113t\u0101js<br \/>\nMagn\u0113tiskais savienojums<br \/>\nKolba (caursp\u012bd\u012bga)<\/p>\n<p><strong>Izmantotie materi\u0101li:<\/strong><br \/>\nAugstas kvalit\u0101tes ner\u016bs\u0113jo\u0161ais t\u0113rauds, poliacet\u0101ls.<\/p>\n<p><strong>Izm\u0113ri:<\/strong><br \/>\nIek\u0161\u0113jais v\u0101rpstas diametrs: 11 mm.<br \/>\nPl\u0101ksnes diametrs: 17 cm.<br \/>\n\u016adensp\u012bpes augstums ar kolbu: 35 cm.<\/p>\n<p>&nbsp;<\/p>\n<p>Vai jums ir k\u0101di jaut\u0101jumi? Sazinies ar mums\u00a0<a href=\"https:\/\/hookahshop.lt\/lv\/kontaktiem\/\">kontaktu lapa<\/a>\u00a0vai rakstiet mums pa e-pastu\u00a0<a href=\"https:\/\/facebook.com\/HookahShop.lt\/\" target=\"_blank\" rel=\"noopener noreferrer\">Facebook konts<\/a>\u00a0un m\u0113s atbild\u0113sim uz j\u016bsu piepras\u012bjumu taj\u0101 pa\u0161\u0101 dien\u0101.<\/p>","protected":false},"excerpt":{"rendered":"<p>\u016adensp\u012bpe ALPHA HOOKAH Beat Splash Doc \u012apa\u0161\u0101 s\u0113rija modelim BEAT. Ar \u0161o modeli ra\u017eot\u0101js ienes pasaul\u0113 kr\u0101sas un emocijas. Esiet gai\u0161s ar BEAT SPLASH! Pilns komplekts: V\u0101rpstas uzga\u013ca pl\u0101ksne (grav\u0113ta) Silikona \u0161\u013c\u016btene (Soft Touch) Difuzors Magn\u0113tiskais savienojums Kolba (caursp\u012bd\u012bga) Izmantotie materi\u0101li: Augstas kvalit\u0101tes ner\u016bs\u0113jo\u0161ais t\u0113rauds, poliacet\u0101ls. Izm\u0113ri: Iek\u0161\u0113jais v\u0101rpstas diametrs: 11 mm. Pl\u0101ksnes diametrs: 17 cm. \u016adensp\u012bpes augstums [\u2026]<\/p>","protected":false},"featured_media":33429,"comment_status":"open","ping_status":"closed","template":"","meta":[],"_links":{"self":[{"href":"https:\/\/hookahshop.lt\/lv\/wp-json\/wp\/v2\/product\/33428"}],"collection":[{"href":"https:\/\/hookahshop.lt\/lv\/wp-json\/wp\/v2\/product"}],"about":[{"href":"https:\/\/hookahshop.lt\/lv\/wp-json\/wp\/v2\/types\/product"}],"replies":[{"embeddable":true,"href":"https:\/\/hookahshop.lt\/lv\/wp-json\/wp\/v2\/comments?post=33428"}],"version-history":[{"count":4,"href":"https:\/\/hookahshop.lt\/lv\/wp-json\/wp\/v2\/product\/33428\/revisions"}],"predecessor-version":[{"id":37003,"href":"https:\/\/hookahshop.lt\/lv\/wp-json\/wp\/v2\/product\/33428\/revisions\/37003"}],"wp:featuredmedia":[{"embeddable":true,"href":"https:\/\/hookahshop.lt\/lv\/wp-json\/wp\/v2\/media\/33429"}],"wp:attachment":[{"href":"https:\/\/hookahshop.lt\/lv\/wp-json\/wp\/v2\/media?parent=33428"}],"curies":[{"name":"wp","href":"https:\/\/api.w.org\/{rel}","templated":true}]}}