{"id":33443,"date":"2022-09-17T15:40:44","date_gmt":"2022-09-17T12:40:44","guid":{"rendered":"https:\/\/hookahshop.lt\/?post_type=product&#038;p=33443"},"modified":"2026-04-19T23:29:52","modified_gmt":"2026-04-19T20:29:52","slug":"taurele-kaljanui-japona-hookah-mummy-orange","status":"publish","type":"product","link":"https:\/\/hookahshop.lt\/lv\/produkt\/kauss-for-udenspipe-japanu-udenspipe-mumija-apelsins\/","title":{"rendered":"\u016adensp\u012bpes kauss JAPONA HOOKAH Mummy Orange"},"content":{"rendered":"<h2>\u016adensp\u012bpes kauss JAPONA HOOKAH Mummy Orange<\/h2>\n<p>Tas ir vienk\u0101r\u0161i keramikas \u0161edevrs. Virkne uz kausa k\u0101ta ir k\u0101 samuraju katanas rokturis, uzsverot nep\u0101rsp\u0113jamo z\u012bmola stilu.<br \/>\nKr\u016bze ir izgatavota no sarkanajiem m\u0101liem, un amatnieki to ir darin\u0101ju\u0161i uz katla rata.<br \/>\nJap\u0101nas \u016bdensp\u012bpes m\u016bmijai ir maksim\u0101la gar\u0161as p\u0101rne\u0161ana, viegli iegrime un t\u012bra kolba. Kr\u016bz\u012btei ir mala, lai dro\u0161i piestiprin\u0101tu siltuma kameru. Tabakas tilpums 15 g<br \/>\nPat\u012bkami, ka \u0161\u012b kr\u016bz\u012bte ir j\u016bsu kolekcij\u0101!<\/p>\n<p><strong>Specifik\u0101cijas:<\/strong><br \/>\nAugstums: 104 mm<br \/>\nDiametrs (\u0101r\u0113jais): 84 mm<br \/>\nDiametrs (iek\u0161\u0113jais): 77 mm<br \/>\nDzi\u013cums: 15mm<br \/>\nUrbuma diametrs: 15mm<br \/>\nCaurumu skaits: 1 gab.<br \/>\nSvars: apm\u0113ram 175 g.<\/p>\n<p>Vai jums ir k\u0101di jaut\u0101jumi? Sazinies ar mums\u00a0<a href=\"https:\/\/hookahshop.lt\/lv\/kontaktiem\/\">kontaktu lapa<\/a>\u00a0vai rakstiet mums pa e-pastu\u00a0<a href=\"https:\/\/facebook.com\/HookahShop.lt\/\" target=\"_blank\" rel=\"noopener noreferrer\">Facebook konts<\/a>\u00a0un m\u0113s atbild\u0113sim uz j\u016bsu piepras\u012bjumu taj\u0101 pa\u0161\u0101 dien\u0101.<\/p>","protected":false},"excerpt":{"rendered":"<p>\u016adensp\u012bpes kr\u016bze JAPAN HOOKAH Mummy Orange Tas ir vienk\u0101r\u0161i keramikas \u0161edevrs. Aukla uz kr\u016bzes k\u0101ta ir k\u0101 samuraju katana rokturis, uzsverot z\u012bmola nep\u0101rsp\u0113jamo stilu. Kr\u016bze ir izgatavota no sarkan\u0101 m\u0101la, un t\u0101 ir izgatavota ar meistaru rok\u0101m uz podnieka ripas. Japona Hookah Mummy pied\u0101v\u0101 maksim\u0101lu gar\u0161as padevi, vieglu piedevu un t\u012bru kolbu. Kr\u016bzei ir mali\u0146a, lai nostiprin\u0101tu [\u2026]<\/p>","protected":false},"featured_media":33447,"comment_status":"open","ping_status":"closed","template":"","meta":[],"_links":{"self":[{"href":"https:\/\/hookahshop.lt\/lv\/wp-json\/wp\/v2\/product\/33443"}],"collection":[{"href":"https:\/\/hookahshop.lt\/lv\/wp-json\/wp\/v2\/product"}],"about":[{"href":"https:\/\/hookahshop.lt\/lv\/wp-json\/wp\/v2\/types\/product"}],"replies":[{"embeddable":true,"href":"https:\/\/hookahshop.lt\/lv\/wp-json\/wp\/v2\/comments?post=33443"}],"version-history":[{"count":3,"href":"https:\/\/hookahshop.lt\/lv\/wp-json\/wp\/v2\/product\/33443\/revisions"}],"predecessor-version":[{"id":33476,"href":"https:\/\/hookahshop.lt\/lv\/wp-json\/wp\/v2\/product\/33443\/revisions\/33476"}],"wp:featuredmedia":[{"embeddable":true,"href":"https:\/\/hookahshop.lt\/lv\/wp-json\/wp\/v2\/media\/33447"}],"wp:attachment":[{"href":"https:\/\/hookahshop.lt\/lv\/wp-json\/wp\/v2\/media?parent=33443"}],"curies":[{"name":"wp","href":"https:\/\/api.w.org\/{rel}","templated":true}]}}