{"id":33464,"date":"2022-09-19T15:30:12","date_gmt":"2022-09-19T12:30:12","guid":{"rendered":"https:\/\/hookahshop.lt\/?post_type=product&#038;p=33464"},"modified":"2026-04-18T23:29:18","modified_gmt":"2026-04-18T20:29:18","slug":"kaljanas-el-bomber-mid-night","status":"publish","type":"product","link":"https:\/\/hookahshop.lt\/lv\/produkt\/udenspipe-el-bumbvedejs-pusnakts\/","title":{"rendered":"\u016adensp\u012bpe EL BOMBER Mid Night"},"content":{"rendered":"<h2 align=\"left\">\u016adensp\u012bpe EL BOMBER Mid Night<\/h2>\n<p align=\"left\">Ekskluz\u012bva, nestandarta formas ner\u016bs\u0113jo\u0161\u0101 t\u0113rauda \u016bdensp\u012bpe sac\u012bk\u0161u un automa\u0161\u012bnu cien\u012bt\u0101jiem.<\/p>\n<p><strong>Apr\u012bkojums:<\/strong><br \/>\n\u016adensp\u012bpe: 40 cm (ass, pl\u0101ksne)<br \/>\nMutes uzgalis (ner\u016bs\u0113jo\u0161ais t\u0113rauds)<br \/>\nSavienot\u0101js (magn\u0113tisks)<br \/>\nBl\u012bves<br \/>\nSilikona \u0161\u013c\u016btene<br \/>\nIzklied\u0113t\u0101js<\/p>\n<p class=\"western\" align=\"left\">Vai jums ir k\u0101di jaut\u0101jumi? Sazinies ar mums\u00a0<a href=\"https:\/\/hookahshop.lt\/lv\/kontaktiem\/\"><span lang=\"zxx\"><u>kontaktu lapa<\/u><\/span><\/a>\u00a0vai rakstiet mums pa e-pastu\u00a0<a href=\"https:\/\/facebook.com\/HookahShop.lt\/\" target=\"_blank\" rel=\"noopener\"><span lang=\"zxx\"><u>Facebook konts<\/u><\/span><\/a>\u00a0un m\u0113s atbild\u0113sim uz j\u016bsu piepras\u012bjumu taj\u0101 pa\u0161\u0101 dien\u0101.<\/p>","protected":false},"excerpt":{"rendered":"<p>\u016adensp\u012bpe EL BOMBER Mid Night Ekskluz\u012bva, nestandarta formas ner\u016bs\u0113jo\u0161\u0101 t\u0113rauda \u016bdensp\u012bpe sac\u012bk\u0161u un automa\u0161\u012bnu cien\u012bt\u0101jiem. Pilns komplekts: \u016adensp\u012bpe: 40cm (v\u0101rpsts, pl\u0101ksne) Uzgalis (ner\u016bs\u0113jo\u0161ais t\u0113rauds) Savienot\u0101js (magn\u0113tisks) Bl\u012bves Silikona \u0161\u013c\u016btene Difuzors Vai jums ir k\u0101di jaut\u0101jumi? Sazinieties ar mums kontaktu lap\u0101 vai rakstiet mums Facebook, un m\u0113s atbild\u0113sim uz j\u016bsu piepras\u012bjumu taj\u0101 pa\u0161\u0101 dien\u0101.<\/p>","protected":false},"featured_media":35166,"comment_status":"open","ping_status":"closed","template":"","meta":[],"_links":{"self":[{"href":"https:\/\/hookahshop.lt\/lv\/wp-json\/wp\/v2\/product\/33464"}],"collection":[{"href":"https:\/\/hookahshop.lt\/lv\/wp-json\/wp\/v2\/product"}],"about":[{"href":"https:\/\/hookahshop.lt\/lv\/wp-json\/wp\/v2\/types\/product"}],"replies":[{"embeddable":true,"href":"https:\/\/hookahshop.lt\/lv\/wp-json\/wp\/v2\/comments?post=33464"}],"version-history":[{"count":5,"href":"https:\/\/hookahshop.lt\/lv\/wp-json\/wp\/v2\/product\/33464\/revisions"}],"predecessor-version":[{"id":33482,"href":"https:\/\/hookahshop.lt\/lv\/wp-json\/wp\/v2\/product\/33464\/revisions\/33482"}],"wp:featuredmedia":[{"embeddable":true,"href":"https:\/\/hookahshop.lt\/lv\/wp-json\/wp\/v2\/media\/35166"}],"wp:attachment":[{"href":"https:\/\/hookahshop.lt\/lv\/wp-json\/wp\/v2\/media?parent=33464"}],"curies":[{"name":"wp","href":"https:\/\/api.w.org\/{rel}","templated":true}]}}