{"id":33492,"date":"2022-09-19T18:15:13","date_gmt":"2022-09-19T15:15:13","guid":{"rendered":"https:\/\/hookahshop.lt\/?post_type=product&#038;p=33492"},"modified":"2026-04-16T10:21:30","modified_gmt":"2026-04-16T07:21:30","slug":"taurele-kaljanui-kong-phunnel-lava-yellow","status":"publish","type":"product","link":"https:\/\/hookahshop.lt\/lv\/produkt\/kauss-udenspipe-kong-piltuve-lava-dzeltens\/","title":{"rendered":"KR\u016aZ\u012aTE \u016aDENSP\u012aPEI KONG Phunnel Lava Yellow"},"content":{"rendered":"<h2>KR\u016aZ\u012aTE \u016aDENSP\u012aPEI KONG Phunnel Lava Yellow<\/h2>\n<p>Spilgtas un neparastas kr\u0101sas punnel tipa kausi\u0146\u0161. \u0160\u012b \u016bdensp\u012bpes kr\u016bze ar unik\u0101lu formu un kr\u0101su kombin\u0101ciju izce\u013cas ar savu kvalit\u0101ti un p\u0101rraid\u012bt\u0101s gar\u0161as \u012bpa\u0161\u012bb\u0101m. \u0160ai m\u0101la kr\u016bzei ir pl\u0101nas sienas, kas \u013cauj viegli kontrol\u0113t siltumu un piln\u012bb\u0101 izbaud\u012bt \u016bdensp\u012bpes prieku. Premium kvalit\u0101tes Kong kr\u016bz\u012btei ir ne tikai unik\u0101ls dizains, bet ar\u012b ilgsto\u0161as \u200b\u200b\u012bpa\u0161\u012bbas. Pl\u0101n\u0101s sienas nenoz\u012bm\u0113, ka no kr\u016bzes dr\u012bz s\u0101ks tec\u0113t s\u012brups, jo Kong uz\u0146\u0113mums nodro\u0161ina, ka vi\u0146u kr\u016bzes kalpos ilgi.<\/p>\n<p>Tilpums: 18-23g.<\/p>\n<p><strong>Raksturojums:<\/strong><br \/>\nAugstums: 113 mm<br \/>\nDiametrs (\u0101r\u0113jais): 79 mm<br \/>\nDiametrs (iek\u0161\u0113jais): 67mm<br \/>\nDzi\u013cums: 16mm<br \/>\nCauruma diametrs: 17 mm<br \/>\nCaurumu skaits: 1<br \/>\nSvars: apm\u0113ram 210 g.<\/p>\n<p>Vai jums ir k\u0101di jaut\u0101jumi? Sazinies ar mums\u00a0<a href=\"https:\/\/hookahshop.lt\/lv\/kontaktiem\/\">kontaktu lapa<\/a>\u00a0vai rakstiet mums pa e-pastu\u00a0<a href=\"https:\/\/facebook.com\/HookahShop.lt\/\" target=\"_blank\" rel=\"noopener noreferrer\">Facebook konts<\/a>\u00a0un m\u0113s atbild\u0113sim uz j\u016bsu piepras\u012bjumu taj\u0101 pa\u0161\u0101 dien\u0101.<\/p>","protected":false},"excerpt":{"rendered":"<p>\u016adensp\u012bpes b\u013codi\u0146a KONG Phunnel Lava Yellow Spilgta un neparastas kr\u0101sas phunnel b\u013codi\u0146a. \u0160\u012b \u016bdensp\u012bpes b\u013codi\u0146a ar unik\u0101lu formu un kr\u0101su kombin\u0101ciju izce\u013cas ar savu kvalit\u0101ti un gar\u0161as \u012bpa\u0161\u012bb\u0101m. \u0160ai m\u0101la b\u013codi\u0146ai ir pl\u0101nas sienas, kas \u013cauj viegli kontrol\u0113t karstumu un piln\u012bb\u0101 izbaud\u012bt \u016bdensp\u012bpes prieku. Augst\u0101k\u0101s kvalit\u0101tes Kong b\u013codi\u0146ai ir ne tikai ekskluz\u012bvs dizains, bet ar\u012b [\u2026]<\/p>","protected":false},"featured_media":33496,"comment_status":"open","ping_status":"closed","template":"","meta":[],"_links":{"self":[{"href":"https:\/\/hookahshop.lt\/lv\/wp-json\/wp\/v2\/product\/33492"}],"collection":[{"href":"https:\/\/hookahshop.lt\/lv\/wp-json\/wp\/v2\/product"}],"about":[{"href":"https:\/\/hookahshop.lt\/lv\/wp-json\/wp\/v2\/types\/product"}],"replies":[{"embeddable":true,"href":"https:\/\/hookahshop.lt\/lv\/wp-json\/wp\/v2\/comments?post=33492"}],"version-history":[{"count":4,"href":"https:\/\/hookahshop.lt\/lv\/wp-json\/wp\/v2\/product\/33492\/revisions"}],"predecessor-version":[{"id":33495,"href":"https:\/\/hookahshop.lt\/lv\/wp-json\/wp\/v2\/product\/33492\/revisions\/33495"}],"wp:featuredmedia":[{"embeddable":true,"href":"https:\/\/hookahshop.lt\/lv\/wp-json\/wp\/v2\/media\/33496"}],"wp:attachment":[{"href":"https:\/\/hookahshop.lt\/lv\/wp-json\/wp\/v2\/media?parent=33492"}],"curies":[{"name":"wp","href":"https:\/\/api.w.org\/{rel}","templated":true}]}}