{"id":33627,"date":"2022-09-30T18:48:58","date_gmt":"2022-09-30T15:48:58","guid":{"rendered":"https:\/\/hookahshop.lt\/?post_type=product&#038;p=33627"},"modified":"2026-04-16T10:21:30","modified_gmt":"2026-04-16T07:21:30","slug":"krepsys-kaljanui-vyro-one-17cm","status":"publish","type":"product","link":"https:\/\/hookahshop.lt\/lv\/produkt\/udenspipe-soma-viriesiem-viena-17cm\/","title":{"rendered":"SOMA AR \u0100\u0136I VYRO ONE 17cm"},"content":{"rendered":"<h2>SOMA AR \u0100\u0136I VYRO ONE 17cm<\/h2>\n<p>Speci\u0101li izstr\u0101d\u0101ts Aeon VYRO One \u016bdensp\u012bpju s\u0113rijai, taj\u0101 ir pietiekami daudz vietas visiem nepiecie\u0161amajiem piederumiem. V\u012aRIE\u0160U ce\u013cojumu som\u0101 ir pietiekami daudz vietas j\u016bsu Aeon One \u016bdensp\u012bpei, \u0161\u013c\u016btenei, iemutnim, kr\u016bzei, siltuma kamerai, kr\u016bz\u012b\u0161u sagatavo\u0161anas instrumentiem un ogl\u0113m.<\/p>\n<p><strong>Specifik\u0101cijas:<\/strong><br \/>\nIzm\u0113ri: 20x22cm<br \/>\nAugstums: 17cm<br \/>\nSvars: 190g<\/p>\n<p>Vai jums ir k\u0101di jaut\u0101jumi? Sazinies ar mums\u00a0<a href=\"https:\/\/hookahshop.lt\/lv\/kontaktiem\/\">kontaktu lapa<\/a>\u00a0vai rakstiet mums pa e-pastu\u00a0<a href=\"https:\/\/facebook.com\/HookahShop.lt\/\" target=\"_blank\" rel=\"noopener noreferrer\">Facebook konts<\/a>\u00a0un m\u0113s atbild\u0113sim uz j\u016bsu piepras\u012bjumu taj\u0101 pa\u0161\u0101 dien\u0101.<\/p>","protected":false},"excerpt":{"rendered":"<p>\u016adensp\u012bpes soma VYRO ONE 17cm Speci\u0101li izstr\u0101d\u0101ta Aeon VYRO One s\u0113rijas \u016bdensp\u012bp\u0113m un taj\u0101 ir pietiekami daudz vietas visiem nepiecie\u0161amajiem piederumiem. V\u012aRIE\u0160U ce\u013cojumu som\u0101 ir pietiekami daudz vietas j\u016bsu Aeon One \u016bdensp\u012bpei, \u0161\u013c\u016btenei, iemutnei, kr\u016bz\u012btei, siltuma kamerai, kr\u016bz\u012b\u0161u sagatavo\u0161anas instrumentiem un ogl\u0113m. Specifik\u0101cijas: Izm\u0113ri: 20x22cm Augstums: 17cm Svars: 190g Jaut\u0101jumi? Sazinieties ar mums kontaktu lap\u0101 vai rakstiet mums [...]<\/p>","protected":false},"featured_media":33628,"comment_status":"open","ping_status":"closed","template":"","meta":[],"_links":{"self":[{"href":"https:\/\/hookahshop.lt\/lv\/wp-json\/wp\/v2\/product\/33627"}],"collection":[{"href":"https:\/\/hookahshop.lt\/lv\/wp-json\/wp\/v2\/product"}],"about":[{"href":"https:\/\/hookahshop.lt\/lv\/wp-json\/wp\/v2\/types\/product"}],"replies":[{"embeddable":true,"href":"https:\/\/hookahshop.lt\/lv\/wp-json\/wp\/v2\/comments?post=33627"}],"version-history":[{"count":3,"href":"https:\/\/hookahshop.lt\/lv\/wp-json\/wp\/v2\/product\/33627\/revisions"}],"predecessor-version":[{"id":33657,"href":"https:\/\/hookahshop.lt\/lv\/wp-json\/wp\/v2\/product\/33627\/revisions\/33657"}],"wp:featuredmedia":[{"embeddable":true,"href":"https:\/\/hookahshop.lt\/lv\/wp-json\/wp\/v2\/media\/33628"}],"wp:attachment":[{"href":"https:\/\/hookahshop.lt\/lv\/wp-json\/wp\/v2\/media?parent=33627"}],"curies":[{"name":"wp","href":"https:\/\/api.w.org\/{rel}","templated":true}]}}