{"id":33660,"date":"2022-10-01T17:33:32","date_gmt":"2022-10-01T14:33:32","guid":{"rendered":"https:\/\/hookahshop.lt\/?post_type=product&#038;p=33660"},"modified":"2026-04-15T23:29:26","modified_gmt":"2026-04-15T20:29:26","slug":"kaljanas-alpha-hookah-misha-extra-virgin","status":"publish","type":"product","link":"https:\/\/hookahshop.lt\/lv\/produkt\/udenspipe-alpha-hookah-misha-extra-virgin\/","title":{"rendered":"\u016aDENSP\u012aPE ALPHA HOOKAH Misha Extra Virgin"},"content":{"rendered":"<h2>\u016aDENSP\u012aPE ALPHA HOOKAH Misha Extra Virgin<\/h2>\n<p>Eleganta, minim\u0101listiska un kvalitat\u012bva \u016bdensp\u012bpe ar sp\u0113c\u012bgu ielas stilu. Ekonomiska izv\u0113le, ko izdar\u012bjis Alpha Hookah, pasaul\u0113 vado\u0161ais \u016bdensp\u012bpes z\u012bmols un \u0161\u012b autentisk\u0101 d\u0101rgakmens ra\u017eot\u0101js.<br \/>\nTas ir izgatavots no augstas kvalit\u0101tes ner\u016bs\u0113jo\u0161\u0101 t\u0113rauda un poliacet\u0101la, kas garant\u0113 iztur\u012bbu, nezaud\u0113jot savas \u012bpa\u0161\u012bbas. Bez \u0161aub\u0101m, viena no \u0161\u012bs \u016bdensp\u012bpes liel\u0101kaj\u0101m priek\u0161roc\u012bb\u0101m ir t\u0101s \u012bpa\u0161ais dizains ar urb\u0101na stila grav\u0113jumiem, it k\u0101 tas b\u016btu ielu gleznojums. Pl\u0101ksne ir izgatavota ar\u012b no ner\u016bs\u0113jo\u0161\u0101 t\u0113rauda un p\u0101rkl\u0101ta ar melnu pulverkr\u0101sojumu, k\u0101 ar\u012b ar \u012bpa\u0161u Misha Rebel grav\u0113jumu. Interesanta \u0161\u0137\u012bvja iez\u012bme ir t\u0101, ka tai ir atsl\u0113gu piekari\u0146\u0161 ar z\u012bmola logotipu, kas pie\u0161\u0137ir tai dump\u012bgu un bezr\u016bp\u012bgu piesk\u0101rienu.<br \/>\nSavuk\u0101rt iemutnim ir ergonomiska forma, kas iev\u0113rojami atvieglo t\u0101 lieto\u0161anu.<\/p>\n<p><strong>Specifik\u0101cijas:<\/strong><br \/>\nAugstums \u2013 35,5 cm<br \/>\nDiametrs \u2013 15,9 cm<br \/>\nV\u0101rpstas diametrs \u2013 11 mm<\/p>\n<p>Materi\u0101ls: ner\u016bs\u0113jo\u0161ais t\u0113rauds, alum\u012bnijs, poliacet\u0101ls.<\/p>\n<p><strong>Apr\u012bkojums:<\/strong><br \/>\nV\u0101rpsta<br \/>\nPl\u0101ksne<br \/>\nSilikona \u0161\u013c\u016btene<br \/>\nMutes iemutnis<br \/>\nIzklied\u0113t\u0101js<br \/>\nKolba<\/p>\n<p><img decoding=\"async\" loading=\"lazy\" class=\"alignnone size-medium wp-image-38520\" src=\"https:\/\/hookahshop.lt\/wp-content\/uploads\/2020\/09\/stiebas-kolba-zarna-kandiklis-1-300x273.jpg\" alt=\"- hookahshop.lt\" width=\"300\" height=\"273\" srcset=\"https:\/\/hookahshop.lt\/wp-content\/uploads\/2020\/09\/stiebas-kolba-zarna-kandiklis-1-300x273.jpg 300w, https:\/\/hookahshop.lt\/wp-content\/uploads\/2020\/09\/stiebas-kolba-zarna-kandiklis-1-13x12.jpg 13w, https:\/\/hookahshop.lt\/wp-content\/uploads\/2020\/09\/stiebas-kolba-zarna-kandiklis-1-64x58.jpg 64w, https:\/\/hookahshop.lt\/wp-content\/uploads\/2020\/09\/stiebas-kolba-zarna-kandiklis-1.jpg 420w\" sizes=\"(max-width: 300px) 100vw, 300px\" title=\"\"><\/p>\n<p>Vai jums ir k\u0101di jaut\u0101jumi? Sazinies ar mums\u00a0<a href=\"https:\/\/hookahshop.lt\/lv\/kontaktiem\/\">kontaktu lapa<\/a>\u00a0vai rakstiet mums pa e-pastu\u00a0<a href=\"https:\/\/facebook.com\/HookahShop.lt\/\" target=\"_blank\" rel=\"noopener noreferrer\">Facebook konts<\/a>\u00a0un m\u0113s atbild\u0113sim uz j\u016bsu piepras\u012bjumu taj\u0101 pa\u0161\u0101 dien\u0101.<\/p>","protected":false},"excerpt":{"rendered":"<p>\u016adensp\u012bpe ALPHA HOOKAH Misha Extra Virgin Eleganta, minim\u0101listiska un augstas kvalit\u0101tes \u016bdensp\u012bpe ar sp\u0113c\u012bgu ielas stilu. Ekonomiska izv\u0113le, ko izdar\u012bjis Alpha Hookah, pasaul\u0113 vado\u0161ais \u016bdensp\u012bpes z\u012bmols un \u0161\u012b autentisk\u0101 d\u0101rgakmens ra\u017eot\u0101js. Tas ir izgatavots no augstas kvalit\u0101tes ner\u016bs\u0113jo\u0161\u0101 t\u0113rauda un poliacet\u0101la, kas garant\u0113 iztur\u012bbu, nezaud\u0113jot savas \u012bpa\u0161\u012bbas. Bez \u0161aub\u0101m, viena no liel\u0101kaj\u0101m \u0161\u012bs \u016bdensp\u012bpes priek\u0161roc\u012bb\u0101m [\u2026]<\/p>","protected":false},"featured_media":33661,"comment_status":"open","ping_status":"closed","template":"","meta":[],"_links":{"self":[{"href":"https:\/\/hookahshop.lt\/lv\/wp-json\/wp\/v2\/product\/33660"}],"collection":[{"href":"https:\/\/hookahshop.lt\/lv\/wp-json\/wp\/v2\/product"}],"about":[{"href":"https:\/\/hookahshop.lt\/lv\/wp-json\/wp\/v2\/types\/product"}],"replies":[{"embeddable":true,"href":"https:\/\/hookahshop.lt\/lv\/wp-json\/wp\/v2\/comments?post=33660"}],"version-history":[{"count":6,"href":"https:\/\/hookahshop.lt\/lv\/wp-json\/wp\/v2\/product\/33660\/revisions"}],"predecessor-version":[{"id":44376,"href":"https:\/\/hookahshop.lt\/lv\/wp-json\/wp\/v2\/product\/33660\/revisions\/44376"}],"wp:featuredmedia":[{"embeddable":true,"href":"https:\/\/hookahshop.lt\/lv\/wp-json\/wp\/v2\/media\/33661"}],"wp:attachment":[{"href":"https:\/\/hookahshop.lt\/lv\/wp-json\/wp\/v2\/media?parent=33660"}],"curies":[{"name":"wp","href":"https:\/\/api.w.org\/{rel}","templated":true}]}}