{"id":33708,"date":"2022-10-04T21:32:38","date_gmt":"2022-10-04T18:32:38","guid":{"rendered":"https:\/\/hookahshop.lt\/?post_type=product&#038;p=33708"},"modified":"2026-04-18T23:29:18","modified_gmt":"2026-04-18T20:29:18","slug":"sirupo-gaudykle-ocean-stainless-steel-black","status":"publish","type":"product","link":"https:\/\/hookahshop.lt\/lv\/produkt\/sirups-slazds-okeans-nerusejosais-terauds-melns\/","title":{"rendered":"S\u012aRUPU SLAZDS OCEAN Stainless Steel Black"},"content":{"rendered":"<h2>S\u012aRUPU SLAZDS OCEAN Stainless Steel Black<\/h2>\n<p>Piem\u0113rots katrai \u016bdensp\u012bpei, nostiprin\u0101ts zem stikla. Uztur \u016bdeni kolb\u0101 t\u012bru un svaigu. Neuzkr\u012bto\u0161s, vienk\u0101r\u0161s dizains. \u0160is s\u012brupa slazds ir piln\u012bb\u0101 izgatavots no met\u0101la, padarot to iztur\u012bg\u0101ku. Ne\u013cauj tabakas lap\u0101m un s\u012brupam iek\u013c\u016bt kolb\u0101 un \u016bdensp\u012bpes k\u0101t\u0101. Nov\u0113r\u0161 dzeltenumu kolb\u0101, kas ir \u012bpa\u0161i svar\u012bgi, pasniedzot \u016bdensp\u012bpi \u016bdensp\u012bp\u0113 uz galda. Tagad jums nav j\u0101mazg\u0101 \u016bdensp\u012bpe katru reizi, mainot kr\u016bzi, lai no\u0146emtu s\u012brupu un tabakas lapas apak\u0161\u0101.<\/p>\n<p><strong>Raksturojums:<\/strong><br \/>\nAugstums: 62mm<br \/>\nDiametrs (\u0101r\u0113jais): 45 mm<br \/>\nDiametrs (iek\u0161\u0113jais): 38mm<br \/>\nMateri\u0101ls: ner\u016bs\u0113jo\u0161ais t\u0113rauds<\/p>\n<p>Vai jums ir k\u0101di jaut\u0101jumi? Sazinies ar mums\u00a0<a href=\"https:\/\/hookahshop.lt\/lv\/kontaktiem\/\">kontaktu lapa<\/a>\u00a0vai rakstiet mums pa e-pastu\u00a0<a href=\"https:\/\/facebook.com\/HookahShop.lt\/\" target=\"_blank\" rel=\"noopener noreferrer\">Facebook konts<\/a>\u00a0un m\u0113s atbild\u0113sim uz j\u016bsu piepras\u012bjumu taj\u0101 pa\u0161\u0101 dien\u0101.<\/p>","protected":false},"excerpt":{"rendered":"<p>S\u012brupa slazds OCEAN Stainless Steel Black Piem\u0113rots katrai \u016bdensp\u012bpei, nostiprin\u0101ts zem stikla. Uztur \u016bdeni kolb\u0101 t\u012bru un svaigu. Neuzkr\u012bto\u0161s, vienk\u0101r\u0161s dizains. \u0160is s\u012brupa slazds ir piln\u012bb\u0101 izgatavots no met\u0101la, padarot to iztur\u012bg\u0101ku. Ne\u013cauj tabakas lap\u0101m un s\u012brupam iek\u013c\u016bt kolb\u0101 un \u016bdensp\u012bpes k\u0101t\u0101. Nov\u0113r\u0161 kolbas dzelt\u0113\u0161anu, kas ir \u012bpa\u0161i svar\u012bgi, pasniedzot \u016bdensp\u012bpi \u016bdensp\u012bp\u0113 [\u2026]<\/p>","protected":false},"featured_media":33709,"comment_status":"open","ping_status":"closed","template":"","meta":[],"_links":{"self":[{"href":"https:\/\/hookahshop.lt\/lv\/wp-json\/wp\/v2\/product\/33708"}],"collection":[{"href":"https:\/\/hookahshop.lt\/lv\/wp-json\/wp\/v2\/product"}],"about":[{"href":"https:\/\/hookahshop.lt\/lv\/wp-json\/wp\/v2\/types\/product"}],"replies":[{"embeddable":true,"href":"https:\/\/hookahshop.lt\/lv\/wp-json\/wp\/v2\/comments?post=33708"}],"version-history":[{"count":3,"href":"https:\/\/hookahshop.lt\/lv\/wp-json\/wp\/v2\/product\/33708\/revisions"}],"predecessor-version":[{"id":33720,"href":"https:\/\/hookahshop.lt\/lv\/wp-json\/wp\/v2\/product\/33708\/revisions\/33720"}],"wp:featuredmedia":[{"embeddable":true,"href":"https:\/\/hookahshop.lt\/lv\/wp-json\/wp\/v2\/media\/33709"}],"wp:attachment":[{"href":"https:\/\/hookahshop.lt\/lv\/wp-json\/wp\/v2\/media?parent=33708"}],"curies":[{"name":"wp","href":"https:\/\/api.w.org\/{rel}","templated":true}]}}