{"id":33721,"date":"2022-10-04T23:23:06","date_gmt":"2022-10-04T20:23:06","guid":{"rendered":"https:\/\/hookahshop.lt\/?post_type=product&#038;p=33721"},"modified":"2026-04-18T23:29:19","modified_gmt":"2026-04-18T20:29:19","slug":"kaljanas-aeon-vyro-one-carbon-red-v2","status":"publish","type":"product","link":"https:\/\/hookahshop.lt\/lv\/produkt\/hookah-aeon-viro-one-carbon-red-v2\/","title":{"rendered":"\u016aDENSP\u012aPE AEON VYRO One Carbon Red V2"},"content":{"rendered":"<h2>\u016aDENSP\u012aPE AEON VYRO One Carbon Red V2<\/h2>\n<p>Augst\u0101k\u0101s kvalit\u0101tes p\u0101rn\u0113s\u0101jamais ner\u016bs\u0113jo\u0161\u0101 t\u0113rauda un oglek\u013ca \u0161\u0137iedras \u016bdensp\u012bpe ir paredz\u0113ta izmanto\u0161anai ne tikai ce\u013cojot, bet ar\u012b m\u0101j\u0101s. \u0160\u012b ir viena no lab\u0101k\u0101m p\u0101rn\u0113s\u0101jam\u0101m \u016bdensp\u012bpe tirg\u016b. Izcil\u0101s konstrukcijas d\u0113\u013c tam ir zems smaguma centrs, kas padara to stabilu.<\/p>\n<p><strong>Specifik\u0101cijas:<\/strong><\/p>\n<p>Augstums: 15 cm<br \/>\nDiametrs: 8 cm<br \/>\nSvars: 1,3 kg<br \/>\nMateri\u0101ls: augst\u0101k\u0101s kvalit\u0101tes ner\u016bs\u0113jo\u0161ais t\u0113rauds un oglek\u013ca \u0161\u0137iedra<br \/>\nIzcelsmes valsts: V\u0101cija<\/p>\n<p><strong>Komplekt\u0101 nav: \u0161\u013c\u016btene un iemutnis.\u00a0<\/strong><\/p>\n<p><img decoding=\"async\" loading=\"lazy\" class=\"alignnone size-medium wp-image-38512\" src=\"https:\/\/hookahshop.lt\/wp-content\/uploads\/2022\/06\/mazu-aladinu-komplektacija-1-300x273.jpg\" alt=\"- hookahshop.lt\" width=\"300\" height=\"273\" srcset=\"https:\/\/hookahshop.lt\/wp-content\/uploads\/2022\/06\/mazu-aladinu-komplektacija-1-300x273.jpg 300w, https:\/\/hookahshop.lt\/wp-content\/uploads\/2022\/06\/mazu-aladinu-komplektacija-1-13x12.jpg 13w, https:\/\/hookahshop.lt\/wp-content\/uploads\/2022\/06\/mazu-aladinu-komplektacija-1-64x58.jpg 64w, https:\/\/hookahshop.lt\/wp-content\/uploads\/2022\/06\/mazu-aladinu-komplektacija-1.jpg 420w\" sizes=\"(max-width: 300px) 100vw, 300px\" title=\"\"><\/p>\n<p>Vai jums ir k\u0101di jaut\u0101jumi? Sazinies ar mums\u00a0<a href=\"https:\/\/hookahshop.lt\/lv\/kontaktiem\/\">kontaktu lapa<\/a>\u00a0vai rakstiet mums pa e-pastu\u00a0<a href=\"https:\/\/facebook.com\/HookahShop.lt\/\" target=\"_blank\" rel=\"noopener noreferrer\">Facebook konts<\/a>\u00a0un m\u0113s atbild\u0113sim uz j\u016bsu piepras\u012bjumu taj\u0101 pa\u0161\u0101 dien\u0101.<\/p>","protected":false},"excerpt":{"rendered":"<p>\u016adensp\u012bpe AEON VYRO One Carbon Red V2 Augst\u0101k\u0101s kvalit\u0101tes ner\u016bs\u0113jo\u0161\u0101 t\u0113rauda un oglek\u013ca \u0161\u0137iedras p\u0101rn\u0113s\u0101jam\u0101 \u016bdensp\u012bpe ir paredz\u0113ta lieto\u0161anai ne tikai ce\u013cojumos, bet ar\u012b m\u0101j\u0101s. \u0160\u012b ir viena no lab\u0101kaj\u0101m p\u0101rn\u0113s\u0101jamaj\u0101m \u016bdensp\u012bp\u0113m tirg\u016b. Pateicoties unik\u0101lajam dizainam, tam ir zems smaguma centrs, kas padara to stabilu. Specifik\u0101cijas: Augstums: 15 cm Diametrs: 8 cm Svars: 1,3 kg [\u2026]<\/p>","protected":false},"featured_media":33726,"comment_status":"open","ping_status":"closed","template":"","meta":[],"_links":{"self":[{"href":"https:\/\/hookahshop.lt\/lv\/wp-json\/wp\/v2\/product\/33721"}],"collection":[{"href":"https:\/\/hookahshop.lt\/lv\/wp-json\/wp\/v2\/product"}],"about":[{"href":"https:\/\/hookahshop.lt\/lv\/wp-json\/wp\/v2\/types\/product"}],"replies":[{"embeddable":true,"href":"https:\/\/hookahshop.lt\/lv\/wp-json\/wp\/v2\/comments?post=33721"}],"version-history":[{"count":4,"href":"https:\/\/hookahshop.lt\/lv\/wp-json\/wp\/v2\/product\/33721\/revisions"}],"predecessor-version":[{"id":37628,"href":"https:\/\/hookahshop.lt\/lv\/wp-json\/wp\/v2\/product\/33721\/revisions\/37628"}],"wp:featuredmedia":[{"embeddable":true,"href":"https:\/\/hookahshop.lt\/lv\/wp-json\/wp\/v2\/media\/33726"}],"wp:attachment":[{"href":"https:\/\/hookahshop.lt\/lv\/wp-json\/wp\/v2\/media?parent=33721"}],"curies":[{"name":"wp","href":"https:\/\/api.w.org\/{rel}","templated":true}]}}