{"id":33727,"date":"2022-10-04T23:38:24","date_gmt":"2022-10-04T20:38:24","guid":{"rendered":"https:\/\/hookahshop.lt\/?post_type=product&#038;p=33727"},"modified":"2026-04-07T23:29:41","modified_gmt":"2026-04-07T20:29:41","slug":"kandiklis-kaljanui-vyro-carbon-red-mini","status":"publish","type":"product","link":"https:\/\/hookahshop.lt\/lv\/produkt\/iemuti-for-udenspipe-viriesiem-karbonsarkanais-mini\/","title":{"rendered":"\u016aDENSP\u012aPES IEMUTNIS VYRO Carbon Red Mini"},"content":{"rendered":"<h2>\u016aDENSP\u012aPES IEMUTNIS VYRO Carbon Red Mini<\/h2>\n<p>Iemuts ir lielisks ne tikai viegl\u0101 svara, bet ar\u012b kvalitat\u012bv\u0101 materi\u0101la d\u0113\u013c. \u0160is iemuts ir piem\u0113rots ne tikai ikdienas lieto\u0161anai, bet ar\u012b katrai \u016bdensp\u012bpei un parastai silikona \u0161\u013c\u016btenei.<\/p>\n<p><strong>Specifik\u0101cijas:<\/strong><br \/>\nGarums: ~ 17 cm<br \/>\nSvars: ~ 73 g<br \/>\nIek\u0161\u0113jais diametrs: 10 mm<br \/>\nMateri\u0101li: ogleklis un V2A ner\u016bs\u0113jo\u0161ais t\u0113rauds<\/p>\n<p>&nbsp;<\/p>\n<p>Vai jums ir k\u0101di jaut\u0101jumi? Sazinies ar mums\u00a0<a href=\"https:\/\/hookahshop.lt\/lv\/kontaktiem\/\">kontaktu lapa<\/a>\u00a0vai rakstiet mums pa e-pastu\u00a0<a href=\"https:\/\/facebook.com\/HookahShop.lt\/\" target=\"_blank\" rel=\"noopener noreferrer\">Facebook konts<\/a>\u00a0un m\u0113s atbild\u0113sim uz j\u016bsu piepras\u012bjumu taj\u0101 pa\u0161\u0101 dien\u0101.<\/p>","protected":false},"excerpt":{"rendered":"<p>Iemutis \u016bdensp\u012bpei VYRO Carbon Red Mini Iemutis ir lielisks ne tikai viegl\u0101 svara, bet ar\u012b kvalitat\u012bv\u0101 materi\u0101la d\u0113\u013c. \u0160is iemuts ir piem\u0113rots ne tikai ikdienas lieto\u0161anai, bet ar\u012b katrai \u016bdensp\u012bpei un parastai silikona \u0161\u013c\u016btenei. Specifik\u0101cijas: Garums: ~17 cm Svars: ~ 73 g Iek\u0161\u0113jais diametrs: 10 mm Materi\u0101li: Oglek\u013ca un V2A ner\u016bs\u0113jo\u0161ais t\u0113rauds Jaut\u0101jumi? Sazinieties ar [\u2026]<\/p>","protected":false},"featured_media":33731,"comment_status":"open","ping_status":"closed","template":"","meta":[],"_links":{"self":[{"href":"https:\/\/hookahshop.lt\/lv\/wp-json\/wp\/v2\/product\/33727"}],"collection":[{"href":"https:\/\/hookahshop.lt\/lv\/wp-json\/wp\/v2\/product"}],"about":[{"href":"https:\/\/hookahshop.lt\/lv\/wp-json\/wp\/v2\/types\/product"}],"replies":[{"embeddable":true,"href":"https:\/\/hookahshop.lt\/lv\/wp-json\/wp\/v2\/comments?post=33727"}],"version-history":[{"count":4,"href":"https:\/\/hookahshop.lt\/lv\/wp-json\/wp\/v2\/product\/33727\/revisions"}],"predecessor-version":[{"id":33730,"href":"https:\/\/hookahshop.lt\/lv\/wp-json\/wp\/v2\/product\/33727\/revisions\/33730"}],"wp:featuredmedia":[{"embeddable":true,"href":"https:\/\/hookahshop.lt\/lv\/wp-json\/wp\/v2\/media\/33731"}],"wp:attachment":[{"href":"https:\/\/hookahshop.lt\/lv\/wp-json\/wp\/v2\/media?parent=33727"}],"curies":[{"name":"wp","href":"https:\/\/api.w.org\/{rel}","templated":true}]}}