{"id":33813,"date":"2022-10-12T08:54:57","date_gmt":"2022-10-12T05:54:57","guid":{"rendered":"https:\/\/hookahshop.lt\/?post_type=product&#038;p=33813"},"modified":"2026-04-14T23:29:32","modified_gmt":"2026-04-14T20:29:32","slug":"gaubtas-taureles-kaitinimui-ykap-black","status":"publish","type":"product","link":"https:\/\/hookahshop.lt\/lv\/produkt\/kruze-kruzes-sildisanai-ykap-black\/","title":{"rendered":"KR\u016aZE KR\u016aZES SILD\u012a\u0160ANAI YKAP Black"},"content":{"rendered":"<h2>KR\u016aZE KR\u016aZES SILD\u012a\u0160ANAI YKAP Black<\/h2>\n<p>Ar p\u0101rsegu j\u016bs varat baud\u012bt \u016bdensp\u012bpi pat \u0101r\u0101, nebaidoties no v\u0113ja, kas aizp\u016bt\u012bs ogles. Ja nepiecie\u0161ams, no\u0146emams v\u0101ks \u013caus pievienot vair\u0101k ogles.\nTurkl\u0101t \u0161is YKAP produkts ir univers\u0101ls \u2013 piem\u0113rots visu veidu \u016bdensp\u012bp\u0113m un brill\u0113m.\n\nKr\u016bzes sild\u012b\u0161anas nos\u016bc\u0113js \"YKAP\" tiek izmantots vair\u0101kiem m\u0113r\u0137iem vienlaikus:<br \/>\nSiltuma kontrole;<br \/>\nIlgsto\u0161s og\u013cu deg\u0161anas laiks;<br \/>\nAizsardz\u012bba pret v\u0113ju.<\/p>\n<p>Materi\u0101ls: ner\u016bs\u0113jo\u0161ais t\u0113rauds<br \/>\nIzcelsmes valsts: Krievija<\/p>\n<p>Vai jums ir k\u0101di jaut\u0101jumi? Sazinies ar mums\u00a0<a href=\"https:\/\/hookahshop.lt\/lv\/kontaktiem\/\">kontaktu lapa<\/a>\u00a0vai rakstiet mums pa e-pastu\u00a0<a href=\"https:\/\/facebook.com\/HookahShop.lt\/\" target=\"_blank\" rel=\"noopener noreferrer\">Facebook konts<\/a>\u00a0un m\u0113s atbild\u0113sim uz j\u016bsu piepras\u012bjumu taj\u0101 pa\u0161\u0101 dien\u0101.<\/p>","protected":false},"excerpt":{"rendered":"<p>Nos\u016bc\u0113js kr\u016bz\u012b\u0161u sild\u012b\u0161anai YKAP Black Izmantojot kapuci, j\u016bs varat baud\u012bt \u016bdensp\u012bpi pat \u0101r\u0101, nebaidoties, ka v\u0113j\u0161 aizp\u016bt\u012bs ogles. No\u0146emams v\u0101ci\u0146\u0161 \u013caus jums pievienot vair\u0101k og\u013cu, ja nepiecie\u0161ams. Turkl\u0101t \u0161is YKAP produkts ir univers\u0101ls \u2013 piem\u0113rots visu veidu \u016bdensp\u012bp\u0113m un brill\u0113m. Kr\u016bzes sild\u012b\u0161anas nos\u016bc\u0113js &quot;YKAP&quot; tiek izmantots vair\u0101kiem m\u0113r\u0137iem vienlaikus: Siltuma kontrole; Palielin\u0101ts oglek\u013ca deg\u0161anas laiks; [\u2026]<\/p>","protected":false},"featured_media":33818,"comment_status":"open","ping_status":"closed","template":"","meta":[],"_links":{"self":[{"href":"https:\/\/hookahshop.lt\/lv\/wp-json\/wp\/v2\/product\/33813"}],"collection":[{"href":"https:\/\/hookahshop.lt\/lv\/wp-json\/wp\/v2\/product"}],"about":[{"href":"https:\/\/hookahshop.lt\/lv\/wp-json\/wp\/v2\/types\/product"}],"replies":[{"embeddable":true,"href":"https:\/\/hookahshop.lt\/lv\/wp-json\/wp\/v2\/comments?post=33813"}],"version-history":[{"count":3,"href":"https:\/\/hookahshop.lt\/lv\/wp-json\/wp\/v2\/product\/33813\/revisions"}],"predecessor-version":[{"id":41742,"href":"https:\/\/hookahshop.lt\/lv\/wp-json\/wp\/v2\/product\/33813\/revisions\/41742"}],"wp:featuredmedia":[{"embeddable":true,"href":"https:\/\/hookahshop.lt\/lv\/wp-json\/wp\/v2\/media\/33818"}],"wp:attachment":[{"href":"https:\/\/hookahshop.lt\/lv\/wp-json\/wp\/v2\/media?parent=33813"}],"curies":[{"name":"wp","href":"https:\/\/api.w.org\/{rel}","templated":true}]}}