{"id":33820,"date":"2022-10-12T09:18:39","date_gmt":"2022-10-12T06:18:39","guid":{"rendered":"https:\/\/hookahshop.lt\/?post_type=product&#038;p=33820"},"modified":"2026-04-17T23:29:49","modified_gmt":"2026-04-17T20:29:49","slug":"zarna-silikonine-v5-glossy-black","status":"publish","type":"product","link":"https:\/\/hookahshop.lt\/lv\/produkt\/silikona-slutene-v5-glossy-black\/","title":{"rendered":"SILIKONA \u0160\u013b\u016aTENE V5 Glossy Black"},"content":{"rendered":"<h2>SILIKONA \u0160\u013b\u016aTENE V5 Glossy Black<\/h2>\n<p>Izgatavots no medic\u012bnisk\u0101 silikona, tam nav sve\u0161as smakas.<\/p>\n<p><strong>Specifik\u0101cijas:<\/strong><br \/>\nGarums: 1,50 m<br \/>\n\u0100r\u0113jais diametrs: 18 mm<br \/>\n\u0160\u013c\u016btenes iek\u0161\u0113jais diametrs: 11 mm<br \/>\nP\u0101rkl\u0101jums: m\u012bksts, sp\u012bd\u012bgs<br \/>\nSvars: apm\u0113ram 100 g.<\/p>\n<p>Vai jums ir k\u0101di jaut\u0101jumi? Sazinies ar mums\u00a0<a href=\"https:\/\/hookahshop.lt\/lv\/kontaktiem\/\">kontaktu lapa<\/a>\u00a0vai rakstiet mums pa e-pastu\u00a0<a href=\"https:\/\/facebook.com\/HookahShop.lt\/\" target=\"_blank\" rel=\"noopener noreferrer\">Facebook konts<\/a>\u00a0un m\u0113s atbild\u0113sim uz j\u016bsu piepras\u012bjumu taj\u0101 pa\u0161\u0101 dien\u0101.<\/p>","protected":false},"excerpt":{"rendered":"<p>\u0160\u013c\u016btenes silikons V5 Glossy Black Izgatavots no medic\u012bnisk\u0101 silikona, tam nav sve\u0161as smakas. Specifik\u0101cijas: Garums: 1,50 m \u0100r\u0113jais diametrs: 18 mm \u0160\u013c\u016btenes iek\u0161\u0113jais diametrs: 11 mm P\u0101rkl\u0101jums: m\u012bksts, sp\u012bd\u012bgs Svars: apm\u0113ram 100 g. Vai jums ir k\u0101di jaut\u0101jumi? Sazinieties ar mums kontaktu lap\u0101 vai rakstiet mums Facebook, un m\u0113s atbild\u0113sim uz j\u016bsu piepras\u012bjumu taj\u0101 pa\u0161\u0101 dien\u0101.<\/p>","protected":false},"featured_media":33821,"comment_status":"open","ping_status":"closed","template":"","meta":[],"_links":{"self":[{"href":"https:\/\/hookahshop.lt\/lv\/wp-json\/wp\/v2\/product\/33820"}],"collection":[{"href":"https:\/\/hookahshop.lt\/lv\/wp-json\/wp\/v2\/product"}],"about":[{"href":"https:\/\/hookahshop.lt\/lv\/wp-json\/wp\/v2\/types\/product"}],"replies":[{"embeddable":true,"href":"https:\/\/hookahshop.lt\/lv\/wp-json\/wp\/v2\/comments?post=33820"}],"version-history":[{"count":4,"href":"https:\/\/hookahshop.lt\/lv\/wp-json\/wp\/v2\/product\/33820\/revisions"}],"predecessor-version":[{"id":45571,"href":"https:\/\/hookahshop.lt\/lv\/wp-json\/wp\/v2\/product\/33820\/revisions\/45571"}],"wp:featuredmedia":[{"embeddable":true,"href":"https:\/\/hookahshop.lt\/lv\/wp-json\/wp\/v2\/media\/33821"}],"wp:attachment":[{"href":"https:\/\/hookahshop.lt\/lv\/wp-json\/wp\/v2\/media?parent=33820"}],"curies":[{"name":"wp","href":"https:\/\/api.w.org\/{rel}","templated":true}]}}