{"id":33824,"date":"2022-10-12T09:24:46","date_gmt":"2022-10-12T06:24:46","guid":{"rendered":"https:\/\/hookahshop.lt\/?post_type=product&#038;p=33824"},"modified":"2026-04-18T23:29:19","modified_gmt":"2026-04-18T20:29:19","slug":"tarpine-kaljano-taurelei-hoob-white","status":"publish","type":"product","link":"https:\/\/hookahshop.lt\/lv\/produkt\/kalyannaya-promezhutochnaya-hoob-white\/","title":{"rendered":"BL\u012aVE \u016aDENSP\u012aPES KR\u016aZEI HOOB White"},"content":{"rendered":"<h2>BL\u012aVE \u016aDENSP\u012aPES KR\u016aZEI HOOB White<\/h2>\n<p>\u0160is stiprin\u0101jums pal\u012bdz stingri piestiprin\u0101t kr\u016bz\u012bti pie \u016bdensp\u012bpes.<br \/>\nV\u00e4rv: valge<\/p>\n<p>&nbsp;<\/p>\n<p>Vai jums ir k\u0101di jaut\u0101jumi? Sazinies ar mums\u00a0<a href=\"https:\/\/hookahshop.lt\/lv\/kontaktiem\/\">kontaktu lapa<\/a>\u00a0vai rakstiet mums pa e-pastu\u00a0<a href=\"https:\/\/facebook.com\/HookahShop.lt\/\" target=\"_blank\" rel=\"noopener noreferrer\">Facebook konts<\/a>\u00a0un m\u0113s atbild\u0113sim uz j\u016bsu piepras\u012bjumu taj\u0101 pa\u0161\u0101 dien\u0101.<\/p>","protected":false},"excerpt":{"rendered":"<p>Bl\u012bve \u016bdensp\u012bpes kr\u016bzei HOOB White \u0160is piederums pal\u012bdz cie\u0161i piestiprin\u0101t kr\u016bz\u012bti pie \u016bdensp\u012bpes. Kr\u0101sa: balta Vai jums ir k\u0101di jaut\u0101jumi? Sazinieties ar mums kontaktu lap\u0101 vai rakstiet mums uz m\u016bsu Facebook kontu un m\u0113s atbild\u0113sim uz j\u016bsu piepras\u012bjumu taj\u0101 pa\u0161\u0101 dien\u0101.<\/p>","protected":false},"featured_media":33825,"comment_status":"open","ping_status":"closed","template":"","meta":[],"_links":{"self":[{"href":"https:\/\/hookahshop.lt\/lv\/wp-json\/wp\/v2\/product\/33824"}],"collection":[{"href":"https:\/\/hookahshop.lt\/lv\/wp-json\/wp\/v2\/product"}],"about":[{"href":"https:\/\/hookahshop.lt\/lv\/wp-json\/wp\/v2\/types\/product"}],"replies":[{"embeddable":true,"href":"https:\/\/hookahshop.lt\/lv\/wp-json\/wp\/v2\/comments?post=33824"}],"version-history":[{"count":4,"href":"https:\/\/hookahshop.lt\/lv\/wp-json\/wp\/v2\/product\/33824\/revisions"}],"predecessor-version":[{"id":33878,"href":"https:\/\/hookahshop.lt\/lv\/wp-json\/wp\/v2\/product\/33824\/revisions\/33878"}],"wp:featuredmedia":[{"embeddable":true,"href":"https:\/\/hookahshop.lt\/lv\/wp-json\/wp\/v2\/media\/33825"}],"wp:attachment":[{"href":"https:\/\/hookahshop.lt\/lv\/wp-json\/wp\/v2\/media?parent=33824"}],"curies":[{"name":"wp","href":"https:\/\/api.w.org\/{rel}","templated":true}]}}