{"id":33830,"date":"2022-10-12T09:45:35","date_gmt":"2022-10-12T06:45:35","guid":{"rendered":"https:\/\/hookahshop.lt\/?post_type=product&#038;p=33830"},"modified":"2026-04-17T23:29:49","modified_gmt":"2026-04-17T20:29:49","slug":"kolba-kaljanui-vg-craft-alabaster-black","status":"publish","type":"product","link":"https:\/\/hookahshop.lt\/lv\/produkt\/kolba-udenspipei-vg-craft-alabaster-black\/","title":{"rendered":"KOLBA \u016aDENSP\u012aPEI VG Craft Alabaster Black"},"content":{"rendered":"<h2>KOLBA \u016aDENSP\u012aPEI VG Craft Alabaster Black<\/h2>\n<p>\u0160\u0101da veida kolbas ir \u013coti popul\u0101ras tirg\u016b. Vienk\u0101r\u0161ais, bet elegantais stikla dizains lieliski sader ar moderniem mode\u013ciem.<\/p>\n<p><strong>Raksturojums:<\/strong><br \/>\nKolbas forma: Craft<br \/>\nAugstums: 27cm<br \/>\nPlatums: 23 cm<br \/>\nIek\u0161\u0113jais diametrs: 4,5 cm<br \/>\nSvars: 1,7 kg<br \/>\nKolbas tilpums: 1,7l<\/p>\n<p>Vai jums ir k\u0101di jaut\u0101jumi? Sazinies ar mums\u00a0<a href=\"https:\/\/hookahshop.lt\/lv\/kontaktiem\/\">kontaktu lapa<\/a>\u00a0vai rakstiet mums pa e-pastu\u00a0<a href=\"https:\/\/facebook.com\/HookahShop.lt\/\" target=\"_blank\" rel=\"noopener noreferrer\">Facebook konts<\/a>\u00a0un m\u0113s atbild\u0113sim uz j\u016bsu piepras\u012bjumu taj\u0101 pa\u0161\u0101 dien\u0101.<\/p>\n<p>&nbsp;<\/p>","protected":false},"excerpt":{"rendered":"<p>\u016adensp\u012bpes bla\u0161\u0137is VG Craft Alabaster Black \u0160\u0101da veida bla\u0161\u0137is ir \u013coti popul\u0101rs tirg\u016b. Vienk\u0101r\u0161ais, bet elegantais stikla dizains lieliski iederas m\u016bsdienu mode\u013cos. Raksturojums: Bla\u0161\u0137es forma: Craft Augstums: 27 cm Platums: 23 cm Iek\u0161\u0113jais diametrs: 4,5 cm Svars: 1,7 kg Bla\u0161\u0137es tilpums: 1,7 l Vai jums ir k\u0101di jaut\u0101jumi? Sazinieties ar mums kontaktlap\u0101 vai rakstiet mums Facebook, un m\u0113s atbild\u0113sim uz j\u016bsu piepras\u012bjumu [\u2026]<\/p>","protected":false},"featured_media":33834,"comment_status":"open","ping_status":"closed","template":"","meta":[],"_links":{"self":[{"href":"https:\/\/hookahshop.lt\/lv\/wp-json\/wp\/v2\/product\/33830"}],"collection":[{"href":"https:\/\/hookahshop.lt\/lv\/wp-json\/wp\/v2\/product"}],"about":[{"href":"https:\/\/hookahshop.lt\/lv\/wp-json\/wp\/v2\/types\/product"}],"replies":[{"embeddable":true,"href":"https:\/\/hookahshop.lt\/lv\/wp-json\/wp\/v2\/comments?post=33830"}],"version-history":[{"count":3,"href":"https:\/\/hookahshop.lt\/lv\/wp-json\/wp\/v2\/product\/33830\/revisions"}],"predecessor-version":[{"id":33877,"href":"https:\/\/hookahshop.lt\/lv\/wp-json\/wp\/v2\/product\/33830\/revisions\/33877"}],"wp:featuredmedia":[{"embeddable":true,"href":"https:\/\/hookahshop.lt\/lv\/wp-json\/wp\/v2\/media\/33834"}],"wp:attachment":[{"href":"https:\/\/hookahshop.lt\/lv\/wp-json\/wp\/v2\/media?parent=33830"}],"curies":[{"name":"wp","href":"https:\/\/api.w.org\/{rel}","templated":true}]}}