{"id":33851,"date":"2022-10-12T21:45:10","date_gmt":"2022-10-12T18:45:10","guid":{"rendered":"https:\/\/hookahshop.lt\/?post_type=product&#038;p=33851"},"modified":"2026-04-14T23:29:32","modified_gmt":"2026-04-14T20:29:32","slug":"kolba-kaljanui-vg-craft-ice-effect","status":"publish","type":"product","link":"https:\/\/hookahshop.lt\/lv\/produkt\/kolba-udenspipei-vg-craft-ice-effect\/","title":{"rendered":"KOLBA \u016aDENSP\u012aPEI VG Craft Ice Effect"},"content":{"rendered":"<h2>KOLBA \u016aDENSP\u012aPEI VG Craft Ice Effect<\/h2>\n<p>Viena no popul\u0101r\u0101kaj\u0101m kolb\u0101m tirg\u016b, kas apvieno lakonisku dizainu un \u0113rtu lieto\u0161anu. Piem\u0113rots \u016bdensp\u012bp\u0113m ar univers\u0101lu bl\u012bvi. Kolba ir izgatavota ar rok\u0101m, un kakli\u0146a iek\u0161\u0113jais diametrs var at\u0161\u0137irties no deklar\u0113t\u0101 par 1-1,5 mm.<\/p>\n<p><strong>Raksturojums:<\/strong><br \/>\nKolbas forma: Craft<br \/>\nAugstums: 27 cm<br \/>\nPlatums: 23 cm<br \/>\nIek\u0161\u0113jais diametrs: 4,5 cm<br \/>\nSvars: 1,64 kg<br \/>\nKolbas tilpums: 1,7l<\/p>\n<p>Vai jums ir k\u0101di jaut\u0101jumi? Sazinies ar mums <a href=\"https:\/\/hookahshop.lt\/lv\/kontaktiem\/\">kontaktu lapa<\/a>\u00a0vai rakstiet mums pa e-pastu\u00a0<a href=\"https:\/\/facebook.com\/HookahShop.lt\/\" target=\"_blank\" rel=\"noopener noreferrer\">Facebook konts<\/a>\u00a0un m\u0113s atbild\u0113sim uz j\u016bsu piepras\u012bjumu taj\u0101 pa\u0161\u0101 dien\u0101.<\/p>\n<p>&nbsp;<\/p>\n<p>&nbsp;<\/p>","protected":false},"excerpt":{"rendered":"<p>\u016adensp\u012bpes kolba VG Craft Ice Effect Viena no popul\u0101r\u0101kaj\u0101m kolb\u0101m tirg\u016b, kas apvieno kodol\u012bgu dizainu un \u0113rtu lieto\u0161anu. Piem\u0113rots \u016bdensp\u012bp\u0113m ar univers\u0101lu bl\u012bvi. Kolba ir izgatavota ar rok\u0101m, un kakli\u0146a iek\u0161\u0113jais diametrs var at\u0161\u0137irties no deklar\u0113t\u0101 par 1-1,5 mm. Raksturojums: Kolbas forma: Amatniec\u012bba Augstums: 27 cm Platums: 23 cm Iek\u0161\u0113jais diametrs: 4,5 cm Svars: 1,64 kg Kolbas tilpums: 1,7 l Vai jums ir k\u0101di jaut\u0101jumi? [\u2026]<\/p>","protected":false},"featured_media":33852,"comment_status":"open","ping_status":"closed","template":"","meta":[],"_links":{"self":[{"href":"https:\/\/hookahshop.lt\/lv\/wp-json\/wp\/v2\/product\/33851"}],"collection":[{"href":"https:\/\/hookahshop.lt\/lv\/wp-json\/wp\/v2\/product"}],"about":[{"href":"https:\/\/hookahshop.lt\/lv\/wp-json\/wp\/v2\/types\/product"}],"replies":[{"embeddable":true,"href":"https:\/\/hookahshop.lt\/lv\/wp-json\/wp\/v2\/comments?post=33851"}],"version-history":[{"count":3,"href":"https:\/\/hookahshop.lt\/lv\/wp-json\/wp\/v2\/product\/33851\/revisions"}],"predecessor-version":[{"id":34496,"href":"https:\/\/hookahshop.lt\/lv\/wp-json\/wp\/v2\/product\/33851\/revisions\/34496"}],"wp:featuredmedia":[{"embeddable":true,"href":"https:\/\/hookahshop.lt\/lv\/wp-json\/wp\/v2\/media\/33852"}],"wp:attachment":[{"href":"https:\/\/hookahshop.lt\/lv\/wp-json\/wp\/v2\/media?parent=33851"}],"curies":[{"name":"wp","href":"https:\/\/api.w.org\/{rel}","templated":true}]}}