{"id":33855,"date":"2022-10-12T22:12:35","date_gmt":"2022-10-12T19:12:35","guid":{"rendered":"https:\/\/hookahshop.lt\/?post_type=product&#038;p=33855"},"modified":"2026-04-14T23:29:32","modified_gmt":"2026-04-14T20:29:32","slug":"kolba-kaljanui-vg-craft-crystal","status":"publish","type":"product","link":"https:\/\/hookahshop.lt\/lv\/produkt\/kolba-udenspipei-vg-craft-crystal\/","title":{"rendered":"KOLBA \u016aDENSP\u012aPEI VG Craft Crystal"},"content":{"rendered":"<h2>KOLBA \u016aDENSP\u012aPEI VG Craft Crystal<\/h2>\n<p>\u0160ai rok\u0101m darin\u0101tajai kolbai ir izcils dizains, kvalit\u0101te un t\u0101 ir \u013coti caursp\u012bd\u012bga. Kolbas kakli\u0146\u0161 ir izgrebts gareniski \u2013 piel\u0101gots uzglab\u0101\u0161anai, \u0113rt\u0101kai lieto\u0161anai. Ar\u012b kolbas aug\u0161da\u013ca ir unik\u0101la \u2013 grebta.<\/p>\n<p>Svars: ~ 2 kg<br \/>\nAugstums: 26 cm<br \/>\nPlatums: 23 cm<br \/>\nKakla iek\u0161\u0113jais diametrs: 4 cm<\/p>\n<p>Vai jums ir k\u0101di jaut\u0101jumi? Sazinies ar mums\u00a0<a href=\"https:\/\/hookahshop.lt\/lv\/kontaktiem\/\">kontaktu lapa<\/a>\u00a0vai rakstiet mums pa e-pastu\u00a0<a href=\"https:\/\/facebook.com\/HookahShop.lt\/\" target=\"_blank\" rel=\"noopener noreferrer\">Facebook konts<\/a>\u00a0un m\u0113s atbild\u0113sim uz j\u016bsu piepras\u012bjumu taj\u0101 pa\u0161\u0101 dien\u0101.<\/p>","protected":false},"excerpt":{"rendered":"<p>\u016adensp\u012bpes bla\u0161\u0137is VG Craft Crystal \u0160\u012b roku darbs bla\u0161\u0137is ir unik\u0101ls ar savu dizainu, kvalit\u0101ti un \u0101rk\u0101rt\u012bgi caursp\u012bd\u012bgu stilu. Bla\u0161\u0137es kakli\u0146\u0161 ir izgrebts gareniski \u2013 piel\u0101gots uzglab\u0101\u0161anai, \u0113rt\u0101kai lieto\u0161anai. Ar\u012b bla\u0161\u0137es aug\u0161da\u013ca ir unik\u0101la \u2013 izgrebta. Bla\u0161\u0137es svars: ~ 2 kg Augstums: 26 cm Platums: 22 cm Kakla iek\u0161\u0113jais diametrs: 4 cm Vai jums ir k\u0101di jaut\u0101jumi? Sazinieties [\u2026]<\/p>","protected":false},"featured_media":33856,"comment_status":"open","ping_status":"closed","template":"","meta":[],"_links":{"self":[{"href":"https:\/\/hookahshop.lt\/lv\/wp-json\/wp\/v2\/product\/33855"}],"collection":[{"href":"https:\/\/hookahshop.lt\/lv\/wp-json\/wp\/v2\/product"}],"about":[{"href":"https:\/\/hookahshop.lt\/lv\/wp-json\/wp\/v2\/types\/product"}],"replies":[{"embeddable":true,"href":"https:\/\/hookahshop.lt\/lv\/wp-json\/wp\/v2\/comments?post=33855"}],"version-history":[{"count":3,"href":"https:\/\/hookahshop.lt\/lv\/wp-json\/wp\/v2\/product\/33855\/revisions"}],"predecessor-version":[{"id":33938,"href":"https:\/\/hookahshop.lt\/lv\/wp-json\/wp\/v2\/product\/33855\/revisions\/33938"}],"wp:featuredmedia":[{"embeddable":true,"href":"https:\/\/hookahshop.lt\/lv\/wp-json\/wp\/v2\/media\/33856"}],"wp:attachment":[{"href":"https:\/\/hookahshop.lt\/lv\/wp-json\/wp\/v2\/media?parent=33855"}],"curies":[{"name":"wp","href":"https:\/\/api.w.org\/{rel}","templated":true}]}}