{"id":33971,"date":"2022-10-28T16:53:16","date_gmt":"2022-10-28T13:53:16","guid":{"rendered":"https:\/\/hookahshop.lt\/?post_type=product&#038;p=33971"},"modified":"2026-04-22T23:29:49","modified_gmt":"2026-04-22T20:29:49","slug":"stikline-vandens-pypke-black-leaf-mini","status":"publish","type":"product","link":"https:\/\/hookahshop.lt\/lv\/produkt\/stikls-udens-pipe-melna-lapa-mini\/","title":{"rendered":"Stikla \u016bdens caurule BLACK LEAF Mini Green 11cm"},"content":{"rendered":"<h2>Stikla \u016bdens caurule BLACK LEAF Mini Green 11cm<\/h2>\n<p>\u016adensp\u012bpe ar dekorat\u012bviem kr\u0101saina stikla rakstiem. \u012apatn\u012bba ir t\u0101da, ka p\u012bpei ir cilpi\u0146a, caur kuru var izvilkt \u0101das siksni\u0146u vai ko t\u0101du, ar ko to pak\u0101rt kakl\u0101.<\/p>\n<p><strong>Specifik\u0101cijas:<\/strong><\/p>\n<p>Diametrs: 60\/18 mm<br \/>\nGarums: 110 mm<br \/>\nCaurules tips: 14,5 mm<br \/>\nMateri\u0101ls: borosilik\u0101ta stikls<\/p>\n<p>Vai jums ir k\u0101di jaut\u0101jumi? Sazinies ar mums\u00a0<a href=\"https:\/\/hookahshop.lt\/lv\/kontaktiem\/\">kontaktu lapa<\/a>\u00a0vai rakstiet mums pa e-pastu\u00a0<a href=\"https:\/\/facebook.com\/HookahShop.lt\/\" target=\"_blank\" rel=\"noopener noreferrer\">Facebook konts<\/a>\u00a0un m\u0113s atbild\u0113sim uz j\u016bsu piepras\u012bjumu taj\u0101 pa\u0161\u0101 dien\u0101.<\/p>","protected":false},"excerpt":{"rendered":"<p>Stikla \u016bdensp\u012bpe BLACK LEAF Mini Green 11cm \u016adensp\u012bpe ar dekorat\u012bviem kr\u0101saina stikla rakstiem. \u012apatn\u012bba ir t\u0101da, ka p\u012bpei ir cilpi\u0146a, caur kuru var izvilkt \u0101das siksni\u0146u vai ko t\u0101du, ar ko to pak\u0101rt kakl\u0101. Specifik\u0101cijas: Diametrs: 60\/18mm Garums: 110mm Caurules tips: 14.5mm Materi\u0101ls: Borosilik\u0101ta stikls Jaut\u0101jumi? Sazinieties ar mums kontaktu lap\u0101 vai [\u2026]<\/p>","protected":false},"featured_media":33973,"comment_status":"open","ping_status":"closed","template":"","meta":[],"_links":{"self":[{"href":"https:\/\/hookahshop.lt\/lv\/wp-json\/wp\/v2\/product\/33971"}],"collection":[{"href":"https:\/\/hookahshop.lt\/lv\/wp-json\/wp\/v2\/product"}],"about":[{"href":"https:\/\/hookahshop.lt\/lv\/wp-json\/wp\/v2\/types\/product"}],"replies":[{"embeddable":true,"href":"https:\/\/hookahshop.lt\/lv\/wp-json\/wp\/v2\/comments?post=33971"}],"version-history":[{"count":3,"href":"https:\/\/hookahshop.lt\/lv\/wp-json\/wp\/v2\/product\/33971\/revisions"}],"predecessor-version":[{"id":34078,"href":"https:\/\/hookahshop.lt\/lv\/wp-json\/wp\/v2\/product\/33971\/revisions\/34078"}],"wp:featuredmedia":[{"embeddable":true,"href":"https:\/\/hookahshop.lt\/lv\/wp-json\/wp\/v2\/media\/33973"}],"wp:attachment":[{"href":"https:\/\/hookahshop.lt\/lv\/wp-json\/wp\/v2\/media?parent=33971"}],"curies":[{"name":"wp","href":"https:\/\/api.w.org\/{rel}","templated":true}]}}