{"id":33976,"date":"2022-10-28T17:13:14","date_gmt":"2022-10-28T14:13:14","guid":{"rendered":"https:\/\/hookahshop.lt\/?post_type=product&#038;p=33976"},"modified":"2026-04-14T23:29:33","modified_gmt":"2026-04-14T20:29:33","slug":"stikline-vandens-pypke-black-leaf-fire","status":"publish","type":"product","link":"https:\/\/hookahshop.lt\/lv\/produkt\/stikls-udens-pipe-melna-lapu-uguns\/","title":{"rendered":"Stikla \u016bdens caurule BLACK LEAF Fire 25cm"},"content":{"rendered":"<h2>Stikla \u016bdens caurule BLACK LEAF Fire 25cm<\/h2>\n<p>Izveidots, izmantojot Black Leaf. Rievotais difuzors un, protams, ledus kamera nodro\u0161ina ledainu d\u016bmu dzes\u0113\u0161anu. Uguns uzsilst pareizi, pateicoties sp\u0113c\u012bgai gaisa padevei un gaisa padevei no kickhole. Tam ir praktisks spraudnis, kas atvieglo t\u012br\u012b\u0161anu. Turkl\u0101t stikla caurules s\u0101nos ir padzi\u013cin\u0101jums, kas nodro\u0161ina vietu nelielam \u0161\u0137iltavai, ekr\u0101na oti\u0146ai, dr\u0101nai utt.<\/p>\n<p><strong>Specifik\u0101cijas:<\/strong><\/p>\n<p>Diametrs: 100\/32 mm<br \/>\nGarums: 250 mm<br \/>\nCaurules tips: 18,8 mm<br \/>\nMateri\u0101ls: borosilik\u0101ta stikls<\/p>\n<p>Vai jums ir k\u0101di jaut\u0101jumi? Sazinies ar mums\u00a0<a href=\"https:\/\/hookahshop.lt\/lv\/kontaktiem\/\">kontaktu lapa<\/a>\u00a0vai rakstiet mums pa e-pastu\u00a0<a href=\"https:\/\/facebook.com\/HookahShop.lt\/\" target=\"_blank\" rel=\"noopener noreferrer\">Facebook konts<\/a>\u00a0un m\u0113s atbild\u0113sim uz j\u016bsu piepras\u012bjumu taj\u0101 pa\u0161\u0101 dien\u0101.<\/p>","protected":false},"excerpt":{"rendered":"<p>Stikla \u016bdens caurule BLACK LEAF Fire 25cm Izveidota izmantojot &quot;Black Leaf&quot;.  Rievotais difuzors un, protams, ledus kamera nodro\u0161ina ledainu d\u016bmu dzes\u0113\u0161anu. Uguns uzsilst pareizi, pateicoties sp\u0113c\u012bgai gaisa padevei un gaisa padevei no kickhole. Tam ir praktisks spraudnis, kas atvieglo t\u012br\u012b\u0161anu. Turkl\u0101t stikla caurules s\u0101nos ir padzi\u013cin\u0101jums, kur\u0101 ir vieta nelielam \u0161\u0137iltavai, ekr\u0101na birstei, audumam [\u2026]<\/p>","protected":false},"featured_media":33977,"comment_status":"open","ping_status":"closed","template":"","meta":[],"_links":{"self":[{"href":"https:\/\/hookahshop.lt\/lv\/wp-json\/wp\/v2\/product\/33976"}],"collection":[{"href":"https:\/\/hookahshop.lt\/lv\/wp-json\/wp\/v2\/product"}],"about":[{"href":"https:\/\/hookahshop.lt\/lv\/wp-json\/wp\/v2\/types\/product"}],"replies":[{"embeddable":true,"href":"https:\/\/hookahshop.lt\/lv\/wp-json\/wp\/v2\/comments?post=33976"}],"version-history":[{"count":3,"href":"https:\/\/hookahshop.lt\/lv\/wp-json\/wp\/v2\/product\/33976\/revisions"}],"predecessor-version":[{"id":34077,"href":"https:\/\/hookahshop.lt\/lv\/wp-json\/wp\/v2\/product\/33976\/revisions\/34077"}],"wp:featuredmedia":[{"embeddable":true,"href":"https:\/\/hookahshop.lt\/lv\/wp-json\/wp\/v2\/media\/33977"}],"wp:attachment":[{"href":"https:\/\/hookahshop.lt\/lv\/wp-json\/wp\/v2\/media?parent=33976"}],"curies":[{"name":"wp","href":"https:\/\/api.w.org\/{rel}","templated":true}]}}