{"id":33980,"date":"2022-10-28T17:34:50","date_gmt":"2022-10-28T14:34:50","guid":{"rendered":"https:\/\/hookahshop.lt\/?post_type=product&#038;p=33980"},"modified":"2026-04-17T23:29:50","modified_gmt":"2026-04-17T20:29:50","slug":"vandens-pypke-black-leaf-revolver-cylinder","status":"publish","type":"product","link":"https:\/\/hookahshop.lt\/lv\/produkt\/udensvads-melns-lapu-revolveris-cilindrs\/","title":{"rendered":"Stikla \u016bdens caurule BLACK LEAF Revolver Cilindrs 15cm"},"content":{"rendered":"<h2>Stikla \u016bdens caurule BLACK LEAF Revolver Cilindrs 15cm<\/h2>\n<p>Sp\u0113c\u012bga un stabila BLACK LEAF platforma revolvera cilindra form\u0101. Mazais bongs ir izgatavots no borsilik\u0101ta stikla, un tam ir e\u013c\u013cas nagla un kupols. Iek\u0161\u0113jais difuzors nedaudz atdzes\u0113 sp\u0113c\u012bgos d\u016bmus.<\/p>\n<p><strong>Specifik\u0101cijas:<\/strong><\/p>\n<p>Diametrs: 80\/16 mm<br \/>\nGarums: 150 mm<br \/>\nKr\u0101sa: dzidra\/ melna<br \/>\nCaurules tips: 14,5 mm<br \/>\nMateri\u0101ls: borosilik\u0101ta stikls<\/p>\n<p>Vai jums ir k\u0101di jaut\u0101jumi? Sazinies ar mums\u00a0<a href=\"https:\/\/hookahshop.lt\/lv\/kontaktiem\/\">kontaktu lapa<\/a>\u00a0vai rakstiet mums pa e-pastu\u00a0<a href=\"https:\/\/facebook.com\/HookahShop.lt\/\" target=\"_blank\" rel=\"noopener noreferrer\">Facebook konts<\/a>\u00a0un m\u0113s atbild\u0113sim uz j\u016bsu piepras\u012bjumu taj\u0101 pa\u0161\u0101 dien\u0101.<\/p>","protected":false},"excerpt":{"rendered":"<p>Stikla \u016bdens caurule BLACK LEAF Revolver Cilindrs 15cm Sp\u0113c\u012bga un stabila BLACK LEAF platforma revolvera cilindra form\u0101. Mazais bongs ir izgatavots no borsilik\u0101ta stikla, un tam ir e\u013c\u013cas nagla un kupols. Iek\u0161\u0113jais difuzors nedaudz atdzes\u0113 sp\u0113c\u012bgos d\u016bmus. Specifik\u0101cijas: Diametrs: 80\/16mm Garums: 150mm Kr\u0101sa: Skaidrs\/melns Caurules tips: 14.5mm Materi\u0101ls: Borosilik\u0101ta stikls Jaut\u0101jumi? [\u2026]<\/p>","protected":false},"featured_media":33981,"comment_status":"open","ping_status":"closed","template":"","meta":[],"_links":{"self":[{"href":"https:\/\/hookahshop.lt\/lv\/wp-json\/wp\/v2\/product\/33980"}],"collection":[{"href":"https:\/\/hookahshop.lt\/lv\/wp-json\/wp\/v2\/product"}],"about":[{"href":"https:\/\/hookahshop.lt\/lv\/wp-json\/wp\/v2\/types\/product"}],"replies":[{"embeddable":true,"href":"https:\/\/hookahshop.lt\/lv\/wp-json\/wp\/v2\/comments?post=33980"}],"version-history":[{"count":2,"href":"https:\/\/hookahshop.lt\/lv\/wp-json\/wp\/v2\/product\/33980\/revisions"}],"predecessor-version":[{"id":34076,"href":"https:\/\/hookahshop.lt\/lv\/wp-json\/wp\/v2\/product\/33980\/revisions\/34076"}],"wp:featuredmedia":[{"embeddable":true,"href":"https:\/\/hookahshop.lt\/lv\/wp-json\/wp\/v2\/media\/33981"}],"wp:attachment":[{"href":"https:\/\/hookahshop.lt\/lv\/wp-json\/wp\/v2\/media?parent=33980"}],"curies":[{"name":"wp","href":"https:\/\/api.w.org\/{rel}","templated":true}]}}