{"id":33985,"date":"2022-10-28T17:52:55","date_gmt":"2022-10-28T14:52:55","guid":{"rendered":"https:\/\/hookahshop.lt\/?post_type=product&#038;p=33985"},"modified":"2026-04-14T23:29:33","modified_gmt":"2026-04-14T20:29:33","slug":"akriline-vandens-pypke-print-black-26cm","status":"publish","type":"product","link":"https:\/\/hookahshop.lt\/lv\/produkt\/akrila-udens-pipe-apdruka-melna-26cm\/","title":{"rendered":"Akrila \u016bdens caurule Druka Melna 26cm"},"content":{"rendered":"<h2>Akrila \u016bdens caurule Druka Melna 26cm<\/h2>\n<p>Interesantas grafikas druk\u0101tas pilnkr\u0101s\u0101! Akrila bongs ir piln\u012bb\u0101 apdruk\u0101ts ar grafiti stila grafiku un ir labs sabiedrotais katr\u0101 ball\u012bt\u0113 un festiv\u0101l\u0101, pateicoties t\u0101 vieglajam svaram!<\/p>\n<p><strong>Specifik\u0101cijas:<\/strong><\/p>\n<p>Diametrs: 67\/30 mm<br \/>\nGarums: 26 cm<br \/>\nMateri\u0101ls: Akrils<\/p>\n<p>Vai jums ir k\u0101di jaut\u0101jumi? Sazinies ar mums\u00a0<a href=\"https:\/\/hookahshop.lt\/lv\/kontaktiem\/\">kontaktu lapa<\/a>\u00a0vai rakstiet mums pa e-pastu\u00a0<a href=\"https:\/\/facebook.com\/HookahShop.lt\/\" target=\"_blank\" rel=\"noopener noreferrer\">Facebook konts<\/a>\u00a0un m\u0113s atbild\u0113sim uz j\u016bsu piepras\u012bjumu taj\u0101 pa\u0161\u0101 dien\u0101.<\/p>","protected":false},"excerpt":{"rendered":"<p>Akrila \u016bdensp\u012bpe Druka Melna 26cm Interesanta grafika, apdruk\u0101ta vis\u0101s kr\u0101s\u0101s! Akrila bongs ir piln\u012bb\u0101 apdruk\u0101ts ar grafiti stila grafiku un ir labs sabiedrotais katr\u0101 ball\u012bt\u0113 un festiv\u0101l\u0101, pateicoties t\u0101 vieglajam svaram! Specifik\u0101cijas: Diametrs: 67\/30 mm Garums: 26 cm Materi\u0101ls: Akrils Jaut\u0101jumi? Sazinieties ar mums kontaktu lap\u0101 vai rakstiet mums uz m\u016bsu Facebook kontu un m\u0113s atbild\u0113sim uz j\u016bsu piepras\u012bjumu taj\u0101 pa\u0161\u0101 [...]<\/p>","protected":false},"featured_media":33987,"comment_status":"open","ping_status":"closed","template":"","meta":[],"_links":{"self":[{"href":"https:\/\/hookahshop.lt\/lv\/wp-json\/wp\/v2\/product\/33985"}],"collection":[{"href":"https:\/\/hookahshop.lt\/lv\/wp-json\/wp\/v2\/product"}],"about":[{"href":"https:\/\/hookahshop.lt\/lv\/wp-json\/wp\/v2\/types\/product"}],"replies":[{"embeddable":true,"href":"https:\/\/hookahshop.lt\/lv\/wp-json\/wp\/v2\/comments?post=33985"}],"version-history":[{"count":3,"href":"https:\/\/hookahshop.lt\/lv\/wp-json\/wp\/v2\/product\/33985\/revisions"}],"predecessor-version":[{"id":40897,"href":"https:\/\/hookahshop.lt\/lv\/wp-json\/wp\/v2\/product\/33985\/revisions\/40897"}],"wp:featuredmedia":[{"embeddable":true,"href":"https:\/\/hookahshop.lt\/lv\/wp-json\/wp\/v2\/media\/33987"}],"wp:attachment":[{"href":"https:\/\/hookahshop.lt\/lv\/wp-json\/wp\/v2\/media?parent=33985"}],"curies":[{"name":"wp","href":"https:\/\/api.w.org\/{rel}","templated":true}]}}