{"id":33990,"date":"2022-10-28T18:01:34","date_gmt":"2022-10-28T15:01:34","guid":{"rendered":"https:\/\/hookahshop.lt\/?post_type=product&#038;p=33990"},"modified":"2026-04-13T23:29:34","modified_gmt":"2026-04-13T20:29:34","slug":"akriline-vandens-pypke-print-black-32cm","status":"publish","type":"product","link":"https:\/\/hookahshop.lt\/lv\/produkt\/akrils-udens-pipe-print-melns-32cm\/","title":{"rendered":"Akrila \u016bdens caurule Druka Melna 32cm"},"content":{"rendered":"<h2>Akrila \u016bdens caurule Druka Melna 32cm<\/h2>\n<p>Interesanta grafika vis\u0101 druk\u0101! Akrila bongs ir apdruk\u0101ts ar grafiti stila grafiku, pateicoties t\u0101 vieglajam svaram, tas ir uzticams kompanjons katr\u0101 ball\u012bt\u0113 un festiv\u0101l\u0101!<\/p>\n<p><strong>Specifik\u0101cijas:<\/strong><\/p>\n<p>Diametrs: 92\/50 mm<br \/>\nGarums: 320 mm<br \/>\nMateri\u0101ls: Akrils<\/p>\n<p>Vai jums ir k\u0101di jaut\u0101jumi? Sazinies ar mums\u00a0<a href=\"https:\/\/hookahshop.lt\/lv\/kontaktiem\/\">kontaktu lapa<\/a>\u00a0vai rakstiet mums pa e-pastu\u00a0<a href=\"https:\/\/facebook.com\/HookahShop.lt\/\" target=\"_blank\" rel=\"noopener noreferrer\">Facebook konts<\/a>\u00a0un m\u0113s atbild\u0113sim uz j\u016bsu piepras\u012bjumu taj\u0101 pa\u0161\u0101 dien\u0101.<\/p>","protected":false},"excerpt":{"rendered":"<p>Akrila \u016bdens caurule Druk\u0101t Melns 32cm Interesanta grafika vis\u0101 druk\u0101! Akrila bongs ir apdruk\u0101ts ar grafiti stila grafiku, pateicoties t\u0101 vieglajam svaram, tas ir uzticams kompanjons katr\u0101 ball\u012bt\u0113 un festiv\u0101l\u0101! Specifik\u0101cijas: Diametrs: 92\/50 mm Garums: 320 mm Materi\u0101ls: Akrils Jaut\u0101jumi? Sazinieties ar mums kontaktu lap\u0101 vai rakstiet mums uz m\u016bsu Facebook kontu un m\u0113s atbild\u0113sim uz j\u016bsu piepras\u012bjumu taj\u0101 pa\u0161\u0101 [...]<\/p>","protected":false},"featured_media":33991,"comment_status":"open","ping_status":"closed","template":"","meta":[],"_links":{"self":[{"href":"https:\/\/hookahshop.lt\/lv\/wp-json\/wp\/v2\/product\/33990"}],"collection":[{"href":"https:\/\/hookahshop.lt\/lv\/wp-json\/wp\/v2\/product"}],"about":[{"href":"https:\/\/hookahshop.lt\/lv\/wp-json\/wp\/v2\/types\/product"}],"replies":[{"embeddable":true,"href":"https:\/\/hookahshop.lt\/lv\/wp-json\/wp\/v2\/comments?post=33990"}],"version-history":[{"count":3,"href":"https:\/\/hookahshop.lt\/lv\/wp-json\/wp\/v2\/product\/33990\/revisions"}],"predecessor-version":[{"id":34074,"href":"https:\/\/hookahshop.lt\/lv\/wp-json\/wp\/v2\/product\/33990\/revisions\/34074"}],"wp:featuredmedia":[{"embeddable":true,"href":"https:\/\/hookahshop.lt\/lv\/wp-json\/wp\/v2\/media\/33991"}],"wp:attachment":[{"href":"https:\/\/hookahshop.lt\/lv\/wp-json\/wp\/v2\/media?parent=33990"}],"curies":[{"name":"wp","href":"https:\/\/api.w.org\/{rel}","templated":true}]}}