{"id":33994,"date":"2022-10-28T18:08:55","date_gmt":"2022-10-28T15:08:55","guid":{"rendered":"https:\/\/hookahshop.lt\/?post_type=product&#038;p=33994"},"modified":"2026-04-13T23:29:34","modified_gmt":"2026-04-13T20:29:34","slug":"akriline-vandens-pypke-mini-ivairiu-spalvu","status":"publish","type":"product","link":"https:\/\/hookahshop.lt\/lv\/produkt\/akrils-udens-pipe-mini-dazadas-krasas\/","title":{"rendered":"Akrila \u016bdens caurule Mini da\u017e\u0101das kr\u0101sas 17cm"},"content":{"rendered":"<h2>Akrila \u016bdens caurule Mini da\u017e\u0101das kr\u0101sas 17cm<\/h2>\n<p>Mazs, \u0113rts akrila bongs ar met\u0101la caurul\u012bti un kr\u016bz\u012bti. \u0112rts ce\u013co\u0161anai vai m\u0101j\u0101s. \u0160im bongam ir mazs trieciena caurums un elast\u012bga un no\u0146emama pamatne stabilit\u0101tei.<\/p>\n<p><strong>Specifik\u0101cijas:<\/strong><br \/>\nGarums: 17 cm<br \/>\nKr\u0101sa: da\u017e\u0101das kr\u0101sas (kr\u0101su varat nor\u0101d\u012bt piez\u012bm\u0113s: <strong>melna, zila, za\u013ca, roz\u0101, caursp\u012bd\u012bga<\/strong>)<br \/>\nMateri\u0101ls: Akrils<\/p>\n<p>Vai jums ir k\u0101di jaut\u0101jumi? Sazinies ar mums\u00a0<a href=\"https:\/\/hookahshop.lt\/lv\/kontaktiem\/\">kontaktu lapa<\/a>\u00a0vai rakstiet mums pa e-pastu\u00a0<a href=\"https:\/\/facebook.com\/HookahShop.lt\/\" target=\"_blank\" rel=\"noopener noreferrer\">Facebook konts<\/a>\u00a0un m\u0113s atbild\u0113sim uz j\u016bsu piepras\u012bjumu taj\u0101 pa\u0161\u0101 dien\u0101.<\/p>","protected":false},"excerpt":{"rendered":"<p>Akrila \u016bdensp\u012bpe Mini da\u017e\u0101d\u0101s kr\u0101s\u0101s 17cm Maza, \u0113rta akrila \u016bdensp\u012bpe ar met\u0101la caurul\u012bti un kr\u016bz\u012bti. \u0112rta ce\u013cojumiem vai m\u0101j\u0101m. \u0160im bongam ir neliels \u201cKick-Hole\u201d caurums un elast\u012bga un no\u0146emama pamatne, kas nodro\u0161ina stabilit\u0101ti. Specifik\u0101cijas: Garums: 17 cm Kr\u0101sa: Da\u017e\u0101das kr\u0101sas (kr\u0101su varat atz\u012bm\u0113t piez\u012bm\u0113s: melna, zila, za\u013ca, roz\u0101, caursp\u012bd\u012bga) Materi\u0101ls: Akrils Vai jums ir jaut\u0101jumi? Sazinieties [\u2026]<\/p>","protected":false},"featured_media":33995,"comment_status":"open","ping_status":"closed","template":"","meta":[],"_links":{"self":[{"href":"https:\/\/hookahshop.lt\/lv\/wp-json\/wp\/v2\/product\/33994"}],"collection":[{"href":"https:\/\/hookahshop.lt\/lv\/wp-json\/wp\/v2\/product"}],"about":[{"href":"https:\/\/hookahshop.lt\/lv\/wp-json\/wp\/v2\/types\/product"}],"replies":[{"embeddable":true,"href":"https:\/\/hookahshop.lt\/lv\/wp-json\/wp\/v2\/comments?post=33994"}],"version-history":[{"count":4,"href":"https:\/\/hookahshop.lt\/lv\/wp-json\/wp\/v2\/product\/33994\/revisions"}],"predecessor-version":[{"id":41466,"href":"https:\/\/hookahshop.lt\/lv\/wp-json\/wp\/v2\/product\/33994\/revisions\/41466"}],"wp:featuredmedia":[{"embeddable":true,"href":"https:\/\/hookahshop.lt\/lv\/wp-json\/wp\/v2\/media\/33995"}],"wp:attachment":[{"href":"https:\/\/hookahshop.lt\/lv\/wp-json\/wp\/v2\/media?parent=33994"}],"curies":[{"name":"wp","href":"https:\/\/api.w.org\/{rel}","templated":true}]}}