{"id":33999,"date":"2022-10-28T18:16:36","date_gmt":"2022-10-28T15:16:36","guid":{"rendered":"https:\/\/hookahshop.lt\/?post_type=product&#038;p=33999"},"modified":"2026-04-13T23:29:34","modified_gmt":"2026-04-13T20:29:34","slug":"stikline-vandens-pypke-40cm","status":"publish","type":"product","link":"https:\/\/hookahshop.lt\/lv\/produkt\/stikls-udens-caurule-40cm\/","title":{"rendered":"Stikla \u016bdensvads 40cm"},"content":{"rendered":"<h2>Stikla \u016bdensvads 40cm<\/h2>\n<p>Slavenais BREIT stikla bongs bez logotipa, k\u0101 parasti, lieliska cenas un v\u0113rt\u012bbas attiec\u012bba. Ar \u010dilumu un atveri priek\u0161pus\u0113. Lieliska kvalit\u0101te: smags, ar stabilu pamatni.<\/p>\n<p><strong>Specifik\u0101cijas:<\/strong><\/p>\n<p>Diametrs: 55 mm<br \/>\nGarums: 40 cm<br \/>\nKr\u0101sa: caursp\u012bd\u012bga<br \/>\nCaurules tips: 18,8 mm<br \/>\nMateri\u0101ls: borosilik\u0101ta stikls<\/p>\n<p>Vai jums ir k\u0101di jaut\u0101jumi? Sazinies ar mums\u00a0<a href=\"https:\/\/hookahshop.lt\/lv\/kontaktiem\/\">kontaktu lapa<\/a>\u00a0vai rakstiet mums pa e-pastu\u00a0<a href=\"https:\/\/facebook.com\/HookahShop.lt\/\" target=\"_blank\" rel=\"noopener noreferrer\">Facebook konts<\/a>\u00a0un m\u0113s atbild\u0113sim uz j\u016bsu piepras\u012bjumu taj\u0101 pa\u0161\u0101 dien\u0101.<\/p>","protected":false},"excerpt":{"rendered":"<p>Stiklin\u0117 vandens pypk\u0117 40cm Garsusis BREIT stiklinis bongas be logotipo, kaip \u012fprasta, puikus kainos ir kokyb\u0117s santykis. Su chillum, kickhole. Puiki kokyb\u0117: sunkus, su stabiliu pagrindu. Specifikacijos: Skersmuo: 55 mm Ilgis: 40 cm Spalva: Skaidrus Vamzdelio tipas: 18,8 mm Med\u017eiaga: Borosilikatinis stiklas Turite klausim\u0173? Susisiekite su mumis\u00a0kontakt\u0173 puslapyje\u00a0arba para\u0161ykite mums \u012f\u00a0Facebook paskyr\u0105\u00a0ir atsakysime \u012f j\u016bs\u0173 [&hellip;]<\/p>","protected":false},"featured_media":44682,"comment_status":"open","ping_status":"closed","template":"","meta":[],"_links":{"self":[{"href":"https:\/\/hookahshop.lt\/lv\/wp-json\/wp\/v2\/product\/33999"}],"collection":[{"href":"https:\/\/hookahshop.lt\/lv\/wp-json\/wp\/v2\/product"}],"about":[{"href":"https:\/\/hookahshop.lt\/lv\/wp-json\/wp\/v2\/types\/product"}],"replies":[{"embeddable":true,"href":"https:\/\/hookahshop.lt\/lv\/wp-json\/wp\/v2\/comments?post=33999"}],"version-history":[{"count":5,"href":"https:\/\/hookahshop.lt\/lv\/wp-json\/wp\/v2\/product\/33999\/revisions"}],"predecessor-version":[{"id":44942,"href":"https:\/\/hookahshop.lt\/lv\/wp-json\/wp\/v2\/product\/33999\/revisions\/44942"}],"wp:featuredmedia":[{"embeddable":true,"href":"https:\/\/hookahshop.lt\/lv\/wp-json\/wp\/v2\/media\/44682"}],"wp:attachment":[{"href":"https:\/\/hookahshop.lt\/lv\/wp-json\/wp\/v2\/media?parent=33999"}],"curies":[{"name":"wp","href":"https:\/\/api.w.org\/{rel}","templated":true}]}}