{"id":34008,"date":"2022-10-28T18:59:21","date_gmt":"2022-10-28T15:59:21","guid":{"rendered":"https:\/\/hookahshop.lt\/?post_type=product&#038;p=34008"},"modified":"2026-04-17T16:33:37","modified_gmt":"2026-04-17T13:33:37","slug":"stikline-vandens-pypke-black-leaf-black","status":"publish","type":"product","link":"https:\/\/hookahshop.lt\/lv\/produkt\/stikls-udens-pipe-melna-lapa-melna\/","title":{"rendered":"Stikla \u016bdens caurule BLACK LEAF Black 23cm"},"content":{"rendered":"<h2>Stikla \u016bdens caurule BLACK LEAF Black 23cm<\/h2>\n<p>\u0112rta stikla caurule no Black Leaf ar du\u0161as galvas perkolatoru. Gaisa un \u016bdens ieelpo\u0161ana sp\u0113c\u012bgi grie\u017e perkolatoru. Tas atdzes\u0113 d\u016bmus un vienlaikus tos filtr\u0113. Perkolatora funkcija, d\u016bmu dzes\u0113\u0161ana.<\/p>\n<p><strong>Specifik\u0101cijas:<\/strong><br \/>\nDiametrs: 84\/22 mm<br \/>\nGarums: 230 mm<br \/>\nKr\u0101sa melna<br \/>\nCaurules tips: 14,4 mm<br \/>\nMateri\u0101ls: borosilik\u0101ta stikls<\/p>\n<p>Vai jums ir k\u0101di jaut\u0101jumi? Sazinies ar mums\u00a0<a href=\"https:\/\/hookahshop.lt\/lv\/kontaktiem\/\">kontaktu lapa<\/a>\u00a0vai rakstiet mums pa e-pastu\u00a0<a href=\"https:\/\/facebook.com\/HookahShop.lt\/\" target=\"_blank\" rel=\"noopener noreferrer\">Facebook konts<\/a>\u00a0un m\u0113s atbild\u0113sim uz j\u016bsu piepras\u012bjumu taj\u0101 pa\u0161\u0101 dien\u0101.<\/p>","protected":false},"excerpt":{"rendered":"<p>Stikla \u016bdens caurule BLACK LEAF Black 23cm \u0112rta stikla caurule no Black Leaf ar du\u0161as galvas perkolatoru. Gaisa un \u016bdens ieelpo\u0161ana sp\u0113c\u012bgi grie\u017e perkolatoru. Tas atdzes\u0113 d\u016bmus un vienlaikus tos filtr\u0113. Perkolatora funkcija, d\u016bmu dzes\u0113\u0161ana. Specifik\u0101cijas: Diametrs: 84\/22mm Garums: 230mm Kr\u0101sa: Melna Caurules tips: 14.4mm Materi\u0101ls: Borosilik\u0101ta stikls Jaut\u0101jumi? [\u2026]<\/p>","protected":false},"featured_media":34009,"comment_status":"open","ping_status":"closed","template":"","meta":[],"_links":{"self":[{"href":"https:\/\/hookahshop.lt\/lv\/wp-json\/wp\/v2\/product\/34008"}],"collection":[{"href":"https:\/\/hookahshop.lt\/lv\/wp-json\/wp\/v2\/product"}],"about":[{"href":"https:\/\/hookahshop.lt\/lv\/wp-json\/wp\/v2\/types\/product"}],"replies":[{"embeddable":true,"href":"https:\/\/hookahshop.lt\/lv\/wp-json\/wp\/v2\/comments?post=34008"}],"version-history":[{"count":3,"href":"https:\/\/hookahshop.lt\/lv\/wp-json\/wp\/v2\/product\/34008\/revisions"}],"predecessor-version":[{"id":42212,"href":"https:\/\/hookahshop.lt\/lv\/wp-json\/wp\/v2\/product\/34008\/revisions\/42212"}],"wp:featuredmedia":[{"embeddable":true,"href":"https:\/\/hookahshop.lt\/lv\/wp-json\/wp\/v2\/media\/34009"}],"wp:attachment":[{"href":"https:\/\/hookahshop.lt\/lv\/wp-json\/wp\/v2\/media?parent=34008"}],"curies":[{"name":"wp","href":"https:\/\/api.w.org\/{rel}","templated":true}]}}