{"id":34012,"date":"2022-10-28T19:04:23","date_gmt":"2022-10-28T16:04:23","guid":{"rendered":"https:\/\/hookahshop.lt\/?post_type=product&#038;p=34012"},"modified":"2026-04-17T16:33:37","modified_gmt":"2026-04-17T13:33:37","slug":"stikline-vandens-pypke-black-leaf-hemp","status":"publish","type":"product","link":"https:\/\/hookahshop.lt\/lv\/produkt\/stikls-udens-pipe-melna-lapa-kanepes\/","title":{"rendered":"Stikla \u016bdens caurule BLACK LEAF Ka\u0146epes 18cm"},"content":{"rendered":"<h2>Stikla \u016bdens caurule BLACK LEAF Ka\u0146epes 18cm<\/h2>\n<p>Izgatavots no borsilik\u0101ta stikla, tas ir mazs un ar lielu ietilp\u012bbu.<\/p>\n<p><strong>Specifik\u0101cijas:<\/strong><br \/>\nDiametrs: 25\/65 mm<br \/>\nGarums: 180 mm<br \/>\nKr\u0101sa: caursp\u012bd\u012bga<br \/>\nCaurules tips: 14,5 mm<br \/>\nMateri\u0101ls: borosilik\u0101ta stikls<\/p>\n<p>Vai jums ir k\u0101di jaut\u0101jumi? Sazinies ar mums\u00a0<a href=\"https:\/\/hookahshop.lt\/lv\/kontaktiem\/\">kontaktu lapa<\/a>\u00a0vai rakstiet mums pa e-pastu\u00a0<a href=\"https:\/\/facebook.com\/HookahShop.lt\/\" target=\"_blank\" rel=\"noopener noreferrer\">Facebook konts<\/a>\u00a0un m\u0113s atbild\u0113sim uz j\u016bsu piepras\u012bjumu taj\u0101 pa\u0161\u0101 dien\u0101.<\/p>","protected":false},"excerpt":{"rendered":"<p>Stikla \u016bdens caurule BLACK LEAF Ka\u0146epes 18cm Izgatavota no borsilik\u0101ta stikla, t\u0101 ir maza un ar lielu ietilp\u012bbu. Specifik\u0101cijas: Diametrs: 25\/65mm Garums: 180mm Kr\u0101sa: Caursp\u012bd\u012bgas caurules tips: 14.5mm Materi\u0101ls: Borosilik\u0101ta stikls Jaut\u0101jumi? Sazinieties ar mums kontaktu lap\u0101 vai rakstiet mums uz m\u016bsu Facebook kontu un m\u0113s atbild\u0113sim uz j\u016bsu piepras\u012bjumu taj\u0101 pa\u0161\u0101 dien\u0101.<\/p>","protected":false},"featured_media":34013,"comment_status":"open","ping_status":"closed","template":"","meta":[],"_links":{"self":[{"href":"https:\/\/hookahshop.lt\/lv\/wp-json\/wp\/v2\/product\/34012"}],"collection":[{"href":"https:\/\/hookahshop.lt\/lv\/wp-json\/wp\/v2\/product"}],"about":[{"href":"https:\/\/hookahshop.lt\/lv\/wp-json\/wp\/v2\/types\/product"}],"replies":[{"embeddable":true,"href":"https:\/\/hookahshop.lt\/lv\/wp-json\/wp\/v2\/comments?post=34012"}],"version-history":[{"count":3,"href":"https:\/\/hookahshop.lt\/lv\/wp-json\/wp\/v2\/product\/34012\/revisions"}],"predecessor-version":[{"id":37341,"href":"https:\/\/hookahshop.lt\/lv\/wp-json\/wp\/v2\/product\/34012\/revisions\/37341"}],"wp:featuredmedia":[{"embeddable":true,"href":"https:\/\/hookahshop.lt\/lv\/wp-json\/wp\/v2\/media\/34013"}],"wp:attachment":[{"href":"https:\/\/hookahshop.lt\/lv\/wp-json\/wp\/v2\/media?parent=34012"}],"curies":[{"name":"wp","href":"https:\/\/api.w.org\/{rel}","templated":true}]}}