{"id":34016,"date":"2022-10-28T19:10:24","date_gmt":"2022-10-28T16:10:24","guid":{"rendered":"https:\/\/hookahshop.lt\/?post_type=product&#038;p=34016"},"modified":"2026-05-13T23:29:55","modified_gmt":"2026-05-13T20:29:55","slug":"vandens-pypke-black-leaf-honeycomb-grey","status":"publish","type":"product","link":"https:\/\/hookahshop.lt\/lv\/produkt\/udenspipe-melna-lapu-sunveida-peleka\/","title":{"rendered":"Stikla \u016bdens caurule BLACK LEAF HoneyComb Grey 38cm"},"content":{"rendered":"<h2>Stikla \u016bdens caurule BLACK LEAF HoneyComb Grey 38cm<\/h2>\n<p>Stikla bongs no BLACK LEAF, kur\u0101 d\u016bmus optim\u0101li atdzes\u0113 un filtr\u0113 daudzl\u012bme\u0146u sist\u0113ma. Pirmk\u0101rt, d\u016bmiem ir j\u0101iziet caur HoneyComb disku difuzoru. P\u0113c tam tas iziet cauri kameras sa\u0161aurin\u0101jumam un turpina griezties caur koka perkolatora 8 svir\u0101m. P\u0113d\u0113jais, bet ne maz\u0101k svar\u012bgi, d\u016bmiem ir j\u0101nok\u013c\u016bst ledus kamer\u0101, kur j\u016bs varat v\u0113l vair\u0101k atdzes\u0113t d\u016bmus, piepildot tos ar ledus gabali\u0146iem.<\/p>\n<p><strong>Specifik\u0101cijas:<\/strong><\/p>\n<p>Diametrs: 64\/50 mm<br \/>\nGarums: 385 mm<br \/>\nKr\u0101sa: pel\u0113ka<br \/>\nCaurules tips: 18,8 mm<br \/>\nMateri\u0101ls: borosilik\u0101ta stikls<\/p>\n<p>Vai jums ir k\u0101di jaut\u0101jumi? Sazinies ar mums\u00a0<a href=\"https:\/\/hookahshop.lt\/lv\/kontaktiem\/\">kontaktu lapa<\/a>\u00a0vai rakstiet mums pa e-pastu\u00a0<a href=\"https:\/\/facebook.com\/HookahShop.lt\/\" target=\"_blank\" rel=\"noopener noreferrer\">Facebook konts<\/a>\u00a0un m\u0113s atbild\u0113sim uz j\u016bsu piepras\u012bjumu taj\u0101 pa\u0161\u0101 dien\u0101.<\/p>","protected":false},"excerpt":{"rendered":"<p>Stikla \u016bdens caurule BLACK LEAF HoneyComb Grey 38cm Stikla bong no BLACK LEAF, kur\u0101 d\u016bmus optim\u0101li atdzes\u0113 un filtr\u0113 daudzl\u012bme\u0146u sist\u0113ma. Pirmk\u0101rt, d\u016bmiem ir j\u0101iziet caur HoneyComb disku difuzoru. P\u0113c tam tas iziet cauri kameras sa\u0161aurin\u0101jumam un turpina griezties caur koka perkolatora 8 svir\u0101m. Visbeidzot, d\u016bmiem ir j\u0101iek\u013c\u016bst [\u2026]<\/p>","protected":false},"featured_media":34017,"comment_status":"open","ping_status":"closed","template":"","meta":[],"_links":{"self":[{"href":"https:\/\/hookahshop.lt\/lv\/wp-json\/wp\/v2\/product\/34016"}],"collection":[{"href":"https:\/\/hookahshop.lt\/lv\/wp-json\/wp\/v2\/product"}],"about":[{"href":"https:\/\/hookahshop.lt\/lv\/wp-json\/wp\/v2\/types\/product"}],"replies":[{"embeddable":true,"href":"https:\/\/hookahshop.lt\/lv\/wp-json\/wp\/v2\/comments?post=34016"}],"version-history":[{"count":3,"href":"https:\/\/hookahshop.lt\/lv\/wp-json\/wp\/v2\/product\/34016\/revisions"}],"predecessor-version":[{"id":34063,"href":"https:\/\/hookahshop.lt\/lv\/wp-json\/wp\/v2\/product\/34016\/revisions\/34063"}],"wp:featuredmedia":[{"embeddable":true,"href":"https:\/\/hookahshop.lt\/lv\/wp-json\/wp\/v2\/media\/34017"}],"wp:attachment":[{"href":"https:\/\/hookahshop.lt\/lv\/wp-json\/wp\/v2\/media?parent=34016"}],"curies":[{"name":"wp","href":"https:\/\/api.w.org\/{rel}","templated":true}]}}