{"id":34020,"date":"2022-10-28T19:28:57","date_gmt":"2022-10-28T16:28:57","guid":{"rendered":"https:\/\/hookahshop.lt\/?post_type=product&#038;p=34020"},"modified":"2026-04-17T23:29:50","modified_gmt":"2026-04-17T20:29:50","slug":"vandens-pypke-black-leaf-leaf-cylinder","status":"publish","type":"product","link":"https:\/\/hookahshop.lt\/lv\/produkt\/udensvads-melns-lapu-lapu-cilindrs\/","title":{"rendered":"Stikla \u016bdens caurule BLACK LEAF Lapu Cilindrs 30cm"},"content":{"rendered":"<h2>Stikla \u016bdens caurule BLACK LEAF Lapu Cilindrs 30cm<\/h2>\n<p>Klasisk\u0101, maz\u0101 izm\u0113ra Black Leaf bong ir iztur\u012bga un apr\u012bkota ar aizb\u0101zni, kas atvieglo \u0161\u012bs \u0113rt\u0101s \u016bdensp\u012bpes t\u012br\u012b\u0161anu. \u016adensp\u012bpei ir liela ietilp\u012bba.<\/p>\n<p><strong>Specifik\u0101cijas:<\/strong><\/p>\n<p>Diametrs: 50 mm<br \/>\nGarums: 300 mm<br \/>\nKr\u0101sa: caursp\u012bd\u012bga<br \/>\nCaurules tips: 18,8 mm<br \/>\nMateri\u0101ls: borosilik\u0101ta stikls<\/p>\n<p>Vai jums ir k\u0101di jaut\u0101jumi? Sazinies ar mums\u00a0<a href=\"https:\/\/hookahshop.lt\/lv\/kontaktiem\/\">kontaktu lapa<\/a>\u00a0vai rakstiet mums pa e-pastu\u00a0<a href=\"https:\/\/facebook.com\/HookahShop.lt\/\" target=\"_blank\" rel=\"noopener noreferrer\">Facebook konts<\/a>\u00a0un m\u0113s atbild\u0113sim uz j\u016bsu piepras\u012bjumu taj\u0101 pa\u0161\u0101 dien\u0101.<\/p>","protected":false},"excerpt":{"rendered":"<p>Stiklin\u0117 vandens pypk\u0117 BLACK LEAF Leaf Cylinder 30cm Klasikinis ma\u017eo dyd\u017eio &#8222;Black Leaf&#8221; bongas yra tvirtas ir turi ki\u0161tuk\u0105 kickhole &#8211; tai labai palengvina \u0161io patogaus vandens pypk\u0117s valym\u0105. Vandens pypk\u0117 turi didel\u0119 talp\u0105. Specifikacijos: Skersmuo: 50 mm Ilgis: 300 mm Spalva: Skaidrus Vamzdelio tipas: 18,8 mm Med\u017eiaga: Borosilikatinis stiklas Turite klausim\u0173? Susisiekite su mumis\u00a0kontakt\u0173 [&hellip;]<\/p>","protected":false},"featured_media":34021,"comment_status":"open","ping_status":"closed","template":"","meta":[],"_links":{"self":[{"href":"https:\/\/hookahshop.lt\/lv\/wp-json\/wp\/v2\/product\/34020"}],"collection":[{"href":"https:\/\/hookahshop.lt\/lv\/wp-json\/wp\/v2\/product"}],"about":[{"href":"https:\/\/hookahshop.lt\/lv\/wp-json\/wp\/v2\/types\/product"}],"replies":[{"embeddable":true,"href":"https:\/\/hookahshop.lt\/lv\/wp-json\/wp\/v2\/comments?post=34020"}],"version-history":[{"count":4,"href":"https:\/\/hookahshop.lt\/lv\/wp-json\/wp\/v2\/product\/34020\/revisions"}],"predecessor-version":[{"id":37064,"href":"https:\/\/hookahshop.lt\/lv\/wp-json\/wp\/v2\/product\/34020\/revisions\/37064"}],"wp:featuredmedia":[{"embeddable":true,"href":"https:\/\/hookahshop.lt\/lv\/wp-json\/wp\/v2\/media\/34021"}],"wp:attachment":[{"href":"https:\/\/hookahshop.lt\/lv\/wp-json\/wp\/v2\/media?parent=34020"}],"curies":[{"name":"wp","href":"https:\/\/api.w.org\/{rel}","templated":true}]}}