{"id":34025,"date":"2022-10-28T19:35:25","date_gmt":"2022-10-28T16:35:25","guid":{"rendered":"https:\/\/hookahshop.lt\/?post_type=product&#038;p=34025"},"modified":"2026-04-17T23:29:50","modified_gmt":"2026-04-17T20:29:50","slug":"vandens-pypke-black-leaf-leaffly-cylinder","status":"publish","type":"product","link":"https:\/\/hookahshop.lt\/lv\/produkt\/udensvads-melns-lapu-lapu-cilindru\/","title":{"rendered":"Stikla \u016bdens caurule BLACK LEAF Leaffly Cilindrs 30cm"},"content":{"rendered":"<h2>Stikla \u016bdens caurule BLACK LEAF Leaffly Cilindrs 30cm<\/h2>\n<p>Taisns cilindrs ar Leaffly ilustr\u0101ciju. Za\u013c\u0101 bong b\u0101ze izskat\u0101s lieliski. D\u016bmu dzes\u0113\u0161anu un filtr\u0113\u0161anu nodro\u0161ina rievotais chillum difuzors, kas ener\u0123iski vibr\u0113 bonga \u016bdeni un gaisu. Papildu d\u016bmu dzes\u0113\u0161anai ir ledus kamera ledus kubi\u0146u dzes\u0113\u0161anai.<\/p>\n<p><strong>Specifik\u0101cijas:<\/strong><\/p>\n<p>Diametrs: 44 mm<br \/>\nGarums: 30 cm<br \/>\nKr\u0101sa: caursp\u012bd\u012bga za\u013cgana<br \/>\nCaurules tips: 18,8 mm<br \/>\nMateri\u0101ls: borosilik\u0101ta stikls<\/p>\n<p>Vai jums ir k\u0101di jaut\u0101jumi? Sazinies ar mums\u00a0<a href=\"https:\/\/hookahshop.lt\/lv\/kontaktiem\/\">kontaktu lapa<\/a>\u00a0vai rakstiet mums pa e-pastu\u00a0<a href=\"https:\/\/facebook.com\/HookahShop.lt\/\" target=\"_blank\" rel=\"noopener noreferrer\">Facebook konts<\/a>\u00a0un m\u0113s atbild\u0113sim uz j\u016bsu piepras\u012bjumu taj\u0101 pa\u0161\u0101 dien\u0101.<\/p>","protected":false},"excerpt":{"rendered":"<p>Stikla \u016bdens caurule BLACK LEAF Leaffly cilindrs 30cm Taisns cilindrs ar &quot;Leaffly&quot; ilustr\u0101ciju. Za\u013c\u0101 bong b\u0101ze izskat\u0101s lieliski. D\u016bmu dzes\u0113\u0161anu un filtr\u0113\u0161anu nodro\u0161ina rievotais chillum difuzors, kas ener\u0123iski vibr\u0113 bonga \u016bdeni un gaisu. Papildu d\u016bmu dzes\u0113\u0161anai ir ledus kamera ledus kubi\u0146u dzes\u0113\u0161anai. Specifik\u0101cijas: Diametrs: 44 mm Garums: 30 cm Kr\u0101sa: Dzidri za\u013ca [\u2026]<\/p>","protected":false},"featured_media":34026,"comment_status":"open","ping_status":"closed","template":"","meta":[],"_links":{"self":[{"href":"https:\/\/hookahshop.lt\/lv\/wp-json\/wp\/v2\/product\/34025"}],"collection":[{"href":"https:\/\/hookahshop.lt\/lv\/wp-json\/wp\/v2\/product"}],"about":[{"href":"https:\/\/hookahshop.lt\/lv\/wp-json\/wp\/v2\/types\/product"}],"replies":[{"embeddable":true,"href":"https:\/\/hookahshop.lt\/lv\/wp-json\/wp\/v2\/comments?post=34025"}],"version-history":[{"count":4,"href":"https:\/\/hookahshop.lt\/lv\/wp-json\/wp\/v2\/product\/34025\/revisions"}],"predecessor-version":[{"id":42657,"href":"https:\/\/hookahshop.lt\/lv\/wp-json\/wp\/v2\/product\/34025\/revisions\/42657"}],"wp:featuredmedia":[{"embeddable":true,"href":"https:\/\/hookahshop.lt\/lv\/wp-json\/wp\/v2\/media\/34026"}],"wp:attachment":[{"href":"https:\/\/hookahshop.lt\/lv\/wp-json\/wp\/v2\/media?parent=34025"}],"curies":[{"name":"wp","href":"https:\/\/api.w.org\/{rel}","templated":true}]}}