{"id":34029,"date":"2022-10-28T19:45:20","date_gmt":"2022-10-28T16:45:20","guid":{"rendered":"https:\/\/hookahshop.lt\/?post_type=product&#038;p=34029"},"modified":"2026-04-17T23:29:50","modified_gmt":"2026-04-17T20:29:50","slug":"stikline-vandens-pypke-clear-31cm","status":"publish","type":"product","link":"https:\/\/hookahshop.lt\/lv\/produkt\/stikls-udens-caurule-dzidrs-31cm\/","title":{"rendered":"Stikla \u016bdens caurule Caursp\u012bd\u012bga 31cm"},"content":{"rendered":"<h2>Stikla \u016bdens caurule Caursp\u012bd\u012bga 31cm<\/h2>\n<p>Popul\u0101rais BREIT bongs, \u0161oreiz bez logotipa, parasts, izcila kvalit\u0101te ar ledus tapas, v\u0113sumu, kickhole un smagu stabilu pamatni.<\/p>\n<p><strong>Specifik\u0101cijas:<\/strong><br \/>\nDiametrs: 45 mm<br \/>\nGarums: 310 mm<br \/>\nKr\u0101sa: caursp\u012bd\u012bga<br \/>\nCaurules tips: 18,8 mm<br \/>\nMateri\u0101ls: Stikls<\/p>\n<p>Vai jums ir k\u0101di jaut\u0101jumi? Sazinies ar mums\u00a0<a href=\"https:\/\/hookahshop.lt\/lv\/kontaktiem\/\">kontaktu lapa<\/a>\u00a0vai rakstiet mums pa e-pastu\u00a0<a href=\"https:\/\/facebook.com\/HookahShop.lt\/\" target=\"_blank\" rel=\"noopener noreferrer\">Facebook konts<\/a>\u00a0un m\u0113s atbild\u0113sim uz j\u016bsu piepras\u012bjumu taj\u0101 pa\u0161\u0101 dien\u0101.<\/p>","protected":false},"excerpt":{"rendered":"<p>Stikla \u016bdens caurule Caursp\u012bd\u012bgs 31cm Popul\u0101rs BREIT bongs, \u0161oreiz bez logotipa, regul\u0101rs, izcila kvalit\u0101te ar ledus tapas, v\u0113sumu, kickhole un smagu stabilu pamatni. Specifik\u0101cijas: Diametrs: 45mm Garums: 310mm Kr\u0101sa: Caursp\u012bd\u012bgas caurules tips: 18.8mm Materi\u0101ls: Stikls Jaut\u0101jumi? Sazinieties ar mums kontaktu lap\u0101 vai rakstiet mums uz m\u016bsu Facebook kontu, un m\u0113s atbild\u0113sim uz j\u016bsu piepras\u012bjumu [\u2026]<\/p>","protected":false},"featured_media":34030,"comment_status":"open","ping_status":"closed","template":"","meta":[],"_links":{"self":[{"href":"https:\/\/hookahshop.lt\/lv\/wp-json\/wp\/v2\/product\/34029"}],"collection":[{"href":"https:\/\/hookahshop.lt\/lv\/wp-json\/wp\/v2\/product"}],"about":[{"href":"https:\/\/hookahshop.lt\/lv\/wp-json\/wp\/v2\/types\/product"}],"replies":[{"embeddable":true,"href":"https:\/\/hookahshop.lt\/lv\/wp-json\/wp\/v2\/comments?post=34029"}],"version-history":[{"count":3,"href":"https:\/\/hookahshop.lt\/lv\/wp-json\/wp\/v2\/product\/34029\/revisions"}],"predecessor-version":[{"id":37557,"href":"https:\/\/hookahshop.lt\/lv\/wp-json\/wp\/v2\/product\/34029\/revisions\/37557"}],"wp:featuredmedia":[{"embeddable":true,"href":"https:\/\/hookahshop.lt\/lv\/wp-json\/wp\/v2\/media\/34030"}],"wp:attachment":[{"href":"https:\/\/hookahshop.lt\/lv\/wp-json\/wp\/v2\/media?parent=34029"}],"curies":[{"name":"wp","href":"https:\/\/api.w.org\/{rel}","templated":true}]}}