{"id":34036,"date":"2022-10-28T19:48:01","date_gmt":"2022-10-28T16:48:01","guid":{"rendered":"https:\/\/hookahshop.lt\/?post_type=product&#038;p=34036"},"modified":"2026-04-14T23:29:33","modified_gmt":"2026-04-14T20:29:33","slug":"stikline-vandens-pypke-gray-18cm","status":"publish","type":"product","link":"https:\/\/hookahshop.lt\/lv\/produkt\/stikls-udens-pipe-peleks-21cm\/","title":{"rendered":"Stikla \u016bdens caurule Pel\u0113ka 18cm"},"content":{"rendered":"<h2>Stikla \u016bdens caurule Pel\u0113ka 18cm<\/h2>\n<p>Ball\u012btei vai silt\u0101m dien\u0101m \u0101r\u0101: Icebong mini ir mazs, \u0113rts, un to var n\u0113s\u0101t katr\u0101 rokassomi\u0146\u0101! \u0160is burbulis ir ar\u012b \u013coti funkcion\u0101ls ar kickhole un trim ledus iegriezumiem. Lielisks bongs ce\u013cojumiem.<\/p>\n<p><strong>Specifik\u0101cijas:<\/strong><\/p>\n<p>Diametrs: 68\/28 mm<br \/>\nGarums: 180 mm<br \/>\nKr\u0101sa: dzidra\/pel\u0113ka<br \/>\nCaurules tips: 14,5 mm<br \/>\nMateri\u0101ls: borosilik\u0101ta stikls<\/p>\n<p>Vai jums ir k\u0101di jaut\u0101jumi? Sazinies ar mums\u00a0<a href=\"https:\/\/hookahshop.lt\/lv\/kontaktiem\/\">kontaktu lapa<\/a>\u00a0vai rakstiet mums pa e-pastu\u00a0<a href=\"https:\/\/facebook.com\/HookahShop.lt\/\" target=\"_blank\" rel=\"noopener noreferrer\">Facebook konts<\/a>\u00a0un m\u0113s atbild\u0113sim uz j\u016bsu piepras\u012bjumu taj\u0101 pa\u0161\u0101 dien\u0101.<\/p>","protected":false},"excerpt":{"rendered":"<p>Stikla \u016bdensp\u012bpe Pel\u0113ka 18cm Ball\u012btei vai silt\u0101m dien\u0101m br\u012bv\u0101 dab\u0101: Icebong mini ir mazs, \u0113rts un to var n\u0113s\u0101t l\u012bdzi katr\u0101 som\u0101! Ar ledus atveri un trim ledus spraug\u0101m \u0161is burbu\u013cot\u0101js ir ar\u012b \u013coti funkcion\u0101ls. Lielisks bongs ce\u013cojumiem. Specifik\u0101cijas: Diametrs: 68\/28 mm Garums: 180 mm Kr\u0101sa: Caursp\u012bd\u012bga\/pel\u0113ka Caurules tips: 14,5 mm Materi\u0101ls: Borsilik\u0101ta stikls [\u2026]<\/p>","protected":false},"featured_media":41365,"comment_status":"open","ping_status":"closed","template":"","meta":[],"_links":{"self":[{"href":"https:\/\/hookahshop.lt\/lv\/wp-json\/wp\/v2\/product\/34036"}],"collection":[{"href":"https:\/\/hookahshop.lt\/lv\/wp-json\/wp\/v2\/product"}],"about":[{"href":"https:\/\/hookahshop.lt\/lv\/wp-json\/wp\/v2\/types\/product"}],"replies":[{"embeddable":true,"href":"https:\/\/hookahshop.lt\/lv\/wp-json\/wp\/v2\/comments?post=34036"}],"version-history":[{"count":4,"href":"https:\/\/hookahshop.lt\/lv\/wp-json\/wp\/v2\/product\/34036\/revisions"}],"predecessor-version":[{"id":34059,"href":"https:\/\/hookahshop.lt\/lv\/wp-json\/wp\/v2\/product\/34036\/revisions\/34059"}],"wp:featuredmedia":[{"embeddable":true,"href":"https:\/\/hookahshop.lt\/lv\/wp-json\/wp\/v2\/media\/41365"}],"wp:attachment":[{"href":"https:\/\/hookahshop.lt\/lv\/wp-json\/wp\/v2\/media?parent=34036"}],"curies":[{"name":"wp","href":"https:\/\/api.w.org\/{rel}","templated":true}]}}