{"id":34040,"date":"2022-10-28T19:51:01","date_gmt":"2022-10-28T16:51:01","guid":{"rendered":"https:\/\/hookahshop.lt\/?post_type=product&#038;p=34040"},"modified":"2026-04-17T23:29:50","modified_gmt":"2026-04-17T20:29:50","slug":"stikline-vandens-pypke-matt-black-21cm","status":"publish","type":"product","link":"https:\/\/hookahshop.lt\/lv\/produkt\/stikls-udens-pipa-matets-melns-21cm\/","title":{"rendered":"Stikla \u016bdens caurule Matt Black 21cm"},"content":{"rendered":"<h2>Stikla \u016bdens caurule Matt Black 21cm<\/h2>\n<p>Mazs kr\u0101sains stikla bongs ar caursp\u012bd\u012bgiem \u0161\u0137\u0113rsgriezumiem.<\/p>\n<p><strong>Specifik\u0101cijas:<\/strong><\/p>\n<p>Diametrs: 70\/22 mm<br \/>\nGarums: 210 mm<br \/>\nKr\u0101sa: caursp\u012bd\u012bga\/melns mat\u0113ts<br \/>\nCaurules tips: 14,5 mm<br \/>\nMateri\u0101ls: borosilik\u0101ta stikls<\/p>\n<p>Vai jums ir k\u0101di jaut\u0101jumi? Sazinies ar mums\u00a0<a href=\"https:\/\/hookahshop.lt\/lv\/kontaktiem\/\">kontaktu lapa<\/a>\u00a0vai rakstiet mums pa e-pastu\u00a0<a href=\"https:\/\/facebook.com\/HookahShop.lt\/\" target=\"_blank\" rel=\"noopener noreferrer\">Facebook konts<\/a>\u00a0un m\u0113s atbild\u0113sim uz j\u016bsu piepras\u012bjumu taj\u0101 pa\u0161\u0101 dien\u0101.<\/p>","protected":false},"excerpt":{"rendered":"<p>Stikla \u016bdens caurule Matt Black 21cm Mazs kr\u0101sains stikla bongs ar caursp\u012bd\u012bgiem \u0161\u0137\u0113rsgriezumiem. Specifik\u0101cijas: Diametrs: 70\/22mm Garums: 210mm Kr\u0101sa: Caursp\u012bd\u012bgs\/ Mat\u0113ts Melns Caurules veids: 14.5mm Materi\u0101ls: Borosilik\u0101ta stikls Jaut\u0101jumi? Sazinieties ar mums kontaktu lap\u0101 vai rakstiet mums uz m\u016bsu Facebook kontu un m\u0113s atbild\u0113sim uz j\u016bsu piepras\u012bjumu taj\u0101 pa\u0161\u0101 dien\u0101.<\/p>","protected":false},"featured_media":34032,"comment_status":"open","ping_status":"closed","template":"","meta":[],"_links":{"self":[{"href":"https:\/\/hookahshop.lt\/lv\/wp-json\/wp\/v2\/product\/34040"}],"collection":[{"href":"https:\/\/hookahshop.lt\/lv\/wp-json\/wp\/v2\/product"}],"about":[{"href":"https:\/\/hookahshop.lt\/lv\/wp-json\/wp\/v2\/types\/product"}],"replies":[{"embeddable":true,"href":"https:\/\/hookahshop.lt\/lv\/wp-json\/wp\/v2\/comments?post=34040"}],"version-history":[{"count":4,"href":"https:\/\/hookahshop.lt\/lv\/wp-json\/wp\/v2\/product\/34040\/revisions"}],"predecessor-version":[{"id":45366,"href":"https:\/\/hookahshop.lt\/lv\/wp-json\/wp\/v2\/product\/34040\/revisions\/45366"}],"wp:featuredmedia":[{"embeddable":true,"href":"https:\/\/hookahshop.lt\/lv\/wp-json\/wp\/v2\/media\/34032"}],"wp:attachment":[{"href":"https:\/\/hookahshop.lt\/lv\/wp-json\/wp\/v2\/media?parent=34040"}],"curies":[{"name":"wp","href":"https:\/\/api.w.org\/{rel}","templated":true}]}}