{"id":34043,"date":"2022-10-28T19:53:38","date_gmt":"2022-10-28T16:53:38","guid":{"rendered":"https:\/\/hookahshop.lt\/?post_type=product&#038;p=34043"},"modified":"2026-04-18T23:29:20","modified_gmt":"2026-04-18T20:29:20","slug":"stikline-vandens-pypke-mini-anonymous-21cm","status":"publish","type":"product","link":"https:\/\/hookahshop.lt\/lv\/produkt\/stikls-udens-pipe-mini-anonims-21cm\/","title":{"rendered":"Stikla \u016bdens caurule Mini Anonymous 21cm"},"content":{"rendered":"<h2>Stikla \u016bdens caurule Mini Anonymous 21cm<\/h2>\n<p>Mazs stikla bongs ar Anonymous maskas dizainu, lielisku kickhole un ledus iegriezumiem.<\/p>\n<p><strong>Specifik\u0101cijas:<\/strong><\/p>\n<p>Diametrs: 95\/40 mm<br \/>\nGarums: 210 mm<br \/>\nCaurules tips: 14,5 mm<br \/>\nMateri\u0101ls: borosilik\u0101ta stikls<\/p>\n<p>Vai jums ir k\u0101di jaut\u0101jumi? Sazinies ar mums\u00a0<a href=\"https:\/\/hookahshop.lt\/lv\/kontaktiem\/\">kontaktu lapa<\/a>\u00a0vai rakstiet mums pa e-pastu\u00a0<a href=\"https:\/\/facebook.com\/HookahShop.lt\/\" target=\"_blank\" rel=\"noopener noreferrer\">Facebook konts<\/a>\u00a0un m\u0113s atbild\u0113sim uz j\u016bsu piepras\u012bjumu taj\u0101 pa\u0161\u0101 dien\u0101.<\/p>","protected":false},"excerpt":{"rendered":"<p>Stikla \u016bdens caurule Mini Anonymous 21cm Mazs stikla bongs ar Anonymous maskas dizainu, lielisku kickhole un ledus iegriezumiem. Specifik\u0101cijas: Diametrs: 95\/40mm Garums: 210mm Caurules tips: 14.5mm Materi\u0101ls: Borosilik\u0101ta stikls Jaut\u0101jumi? Sazinieties ar mums kontaktu lap\u0101 vai rakstiet mums uz m\u016bsu Facebook kontu un m\u0113s atbild\u0113sim uz j\u016bsu piepras\u012bjumu taj\u0101 pa\u0161\u0101 dien\u0101.<\/p>","protected":false},"featured_media":34033,"comment_status":"open","ping_status":"closed","template":"","meta":[],"_links":{"self":[{"href":"https:\/\/hookahshop.lt\/lv\/wp-json\/wp\/v2\/product\/34043"}],"collection":[{"href":"https:\/\/hookahshop.lt\/lv\/wp-json\/wp\/v2\/product"}],"about":[{"href":"https:\/\/hookahshop.lt\/lv\/wp-json\/wp\/v2\/types\/product"}],"replies":[{"embeddable":true,"href":"https:\/\/hookahshop.lt\/lv\/wp-json\/wp\/v2\/comments?post=34043"}],"version-history":[{"count":3,"href":"https:\/\/hookahshop.lt\/lv\/wp-json\/wp\/v2\/product\/34043\/revisions"}],"predecessor-version":[{"id":40376,"href":"https:\/\/hookahshop.lt\/lv\/wp-json\/wp\/v2\/product\/34043\/revisions\/40376"}],"wp:featuredmedia":[{"embeddable":true,"href":"https:\/\/hookahshop.lt\/lv\/wp-json\/wp\/v2\/media\/34033"}],"wp:attachment":[{"href":"https:\/\/hookahshop.lt\/lv\/wp-json\/wp\/v2\/media?parent=34043"}],"curies":[{"name":"wp","href":"https:\/\/api.w.org\/{rel}","templated":true}]}}