{"id":34046,"date":"2022-10-28T19:59:55","date_gmt":"2022-10-28T16:59:55","guid":{"rendered":"https:\/\/hookahshop.lt\/?post_type=product&#038;p=34046"},"modified":"2026-04-14T23:29:33","modified_gmt":"2026-04-14T20:29:33","slug":"stikline-vandens-pypke-mini-black-18cm","status":"publish","type":"product","link":"https:\/\/hookahshop.lt\/lv\/produkt\/stikls-udens-caurule-mini-melns-18cm\/","title":{"rendered":"Stikla \u016bdens caurule Mini Black 18cm"},"content":{"rendered":"<h2>Stikla \u016bdens caurule Mini Black 18cm<\/h2>\n<p>Kompakts, mazs izm\u0113rs, lai to var\u0113tu n\u0113s\u0101t somi\u0146\u0101! Ar kickhole un trim ledus iegriezumiem \u0161is burbulis ir ar\u012b \u013coti funkcion\u0101ls. Ce\u013cojumu bong<\/p>\n<p><strong>Specifik\u0101cijas:<\/strong><\/p>\n<p>Diametrs: 65\/28 mm<br \/>\nGarums: 185 mm<br \/>\nKr\u0101sa: dzidra\/melna<br \/>\nCaurules tips: 14,5 mm<br \/>\nMateri\u0101ls: borosilik\u0101ta stikls<\/p>\n<p>Vai jums ir k\u0101di jaut\u0101jumi? Sazinies ar mums\u00a0<a href=\"https:\/\/hookahshop.lt\/lv\/kontaktiem\/\">kontaktu lapa<\/a>\u00a0vai rakstiet mums pa e-pastu\u00a0<a href=\"https:\/\/facebook.com\/HookahShop.lt\/\" target=\"_blank\" rel=\"noopener noreferrer\">Facebook konts<\/a>\u00a0un m\u0113s atbild\u0113sim uz j\u016bsu piepras\u012bjumu taj\u0101 pa\u0161\u0101 dien\u0101.<\/p>","protected":false},"excerpt":{"rendered":"<p>Stikla \u016bdensp\u012bpe Mini Black 18cm Kompakta, maza izm\u0113ra, lai to var\u0113tu n\u0113s\u0101t rokassomi\u0146\u0101! \u0160is burbulis ir ar\u012b \u013coti funkcion\u0101ls ar kickhole un trim ledus iegriezumiem. Travel Bong specifik\u0101cijas: Diametrs: 65\/28mm Garums: 185mm Kr\u0101sa: Skaidrs\/melns Caurules veids: 14.5mm Materi\u0101ls: Borosilik\u0101ta stikls Jaut\u0101jumi? Sazinieties ar mums kontaktu lap\u0101 vai rakstiet mums Facebook [...]<\/p>","protected":false},"featured_media":34047,"comment_status":"open","ping_status":"closed","template":"","meta":[],"_links":{"self":[{"href":"https:\/\/hookahshop.lt\/lv\/wp-json\/wp\/v2\/product\/34046"}],"collection":[{"href":"https:\/\/hookahshop.lt\/lv\/wp-json\/wp\/v2\/product"}],"about":[{"href":"https:\/\/hookahshop.lt\/lv\/wp-json\/wp\/v2\/types\/product"}],"replies":[{"embeddable":true,"href":"https:\/\/hookahshop.lt\/lv\/wp-json\/wp\/v2\/comments?post=34046"}],"version-history":[{"count":3,"href":"https:\/\/hookahshop.lt\/lv\/wp-json\/wp\/v2\/product\/34046\/revisions"}],"predecessor-version":[{"id":34056,"href":"https:\/\/hookahshop.lt\/lv\/wp-json\/wp\/v2\/product\/34046\/revisions\/34056"}],"wp:featuredmedia":[{"embeddable":true,"href":"https:\/\/hookahshop.lt\/lv\/wp-json\/wp\/v2\/media\/34047"}],"wp:attachment":[{"href":"https:\/\/hookahshop.lt\/lv\/wp-json\/wp\/v2\/media?parent=34046"}],"curies":[{"name":"wp","href":"https:\/\/api.w.org\/{rel}","templated":true}]}}