{"id":34081,"date":"2022-10-28T23:29:44","date_gmt":"2022-10-28T20:29:44","guid":{"rendered":"https:\/\/hookahshop.lt\/?post_type=product&#038;p=34081"},"modified":"2026-04-15T12:29:32","modified_gmt":"2026-04-15T09:29:32","slug":"stikline-vandens-pypke-percolator-black","status":"publish","type":"product","link":"https:\/\/hookahshop.lt\/lv\/produkt\/stikls-udens-caurule-perkolators-melns\/","title":{"rendered":"Stikla \u016bdens caurule Percolator Black 26cm"},"content":{"rendered":"<h2>Stikla \u016bdens caurule Percolator Black 26cm<\/h2>\n<p>L\u0113ts, bet sp\u0113c\u012bgs stikla bongs ir \u0113rt\u0101 futr\u0101l\u012b ar Ufo perkolatoru. Pateicoties tam un d\u016bmu ce\u013cam, kas ved pa apli cauri trim kamer\u0101m, d\u016bmi tiek labi atdzes\u0113ti un filtr\u0113ti. T\u0101 rezult\u0101t\u0101 tiek ieg\u016bta \u013coti maiga gar\u0161a. Turkl\u0101t aizsargs pret \u0161\u013cakat\u0101m nov\u0113r\u0161 nev\u0113lamu \u016bdens ieelpo\u0161anu.<\/p>\n<p><strong>Specifik\u0101cijas:<\/strong><\/p>\n<p>Diametrs: 50\/28 mm<br \/>\nGarums: 260 mm<br \/>\nKr\u0101sa: dzidra\/ melna<br \/>\nCaurules tips: 18,8 mm<br \/>\nMateri\u0101ls: borosilik\u0101ta stikls<\/p>\n<p>Vai jums ir k\u0101di jaut\u0101jumi? Sazinies ar mums\u00a0<a href=\"https:\/\/hookahshop.lt\/lv\/kontaktiem\/\">kontaktu lapa<\/a>\u00a0vai rakstiet mums pa e-pastu\u00a0<a href=\"https:\/\/facebook.com\/HookahShop.lt\/\" target=\"_blank\" rel=\"noopener noreferrer\">Facebook konts<\/a>\u00a0un m\u0113s atbild\u0113sim uz j\u016bsu piepras\u012bjumu taj\u0101 pa\u0161\u0101 dien\u0101.<\/p>","protected":false},"excerpt":{"rendered":"<p>Stikla \u016bdens caurule Percolator Black 26cm L\u0113ts, bet sp\u0113c\u012bgs stikla bongs ir \u0113rt\u0101 kast\u012bt\u0113 ar ufo perkolatoru. Pateicoties tam un d\u016bmu ce\u013cam, kas ved pa apli cauri trim kamer\u0101m, d\u016bmi tiek labi atdzes\u0113ti un filtr\u0113ti. T\u0101 rezult\u0101t\u0101 tiek ieg\u016bta \u013coti maiga gar\u0161a. Turkl\u0101t aizsargs pret \u0161\u013cakat\u0101m nov\u0113r\u0161 nev\u0113lamu \u016bdens ieelpo\u0161anu. Specifik\u0101cijas: Diametrs: 50\/28 mm Garums: 260 mm [\u2026]<\/p>","protected":false},"featured_media":34049,"comment_status":"open","ping_status":"closed","template":"","meta":[],"_links":{"self":[{"href":"https:\/\/hookahshop.lt\/lv\/wp-json\/wp\/v2\/product\/34081"}],"collection":[{"href":"https:\/\/hookahshop.lt\/lv\/wp-json\/wp\/v2\/product"}],"about":[{"href":"https:\/\/hookahshop.lt\/lv\/wp-json\/wp\/v2\/types\/product"}],"replies":[{"embeddable":true,"href":"https:\/\/hookahshop.lt\/lv\/wp-json\/wp\/v2\/comments?post=34081"}],"version-history":[{"count":4,"href":"https:\/\/hookahshop.lt\/lv\/wp-json\/wp\/v2\/product\/34081\/revisions"}],"predecessor-version":[{"id":35865,"href":"https:\/\/hookahshop.lt\/lv\/wp-json\/wp\/v2\/product\/34081\/revisions\/35865"}],"wp:featuredmedia":[{"embeddable":true,"href":"https:\/\/hookahshop.lt\/lv\/wp-json\/wp\/v2\/media\/34049"}],"wp:attachment":[{"href":"https:\/\/hookahshop.lt\/lv\/wp-json\/wp\/v2\/media?parent=34081"}],"curies":[{"name":"wp","href":"https:\/\/api.w.org\/{rel}","templated":true}]}}