{"id":34087,"date":"2022-10-29T16:39:31","date_gmt":"2022-10-29T13:39:31","guid":{"rendered":"https:\/\/hookahshop.lt\/?post_type=product&#038;p=34087"},"modified":"2026-04-14T23:29:32","modified_gmt":"2026-04-14T20:29:32","slug":"lentele-darkside-su-sakute-yla","status":"publish","type":"product","link":"https:\/\/hookahshop.lt\/lv\/produkt\/galds-tumss-ar-spaini-yla\/","title":{"rendered":"DARKSIDE galds ar dak\u0161i\u0146u un dak\u0161i\u0146u"},"content":{"rendered":"<h2>DARKSIDE galds ar dak\u0161i\u0146u un dak\u0161i\u0146u<\/h2>\n<p>Produkts \u016bdensp\u012bpes kr\u016bz\u012b\u0161u pagatavo\u0161anai. Pakl\u0101ji\u0146u galvenok\u0101rt izmanto, lai k\u0101rt\u012bgi sagatavotu \u016bdensp\u012bpes kr\u016bzes, neatst\u0101jot uz galda virsmas net\u012brumus. Vizu\u0101li darba d\u0113lis ir absol\u016bts uzman\u012bbu piesaisto\u0161s elements, kura nevajadz\u0113tu tr\u016bkt nevien\u0101 \u016bdensp\u012bpes b\u0101r\u0101 vai m\u0101j\u0101s. V\u0113l viens akcents ir tabakas dak\u0161a - yla, kas tiek d\u0101vin\u0101ta bez maksas! Tam ir magn\u0113tisks v\u0101ci\u0146\u0161, zem kura ir pasl\u0113pts \u0101\u0137is. Ar\u012b dak\u0161a tiek piestiprin\u0101ta pie d\u0113\u013ca ar magn\u0113ta pal\u012bdz\u012bbu.<\/p>\n<p><strong>Raksturojums:<\/strong><br \/>\nMateri\u0101ls: silikons<br \/>\nIzm\u0113ri: 30,8x20x8x0,5cm<br \/>\nPilns komplekts: firmas kaste, silikona d\u0113lis-pakl\u0101ji\u0146\u0161, dak\u0161as stienis<\/p>\n<p>Vai jums ir k\u0101di jaut\u0101jumi? Sazinies ar mums\u00a0<a href=\"https:\/\/hookahshop.lt\/lv\/kontaktiem\/\">kontaktu lapa<\/a>\u00a0vai rakstiet mums pa e-pastu\u00a0<a href=\"https:\/\/facebook.com\/HookahShop.lt\/\" target=\"_blank\" rel=\"noopener\">Facebook konts<\/a>\u00a0un m\u0113s atbild\u0113sim uz j\u016bsu piepras\u012bjumu taj\u0101 pa\u0161\u0101 dien\u0101.<\/p>","protected":false},"excerpt":{"rendered":"<p>Galds DARKSIDE ar dak\u0161i\u0146u Produkts \u016bdensp\u012bpes bri\u013c\u013cu pagatavo\u0161anai. Pakl\u0101ji\u0146u galvenok\u0101rt izmanto, lai k\u0101rt\u012bgi sagatavotu \u016bdensp\u012bpes kr\u016bzes, neatst\u0101jot uz galda virsmas net\u012brumus. Vizu\u0101li darba d\u0113lis ir absol\u016bts uzman\u012bbu piesaisto\u0161s elements, kura nevajadz\u0113tu tr\u016bkt nevien\u0101 \u016bdensp\u012bpes b\u0101r\u0101 vai m\u0101j\u0101s. V\u0113l viens akcents ir tabakas dak\u0161a - yla, kas tiek d\u0101vin\u0101ta bez maksas! Tam ir magn\u0113tisks v\u0101ci\u0146\u0161, zem kura pasl\u0113pts \u0101\u0137is. J\u0101 [\u2026]<\/p>","protected":false},"featured_media":34088,"comment_status":"open","ping_status":"closed","template":"","meta":[],"_links":{"self":[{"href":"https:\/\/hookahshop.lt\/lv\/wp-json\/wp\/v2\/product\/34087"}],"collection":[{"href":"https:\/\/hookahshop.lt\/lv\/wp-json\/wp\/v2\/product"}],"about":[{"href":"https:\/\/hookahshop.lt\/lv\/wp-json\/wp\/v2\/types\/product"}],"replies":[{"embeddable":true,"href":"https:\/\/hookahshop.lt\/lv\/wp-json\/wp\/v2\/comments?post=34087"}],"version-history":[{"count":4,"href":"https:\/\/hookahshop.lt\/lv\/wp-json\/wp\/v2\/product\/34087\/revisions"}],"predecessor-version":[{"id":43499,"href":"https:\/\/hookahshop.lt\/lv\/wp-json\/wp\/v2\/product\/34087\/revisions\/43499"}],"wp:featuredmedia":[{"embeddable":true,"href":"https:\/\/hookahshop.lt\/lv\/wp-json\/wp\/v2\/media\/34088"}],"wp:attachment":[{"href":"https:\/\/hookahshop.lt\/lv\/wp-json\/wp\/v2\/media?parent=34087"}],"curies":[{"name":"wp","href":"https:\/\/api.w.org\/{rel}","templated":true}]}}