{"id":34115,"date":"2022-10-31T15:12:23","date_gmt":"2022-10-31T13:12:23","guid":{"rendered":"https:\/\/hookahshop.lt\/?post_type=product&#038;p=34115"},"modified":"2026-04-14T23:29:33","modified_gmt":"2026-04-14T20:29:33","slug":"aktyviosios-anglies-filtrai-actitube-10vnt","status":"publish","type":"product","link":"https:\/\/hookahshop.lt\/lv\/produkt\/aktivas-ogles-filtri-aktutube-10gab\/","title":{"rendered":"Aktiv\u0113t\u0101s ogles filtri ACTITUBE 7mm 10 gab"},"content":{"rendered":"<h2>Aktiv\u0113t\u0101s ogles filtri ACTITUBE 7mm 10 gab<\/h2>\n<p>Pl\u0101na form\u0101ta akt\u012bv\u0101s ogles filtri ar keramikas v\u0101ci\u0146iem cigare\u0161u t\u012b\u0161anai un lieto\u0161anai ar atk\u0101rtoti lietojamiem filtriem, kas izgatavoti no stikla, koka, met\u0101la vai taml\u012bdz\u012bgi. Tie filtr\u0113 kait\u012bg\u0101s vielas un padara katru cigareti viegl\u0101ku.<\/p>\n<p>Iepakojum\u0101: 10 gab. 7 mm<\/p>\n<p>Vai jums ir k\u0101di jaut\u0101jumi? Sazinies ar mums\u00a0<a href=\"https:\/\/hookahshop.lt\/lv\/kontaktiem\/\">kontaktu lapa<\/a>\u00a0vai rakstiet mums pa e-pastu\u00a0<a href=\"https:\/\/facebook.com\/HookahShop.lt\/\" target=\"_blank\" rel=\"noopener noreferrer\">Facebook konts<\/a>\u00a0un m\u0113s atbild\u0113sim uz j\u016bsu piepras\u012bjumu taj\u0101 pa\u0161\u0101 dien\u0101.<\/p>","protected":false},"excerpt":{"rendered":"<p>Akt\u012bv\u0101s ogles filtri ACTITUBE 7mm 10gab Pl\u0101na form\u0101ta akt\u012bv\u0101s ogles filtri ar keramikas v\u0101ci\u0146iem cigare\u0161u t\u012b\u0161anai un lieto\u0161anai ar atk\u0101rtoti lietojamiem filtriem no stikla, koka, met\u0101la vai taml\u012bdz\u012bgi. Tie filtr\u0113 kait\u012bg\u0101s vielas un padara katru cigareti viegl\u0101ku. Iepakojum\u0101: 10 gab. 7mm Vai jums ir jaut\u0101jumi? Sazinieties ar mums kontaktu lap\u0101 vai rakstiet mums uz m\u016bsu Facebook kontu un m\u0113s atbild\u0113sim uz j\u016bsu [\u2026]<\/p>","protected":false},"featured_media":34116,"comment_status":"open","ping_status":"closed","template":"","meta":[],"_links":{"self":[{"href":"https:\/\/hookahshop.lt\/lv\/wp-json\/wp\/v2\/product\/34115"}],"collection":[{"href":"https:\/\/hookahshop.lt\/lv\/wp-json\/wp\/v2\/product"}],"about":[{"href":"https:\/\/hookahshop.lt\/lv\/wp-json\/wp\/v2\/types\/product"}],"replies":[{"embeddable":true,"href":"https:\/\/hookahshop.lt\/lv\/wp-json\/wp\/v2\/comments?post=34115"}],"version-history":[{"count":2,"href":"https:\/\/hookahshop.lt\/lv\/wp-json\/wp\/v2\/product\/34115\/revisions"}],"predecessor-version":[{"id":34243,"href":"https:\/\/hookahshop.lt\/lv\/wp-json\/wp\/v2\/product\/34115\/revisions\/34243"}],"wp:featuredmedia":[{"embeddable":true,"href":"https:\/\/hookahshop.lt\/lv\/wp-json\/wp\/v2\/media\/34116"}],"wp:attachment":[{"href":"https:\/\/hookahshop.lt\/lv\/wp-json\/wp\/v2\/media?parent=34115"}],"curies":[{"name":"wp","href":"https:\/\/api.w.org\/{rel}","templated":true}]}}