{"id":34119,"date":"2022-10-31T15:20:35","date_gmt":"2022-10-31T13:20:35","guid":{"rendered":"https:\/\/hookahshop.lt\/?post_type=product&#038;p=34119"},"modified":"2026-04-14T23:29:33","modified_gmt":"2026-04-14T20:29:33","slug":"pypkes-valiklis-15cm","status":"publish","type":"product","link":"https:\/\/hookahshop.lt\/lv\/produkt\/caurulu-tiritajs-15cm\/","title":{"rendered":"Cauru\u013cu t\u012br\u012bt\u0101js 15cm"},"content":{"rendered":"<h2>Cauru\u013cu t\u012br\u012bt\u0101js 15cm<\/h2>\n<p>Elast\u012bgs cauru\u013cu t\u012br\u012bt\u0101js. Lieliski piem\u0113rots cauru\u013cu t\u012br\u012b\u0161anai. Garums 15 cm. Piecas kr\u0101sas: dzeltena, sarkana, balta, zila, za\u013ca.<\/p>\n<p>Vai jums ir k\u0101di jaut\u0101jumi? Sazinies ar mums\u00a0<a href=\"https:\/\/hookahshop.lt\/lv\/kontaktiem\/\">kontaktu lapa<\/a>\u00a0vai rakstiet mums pa e-pastu\u00a0<a href=\"https:\/\/facebook.com\/HookahShop.lt\/\" target=\"_blank\" rel=\"noopener noreferrer\">Facebook konts<\/a>\u00a0un m\u0113s atbild\u0113sim uz j\u016bsu piepras\u012bjumu taj\u0101 pa\u0161\u0101 dien\u0101.<\/p>","protected":false},"excerpt":{"rendered":"<p>Cauru\u013cu t\u012br\u012bt\u0101js 15cm Elast\u012bgs cauru\u013cu t\u012br\u012bt\u0101js. Lieliski piem\u0113rots cauru\u013cu t\u012br\u012b\u0161anai. Garums 15 cm. Piecas kr\u0101sas: dzeltena, sarkana, balta, zila, za\u013ca. Vai jums ir k\u0101di jaut\u0101jumi? Sazinieties ar mums kontaktu lap\u0101 vai rakstiet mums uz m\u016bsu Facebook kontu un m\u0113s atbild\u0113sim uz j\u016bsu piepras\u012bjumu taj\u0101 pa\u0161\u0101 dien\u0101.<\/p>","protected":false},"featured_media":34120,"comment_status":"open","ping_status":"closed","template":"","meta":[],"_links":{"self":[{"href":"https:\/\/hookahshop.lt\/lv\/wp-json\/wp\/v2\/product\/34119"}],"collection":[{"href":"https:\/\/hookahshop.lt\/lv\/wp-json\/wp\/v2\/product"}],"about":[{"href":"https:\/\/hookahshop.lt\/lv\/wp-json\/wp\/v2\/types\/product"}],"replies":[{"embeddable":true,"href":"https:\/\/hookahshop.lt\/lv\/wp-json\/wp\/v2\/comments?post=34119"}],"version-history":[{"count":6,"href":"https:\/\/hookahshop.lt\/lv\/wp-json\/wp\/v2\/product\/34119\/revisions"}],"predecessor-version":[{"id":44650,"href":"https:\/\/hookahshop.lt\/lv\/wp-json\/wp\/v2\/product\/34119\/revisions\/44650"}],"wp:featuredmedia":[{"embeddable":true,"href":"https:\/\/hookahshop.lt\/lv\/wp-json\/wp\/v2\/media\/34120"}],"wp:attachment":[{"href":"https:\/\/hookahshop.lt\/lv\/wp-json\/wp\/v2\/media?parent=34119"}],"curies":[{"name":"wp","href":"https:\/\/api.w.org\/{rel}","templated":true}]}}