{"id":34124,"date":"2022-10-31T15:25:36","date_gmt":"2022-10-31T13:25:36","guid":{"rendered":"https:\/\/hookahshop.lt\/?post_type=product&#038;p=34124"},"modified":"2026-05-13T23:29:56","modified_gmt":"2026-05-13T20:29:56","slug":"smulkintuvas-akrilinis-black-leaf-60mm","status":"publish","type":"product","link":"https:\/\/hookahshop.lt\/lv\/produkt\/smalcinatajs-akrils-melna-lapa-60mm\/","title":{"rendered":"Akrila smalcin\u0101t\u0101js BLACK LEAF 60mm"},"content":{"rendered":"<h2>Akrila smalcin\u0101t\u0101js BLACK LEAF 60mm<\/h2>\n<p>Gar\u0161augu smalcin\u0101t\u0101js no akrila ar piram\u012bdas formas zobiem, magn\u0113tisku v\u0101ku un sl\u0113ptuvi.<\/p>\n<p><strong>Raksturlielumi<\/strong><br \/>\nDiametrs: 60 mm<br \/>\nGarums: 25 mm<br \/>\nKr\u0101sa: caursp\u012bd\u012bga<br \/>\nMateri\u0101ls: Akrils<\/p>\n<p>Vai jums ir k\u0101di jaut\u0101jumi? Sazinies ar mums\u00a0<a href=\"https:\/\/hookahshop.lt\/lv\/kontaktiem\/\">kontaktu lapa<\/a>\u00a0vai rakstiet mums pa e-pastu\u00a0<a href=\"https:\/\/facebook.com\/HookahShop.lt\/\" target=\"_blank\" rel=\"noopener noreferrer\">Facebook konts<\/a>\u00a0un m\u0113s atbild\u0113sim uz j\u016bsu piepras\u012bjumu taj\u0101 pa\u0161\u0101 dien\u0101.<\/p>","protected":false},"excerpt":{"rendered":"<p>Akrila smalcin\u0101t\u0101js BLACK LEAF 60mm Gar\u0161augu smalcin\u0101t\u0101js no akrila ar piram\u012bdas formas zobiem, magn\u0113tisku v\u0101ku un v\u0101ku. Raksturojums Diametrs: 60 mm Garums: 25 mm Kr\u0101sa: Caursp\u012bd\u012bgs Materi\u0101ls: Akrils Vai ir k\u0101di jaut\u0101jumi? Sazinieties ar mums kontaktu lap\u0101 vai rakstiet mums uz m\u016bsu Facebook kontu un m\u0113s atbild\u0113sim uz j\u016bsu piepras\u012bjumu taj\u0101 pa\u0161\u0101 dien\u0101.<\/p>","protected":false},"featured_media":34125,"comment_status":"open","ping_status":"closed","template":"","meta":[],"_links":{"self":[{"href":"https:\/\/hookahshop.lt\/lv\/wp-json\/wp\/v2\/product\/34124"}],"collection":[{"href":"https:\/\/hookahshop.lt\/lv\/wp-json\/wp\/v2\/product"}],"about":[{"href":"https:\/\/hookahshop.lt\/lv\/wp-json\/wp\/v2\/types\/product"}],"replies":[{"embeddable":true,"href":"https:\/\/hookahshop.lt\/lv\/wp-json\/wp\/v2\/comments?post=34124"}],"version-history":[{"count":5,"href":"https:\/\/hookahshop.lt\/lv\/wp-json\/wp\/v2\/product\/34124\/revisions"}],"predecessor-version":[{"id":42810,"href":"https:\/\/hookahshop.lt\/lv\/wp-json\/wp\/v2\/product\/34124\/revisions\/42810"}],"wp:featuredmedia":[{"embeddable":true,"href":"https:\/\/hookahshop.lt\/lv\/wp-json\/wp\/v2\/media\/34125"}],"wp:attachment":[{"href":"https:\/\/hookahshop.lt\/lv\/wp-json\/wp\/v2\/media?parent=34124"}],"curies":[{"name":"wp","href":"https:\/\/api.w.org\/{rel}","templated":true}]}}