{"id":34128,"date":"2022-10-31T15:35:49","date_gmt":"2022-10-31T13:35:49","guid":{"rendered":"https:\/\/hookahshop.lt\/?post_type=product&#038;p=34128"},"modified":"2026-04-17T23:29:50","modified_gmt":"2026-04-17T20:29:50","slug":"smulkintuvas-metalinis-black-leaf-black","status":"publish","type":"product","link":"https:\/\/hookahshop.lt\/lv\/produkt\/smalcinatajs-metals-melns-lapu-melns\/","title":{"rendered":"Met\u0101la smalcin\u0101t\u0101js BLACK LEAF Black 47mm"},"content":{"rendered":"<h2>Met\u0101la smalcin\u0101t\u0101js BLACK LEAF Black 47mm<\/h2>\n<p>\u010cetru da\u013cu alum\u012bnija sl\u012bpma\u0161\u012bna ar rombveida sl\u012bp\u0113\u0161anas zobiem un sietu, ir ar apak\u0161\u0113jo kameru ar noapa\u013cotiem st\u016briem un skr\u0101pi iek\u0161pus\u0113. V\u0101ku dro\u0161i notur magn\u0113ts. Neilona bl\u012bvgredzens garant\u0113 sl\u012bp\u0113\u0161anu bez nodiluma.<\/p>\n<p><strong>Specifik\u0101cijas:<\/strong><\/p>\n<p>Augstums: 36mm<br \/>\nDiametrs: 49\/47mm<br \/>\nKr\u0101sa: melna<br \/>\nMateri\u0101ls: Alum\u012bnijs<\/p>\n<p>Vai jums ir k\u0101di jaut\u0101jumi? Sazinies ar mums\u00a0<a href=\"https:\/\/hookahshop.lt\/lv\/kontaktiem\/\">kontaktu lapa<\/a>\u00a0vai rakstiet mums pa e-pastu\u00a0<a href=\"https:\/\/facebook.com\/HookahShop.lt\/\" target=\"_blank\" rel=\"noopener noreferrer\">Facebook konts<\/a>\u00a0un m\u0113s atbild\u0113sim uz j\u016bsu piepras\u012bjumu taj\u0101 pa\u0161\u0101 dien\u0101.<\/p>","protected":false},"excerpt":{"rendered":"<p>Met\u0101la sl\u012bpma\u0161\u012bna BLACK LEAF Black 47mm \u010cetru da\u013cu alum\u012bnija sl\u012bpma\u0161\u012bna ar rombveida sl\u012bp\u0113\u0161anas zobiem un sietu, ir apak\u0161\u0113j\u0101 kamera ar noapa\u013cotiem st\u016briem un skr\u0101pi iek\u0161pus\u0113. V\u0101ku dro\u0161i notur magn\u0113ts. Neilona bl\u012bvgredzens garant\u0113 sl\u012bp\u0113\u0161anu bez nodiluma. Specifik\u0101cijas: Augstums: 36mm Diametrs: 49\/47mm Kr\u0101sa: Melns Materi\u0101ls: Alum\u012bnijs Jaut\u0101jumi? Sazinieties ar mums kontaktu lap\u0101 vai rakstiet mums Facebook [\u2026]<\/p>","protected":false},"featured_media":34129,"comment_status":"open","ping_status":"closed","template":"","meta":[],"_links":{"self":[{"href":"https:\/\/hookahshop.lt\/lv\/wp-json\/wp\/v2\/product\/34128"}],"collection":[{"href":"https:\/\/hookahshop.lt\/lv\/wp-json\/wp\/v2\/product"}],"about":[{"href":"https:\/\/hookahshop.lt\/lv\/wp-json\/wp\/v2\/types\/product"}],"replies":[{"embeddable":true,"href":"https:\/\/hookahshop.lt\/lv\/wp-json\/wp\/v2\/comments?post=34128"}],"version-history":[{"count":5,"href":"https:\/\/hookahshop.lt\/lv\/wp-json\/wp\/v2\/product\/34128\/revisions"}],"predecessor-version":[{"id":44430,"href":"https:\/\/hookahshop.lt\/lv\/wp-json\/wp\/v2\/product\/34128\/revisions\/44430"}],"wp:featuredmedia":[{"embeddable":true,"href":"https:\/\/hookahshop.lt\/lv\/wp-json\/wp\/v2\/media\/34129"}],"wp:attachment":[{"href":"https:\/\/hookahshop.lt\/lv\/wp-json\/wp\/v2\/media?parent=34128"}],"curies":[{"name":"wp","href":"https:\/\/api.w.org\/{rel}","templated":true}]}}