{"id":34132,"date":"2022-10-31T15:42:36","date_gmt":"2022-10-31T13:42:36","guid":{"rendered":"https:\/\/hookahshop.lt\/?post_type=product&#038;p=34132"},"modified":"2026-04-20T23:29:30","modified_gmt":"2026-04-20T20:29:30","slug":"sepetelis-siauras-black-24cm","status":"publish","type":"product","link":"https:\/\/hookahshop.lt\/lv\/produkt\/sepetel-saurs-melns-24cm\/","title":{"rendered":"\u0160aura ota Melna 24cm"},"content":{"rendered":"<h2>\u0160aura ota Melna 24cm<\/h2>\n<p>Birste ar sariem, sav\u012btu rokturi un stieples cilpu. Otai ir gandr\u012bz 7,5 cm gari sari, t\u0101s diametrs ir gandr\u012bz 16 mm, un visas otas garums ir gandr\u012bz 24 cm.<\/p>\n<p>Vai jums ir k\u0101di jaut\u0101jumi? Sazinies ar mums\u00a0<a href=\"https:\/\/hookahshop.lt\/lv\/kontaktiem\/\">kontaktu lapa<\/a>\u00a0vai rakstiet mums pa e-pastu\u00a0<a href=\"https:\/\/facebook.com\/HookahShop.lt\/\" target=\"_blank\" rel=\"noopener noreferrer\">Facebook konts<\/a>\u00a0un m\u0113s atbild\u0113sim uz j\u016bsu piepras\u012bjumu taj\u0101 pa\u0161\u0101 dien\u0101.<\/p>","protected":false},"excerpt":{"rendered":"<p>Birste \u0161aura Melna 24cm Ota ar sariem, sav\u012btu rokturi un stieples cilpu. Otai ir gandr\u012bz 7,5 cm gari sari, t\u0101s diametrs ir gandr\u012bz 16 mm, un visas otas garums ir gandr\u012bz 24 cm. Vai jums ir k\u0101di jaut\u0101jumi? Sazinieties ar mums kontaktu lap\u0101 vai rakstiet mums uz m\u016bsu Facebook kontu un m\u0113s atbild\u0113sim uz j\u016bsu piepras\u012bjumu taj\u0101 pa\u0161\u0101 dien\u0101.<\/p>","protected":false},"featured_media":34133,"comment_status":"open","ping_status":"closed","template":"","meta":[],"_links":{"self":[{"href":"https:\/\/hookahshop.lt\/lv\/wp-json\/wp\/v2\/product\/34132"}],"collection":[{"href":"https:\/\/hookahshop.lt\/lv\/wp-json\/wp\/v2\/product"}],"about":[{"href":"https:\/\/hookahshop.lt\/lv\/wp-json\/wp\/v2\/types\/product"}],"replies":[{"embeddable":true,"href":"https:\/\/hookahshop.lt\/lv\/wp-json\/wp\/v2\/comments?post=34132"}],"version-history":[{"count":3,"href":"https:\/\/hookahshop.lt\/lv\/wp-json\/wp\/v2\/product\/34132\/revisions"}],"predecessor-version":[{"id":36638,"href":"https:\/\/hookahshop.lt\/lv\/wp-json\/wp\/v2\/product\/34132\/revisions\/36638"}],"wp:featuredmedia":[{"embeddable":true,"href":"https:\/\/hookahshop.lt\/lv\/wp-json\/wp\/v2\/media\/34133"}],"wp:attachment":[{"href":"https:\/\/hookahshop.lt\/lv\/wp-json\/wp\/v2\/media?parent=34132"}],"curies":[{"name":"wp","href":"https:\/\/api.w.org\/{rel}","templated":true}]}}