{"id":34138,"date":"2022-10-31T15:45:18","date_gmt":"2022-10-31T13:45:18","guid":{"rendered":"https:\/\/hookahshop.lt\/?post_type=product&#038;p=34138"},"modified":"2026-04-14T23:29:33","modified_gmt":"2026-04-14T20:29:33","slug":"sepetelis-siauras-black-leaf-white-17cm","status":"publish","type":"product","link":"https:\/\/hookahshop.lt\/lv\/produkt\/sepetel-saura-melna-lapa-balta-17cm\/","title":{"rendered":"\u0160aura ota BLACK LEAF White 17cm"},"content":{"rendered":"<h2>\u0160aura ota BLACK LEAF White 17cm<\/h2>\n<p>\u0160\u012b 17,5\u00a0cm gar\u0101 met\u0101la stiep\u013cu suka ar neilona sariem un plastmasas galu ir lieliski piem\u0113rota p\u016bt\u0113ju, b\u013codu un, protams, p\u012bp\u0113\u0161anas p\u012bpju t\u012br\u012b\u0161anai.<\/p>\n<p>Vai jums ir k\u0101di jaut\u0101jumi? Sazinies ar mums\u00a0<a href=\"https:\/\/hookahshop.lt\/lv\/kontaktiem\/\">kontaktu lapa<\/a>\u00a0vai rakstiet mums pa e-pastu\u00a0<a href=\"https:\/\/facebook.com\/HookahShop.lt\/\" target=\"_blank\" rel=\"noopener noreferrer\">Facebook konts<\/a>\u00a0un m\u0113s atbild\u0113sim uz j\u016bsu piepras\u012bjumu taj\u0101 pa\u0161\u0101 dien\u0101.<\/p>","protected":false},"excerpt":{"rendered":"<p>Birste \u0161aura BLACK LEAF White 17cm \u0160\u012b ir 17,5 cm gara, met\u0101la stiep\u013cu birste ar neilona sariem un plastmasas galu, t\u0101p\u0113c lieliski piem\u0113rota p\u016bt\u0113ju, bong kr\u016bz\u012b\u0161u un, protams, p\u012bp\u0113\u0161anas p\u012bpju t\u012br\u012b\u0161anai. Vai jums ir k\u0101di jaut\u0101jumi? Sazinieties ar mums kontaktu lap\u0101 vai rakstiet mums Facebook, un m\u0113s atbild\u0113sim uz j\u016bsu piepras\u012bjumu taj\u0101 pa\u0161\u0101 dien\u0101.<\/p>","protected":false},"featured_media":34134,"comment_status":"open","ping_status":"closed","template":"","meta":[],"_links":{"self":[{"href":"https:\/\/hookahshop.lt\/lv\/wp-json\/wp\/v2\/product\/34138"}],"collection":[{"href":"https:\/\/hookahshop.lt\/lv\/wp-json\/wp\/v2\/product"}],"about":[{"href":"https:\/\/hookahshop.lt\/lv\/wp-json\/wp\/v2\/types\/product"}],"replies":[{"embeddable":true,"href":"https:\/\/hookahshop.lt\/lv\/wp-json\/wp\/v2\/comments?post=34138"}],"version-history":[{"count":3,"href":"https:\/\/hookahshop.lt\/lv\/wp-json\/wp\/v2\/product\/34138\/revisions"}],"predecessor-version":[{"id":34248,"href":"https:\/\/hookahshop.lt\/lv\/wp-json\/wp\/v2\/product\/34138\/revisions\/34248"}],"wp:featuredmedia":[{"embeddable":true,"href":"https:\/\/hookahshop.lt\/lv\/wp-json\/wp\/v2\/media\/34134"}],"wp:attachment":[{"href":"https:\/\/hookahshop.lt\/lv\/wp-json\/wp\/v2\/media?parent=34138"}],"curies":[{"name":"wp","href":"https:\/\/api.w.org\/{rel}","templated":true}]}}