{"id":34141,"date":"2022-10-31T15:49:18","date_gmt":"2022-10-31T13:49:18","guid":{"rendered":"https:\/\/hookahshop.lt\/?post_type=product&#038;p=34141"},"modified":"2026-04-20T23:29:30","modified_gmt":"2026-04-20T20:29:30","slug":"tinkliukai-black-leaf-12mm-3vnt","status":"publish","type":"product","link":"https:\/\/hookahshop.lt\/lv\/produkt\/tiklini-melna-lapa-12mm-3gab\/","title":{"rendered":"T\u012bkli BLACK LEAF 12mm 3gab"},"content":{"rendered":"<h2>T\u012bkli BLACK LEAF 12mm 3gab<\/h2>\n<p>Kvalitat\u012bvi &quot;Black Leaf&quot; karotes sieti\u0146i no ner\u016bs\u0113jo\u0161\u0101 t\u0113rauda ar diametru 12mm. Iepakots kast\u012bt\u0113 3 gab<\/p>\n<p>Vai jums ir k\u0101di jaut\u0101jumi? Sazinies ar mums\u00a0<a href=\"https:\/\/hookahshop.lt\/lv\/kontaktiem\/\">kontaktu lapa<\/a>\u00a0vai rakstiet mums pa e-pastu\u00a0<a href=\"https:\/\/facebook.com\/HookahShop.lt\/\" target=\"_blank\" rel=\"noopener noreferrer\">Facebook konts<\/a>\u00a0un m\u0113s atbild\u0113sim uz j\u016bsu piepras\u012bjumu taj\u0101 pa\u0161\u0101 dien\u0101.<\/p>","protected":false},"excerpt":{"rendered":"<p>Sieti\u0146i BLACK LEAF 12mm 3gab Kvalitat\u012bvi &quot;Black Leaf&quot; karotes sieti\u0146i no ner\u016bs\u0113jo\u0161\u0101 t\u0113rauda ar diametru 12mm. Iepakots kast\u0113 3 gab. Vai jums ir k\u0101di jaut\u0101jumi? Sazinieties ar mums kontaktu lap\u0101 vai rakstiet mums uz m\u016bsu Facebook kontu un m\u0113s atbild\u0113sim uz j\u016bsu piepras\u012bjumu taj\u0101 pa\u0161\u0101 dien\u0101.<\/p>","protected":false},"featured_media":34136,"comment_status":"open","ping_status":"closed","template":"","meta":[],"_links":{"self":[{"href":"https:\/\/hookahshop.lt\/lv\/wp-json\/wp\/v2\/product\/34141"}],"collection":[{"href":"https:\/\/hookahshop.lt\/lv\/wp-json\/wp\/v2\/product"}],"about":[{"href":"https:\/\/hookahshop.lt\/lv\/wp-json\/wp\/v2\/types\/product"}],"replies":[{"embeddable":true,"href":"https:\/\/hookahshop.lt\/lv\/wp-json\/wp\/v2\/comments?post=34141"}],"version-history":[{"count":3,"href":"https:\/\/hookahshop.lt\/lv\/wp-json\/wp\/v2\/product\/34141\/revisions"}],"predecessor-version":[{"id":34249,"href":"https:\/\/hookahshop.lt\/lv\/wp-json\/wp\/v2\/product\/34141\/revisions\/34249"}],"wp:featuredmedia":[{"embeddable":true,"href":"https:\/\/hookahshop.lt\/lv\/wp-json\/wp\/v2\/media\/34136"}],"wp:attachment":[{"href":"https:\/\/hookahshop.lt\/lv\/wp-json\/wp\/v2\/media?parent=34141"}],"curies":[{"name":"wp","href":"https:\/\/api.w.org\/{rel}","templated":true}]}}