{"id":34144,"date":"2022-10-31T15:54:43","date_gmt":"2022-10-31T13:54:43","guid":{"rendered":"https:\/\/hookahshop.lt\/?post_type=product&#038;p=34144"},"modified":"2026-04-15T12:29:33","modified_gmt":"2026-04-15T09:29:33","slug":"tinkliukas-black-leaf-15mm","status":"publish","type":"product","link":"https:\/\/hookahshop.lt\/lv\/produkt\/tikli-melna-lapa-15mm\/","title":{"rendered":"T\u012bkls MELN\u0100 LAPA 15mm"},"content":{"rendered":"<h2>T\u012bkls MELN\u0100 LAPA 15mm<\/h2>\n<p>Kvalitat\u012bvi karot\u012b\u0161u t\u012bkli no ner\u016bs\u0113jo\u0161\u0101 t\u0113rauda ar diametru 15 mm.<\/p>\n<p>Vai jums ir k\u0101di jaut\u0101jumi? Sazinies ar mums\u00a0<a href=\"https:\/\/hookahshop.lt\/lv\/kontaktiem\/\">kontaktu lapa<\/a>\u00a0vai rakstiet mums pa e-pastu\u00a0<a href=\"https:\/\/facebook.com\/HookahShop.lt\/\" target=\"_blank\" rel=\"noopener noreferrer\">Facebook konts<\/a>\u00a0un m\u0113s atbild\u0113sim uz j\u016bsu piepras\u012bjumu taj\u0101 pa\u0161\u0101 dien\u0101.<\/p>","protected":false},"excerpt":{"rendered":"<p>T\u012bkli\u0146\u0161 BLACK LEAF 15 mm Augstas kvalit\u0101tes karotes t\u012bkli\u0146\u0161 no ner\u016bs\u0113jo\u0161\u0101 t\u0113rauda, ar diametru 15 mm. Vai jums ir k\u0101di jaut\u0101jumi? Sazinieties ar mums kontaktlap\u0101 vai rakstiet mums Facebook, un m\u0113s atbild\u0113sim uz j\u016bsu piepras\u012bjumu taj\u0101 pa\u0161\u0101 dien\u0101.<\/p>","protected":false},"featured_media":34145,"comment_status":"open","ping_status":"closed","template":"","meta":[],"_links":{"self":[{"href":"https:\/\/hookahshop.lt\/lv\/wp-json\/wp\/v2\/product\/34144"}],"collection":[{"href":"https:\/\/hookahshop.lt\/lv\/wp-json\/wp\/v2\/product"}],"about":[{"href":"https:\/\/hookahshop.lt\/lv\/wp-json\/wp\/v2\/types\/product"}],"replies":[{"embeddable":true,"href":"https:\/\/hookahshop.lt\/lv\/wp-json\/wp\/v2\/comments?post=34144"}],"version-history":[{"count":6,"href":"https:\/\/hookahshop.lt\/lv\/wp-json\/wp\/v2\/product\/34144\/revisions"}],"predecessor-version":[{"id":44645,"href":"https:\/\/hookahshop.lt\/lv\/wp-json\/wp\/v2\/product\/34144\/revisions\/44645"}],"wp:featuredmedia":[{"embeddable":true,"href":"https:\/\/hookahshop.lt\/lv\/wp-json\/wp\/v2\/media\/34145"}],"wp:attachment":[{"href":"https:\/\/hookahshop.lt\/lv\/wp-json\/wp\/v2\/media?parent=34144"}],"curies":[{"name":"wp","href":"https:\/\/api.w.org\/{rel}","templated":true}]}}