{"id":34168,"date":"2022-10-31T16:57:50","date_gmt":"2022-10-31T14:57:50","guid":{"rendered":"https:\/\/hookahshop.lt\/?post_type=product&#038;p=34168"},"modified":"2026-04-15T12:29:32","modified_gmt":"2026-04-15T09:29:32","slug":"individualus-kaljano-kandiklis-moze-wave-purple","status":"publish","type":"product","link":"https:\/\/hookahshop.lt\/lv\/produkt\/custom-iemuti-moze-wave-violeta\/","title":{"rendered":"Individu\u0101ls \u016bdensp\u012bpes iemutnis MOZE Wave Purple"},"content":{"rendered":"<h2>Individu\u0101ls \u016bdensp\u012bpes iemutnis MOZE Wave Purple<\/h2>\n<p>Garant\u0113 jums higi\u0113nisku sm\u0113\u0137\u0113\u0161anas pieredzi. Katrs MOZE iemutnis ir unik\u0101ls, jo tas nekad nav vien\u0101ds epoks\u012bda sve\u0137u un kr\u0101su gradientu d\u0113\u013c. Izmantojot \u0161o iemuti, j\u016bs ne tikai izdar\u012bsiet kaut ko labu sev un savai higi\u0113nai, bet ar\u012b apk\u0101rt\u0113jai videi, jo iemuti p\u0113c sm\u0113\u0137\u0113\u0161anas netiek izmesti k\u0101 atsevi\u0161\u0137i vienreiz\u0113j\u0101s lieto\u0161anas iemuti.<\/p>\n<p>Vai jums ir k\u0101di jaut\u0101jumi? Sazinies ar mums\u00a0<a href=\"https:\/\/hookahshop.lt\/lv\/kontaktiem\/\">kontaktu lapa<\/a>\u00a0vai rakstiet mums pa e-pastu\u00a0<a href=\"https:\/\/facebook.com\/HookahShop.lt\/\" target=\"_blank\" rel=\"noopener noreferrer\">Facebook konts<\/a>\u00a0un m\u0113s atbild\u0113sim uz j\u016bsu piepras\u012bjumu taj\u0101 pa\u0161\u0101 dien\u0101.<\/p>","protected":false},"excerpt":{"rendered":"<p>Atsevi\u0161\u0137s \u016bdensp\u012bpes iemutnis MOZE Wave Purple garant\u0113 jums higi\u0113nisku sm\u0113\u0137\u0113\u0161anas pieredzi. Katrs MOZE iemutnis ir unik\u0101ls, jo tas nekad nav vien\u0101ds epoks\u012bda sve\u0137u un kr\u0101su gradientu d\u0113\u013c. Izmantojot \u0161o iemuti, j\u016bs ne tikai izdar\u012bsiet kaut ko labu sev un savai higi\u0113nai, bet ar\u012b apk\u0101rt\u0113jai videi, jo iemuti p\u0113c sm\u0113\u0137\u0113\u0161anas netiek izmesti k\u0101 atsevi\u0161\u0137i vienreiz\u0113j\u0101s lieto\u0161anas iemuti. Vai jums ir k\u0101di jaut\u0101jumi? [\u2026]<\/p>","protected":false},"featured_media":34169,"comment_status":"open","ping_status":"closed","template":"","meta":[],"_links":{"self":[{"href":"https:\/\/hookahshop.lt\/lv\/wp-json\/wp\/v2\/product\/34168"}],"collection":[{"href":"https:\/\/hookahshop.lt\/lv\/wp-json\/wp\/v2\/product"}],"about":[{"href":"https:\/\/hookahshop.lt\/lv\/wp-json\/wp\/v2\/types\/product"}],"replies":[{"embeddable":true,"href":"https:\/\/hookahshop.lt\/lv\/wp-json\/wp\/v2\/comments?post=34168"}],"version-history":[{"count":6,"href":"https:\/\/hookahshop.lt\/lv\/wp-json\/wp\/v2\/product\/34168\/revisions"}],"predecessor-version":[{"id":43985,"href":"https:\/\/hookahshop.lt\/lv\/wp-json\/wp\/v2\/product\/34168\/revisions\/43985"}],"wp:featuredmedia":[{"embeddable":true,"href":"https:\/\/hookahshop.lt\/lv\/wp-json\/wp\/v2\/media\/34169"}],"wp:attachment":[{"href":"https:\/\/hookahshop.lt\/lv\/wp-json\/wp\/v2\/media?parent=34168"}],"curies":[{"name":"wp","href":"https:\/\/api.w.org\/{rel}","templated":true}]}}