{"id":34183,"date":"2022-10-31T17:06:39","date_gmt":"2022-10-31T15:06:39","guid":{"rendered":"https:\/\/hookahshop.lt\/?post_type=product&#038;p=34183"},"modified":"2026-04-20T23:29:29","modified_gmt":"2026-04-20T20:29:29","slug":"individualus-kaljano-kandiklis-serp-pink","status":"publish","type":"product","link":"https:\/\/hookahshop.lt\/lv\/produkt\/individualais-iemutnis-serp-roza\/","title":{"rendered":"Individu\u0101ls \u016bdensp\u012bpes iemutnis SERP Pink"},"content":{"rendered":"<h2>Individu\u0101ls \u016bdensp\u012bpes iemutnis SERP Pink<\/h2>\n<p>Izgatavots no stabiliz\u0113ta augstas kvalit\u0101tes koka. \u0160is piel\u0101gotais iemutnis ir piem\u0113rots liel\u0101kajai da\u013cai iemu\u0161u, jo t\u0101 apak\u0161\u0101 ir silikona da\u013ca. \u0160\u012b produkta priek\u0161roc\u012bba ir t\u0101, ka to var mazg\u0101t ar \u016bdeni, t\u0101p\u0113c to var izmantot atk\u0101rtoti. Ir siksni\u0146a, ar kuru to var n\u0113s\u0101t ap kaklu.<\/p>\n<p>Vai jums ir k\u0101di jaut\u0101jumi? Sazinies ar mums\u00a0<a href=\"https:\/\/hookahshop.lt\/lv\/kontaktiem\/\">kontaktu lapa<\/a>\u00a0vai rakstiet mums pa e-pastu\u00a0<a href=\"https:\/\/facebook.com\/HookahShop.lt\/\" target=\"_blank\" rel=\"noopener noreferrer\">Facebook konts<\/a>\u00a0un m\u0113s atbild\u0113sim uz j\u016bsu piepras\u012bjumu taj\u0101 pa\u0161\u0101 dien\u0101.<\/p>","protected":false},"excerpt":{"rendered":"<p>Individu\u0101ls \u016bdensp\u012bpes iemuts SERP Pink Izgatavots no stabiliz\u0113ta augstas kvalit\u0101tes koka. \u0160is piel\u0101gotais iemutnis ir piem\u0113rots liel\u0101kajai da\u013cai iemu\u0161u, jo t\u0101 apak\u0161\u0101 ir silikona da\u013ca. \u0160\u012b produkta priek\u0161roc\u012bba ir t\u0101, ka to var mazg\u0101t ar \u016bdeni, t\u0101p\u0113c to var izmantot atk\u0101rtoti. Ir siksni\u0146a, ar kuru to var n\u0113s\u0101t ap kaklu. Vai jums ir k\u0101di jaut\u0101jumi? Sazinieties ar mums kontaktu lap\u0101 vai rakstiet [...]<\/p>","protected":false},"featured_media":34172,"comment_status":"open","ping_status":"closed","template":"","meta":[],"_links":{"self":[{"href":"https:\/\/hookahshop.lt\/lv\/wp-json\/wp\/v2\/product\/34183"}],"collection":[{"href":"https:\/\/hookahshop.lt\/lv\/wp-json\/wp\/v2\/product"}],"about":[{"href":"https:\/\/hookahshop.lt\/lv\/wp-json\/wp\/v2\/types\/product"}],"replies":[{"embeddable":true,"href":"https:\/\/hookahshop.lt\/lv\/wp-json\/wp\/v2\/comments?post=34183"}],"version-history":[{"count":4,"href":"https:\/\/hookahshop.lt\/lv\/wp-json\/wp\/v2\/product\/34183\/revisions"}],"predecessor-version":[{"id":34260,"href":"https:\/\/hookahshop.lt\/lv\/wp-json\/wp\/v2\/product\/34183\/revisions\/34260"}],"wp:featuredmedia":[{"embeddable":true,"href":"https:\/\/hookahshop.lt\/lv\/wp-json\/wp\/v2\/media\/34172"}],"wp:attachment":[{"href":"https:\/\/hookahshop.lt\/lv\/wp-json\/wp\/v2\/media?parent=34183"}],"curies":[{"name":"wp","href":"https:\/\/api.w.org\/{rel}","templated":true}]}}